{"id":1025,"date":"2015-12-17T16:17:12","date_gmt":"2015-12-17T15:17:12","guid":{"rendered":"http:\/\/tableauxdisparus.fr\/?page_id=1025"},"modified":"2017-03-29T10:03:04","modified_gmt":"2017-03-29T09:03:04","slug":"gericault-portrait-de-la-meuricoffre-en-tancrede","status":"publish","type":"page","link":"https:\/\/tableauxdisparus.fr\/?page_id=1025","title":{"rendered":"G\u00c9RICAULT, Th\u00e9odore (1791-1824)"},"content":{"rendered":"<h2><em>Portrait de la Meuricoffre en Tancr\u00e8de<\/em>, 1817<br \/>\nHuile sur toile, 54 x 64 cm<\/h2>\n<p>&nbsp;<\/p>\n<figure id=\"attachment_1005\" aria-describedby=\"caption-attachment-1005\" style=\"width: 337px\" class=\"wp-caption alignnone\"><a href=\"https:\/\/i0.wp.com\/tableauxdisparus.fr\/wp-content\/uploads\/2015\/12\/P1040929.jpg?ssl=1\" rel=\"attachment wp-att-1005\"><img data-recalc-dims=\"1\" loading=\"lazy\" decoding=\"async\" class=\"wp-image-1005\" src=\"https:\/\/i0.wp.com\/tableauxdisparus.fr\/wp-content\/uploads\/2015\/12\/P1040929.jpg?resize=337%2C449&#038;ssl=1\" alt=\"P1040929\" width=\"337\" height=\"449\" srcset=\"https:\/\/i0.wp.com\/tableauxdisparus.fr\/wp-content\/uploads\/2015\/12\/P1040929.jpg?resize=225%2C300&amp;ssl=1 225w, https:\/\/i0.wp.com\/tableauxdisparus.fr\/wp-content\/uploads\/2015\/12\/P1040929.jpg?w=240&amp;ssl=1 240w\" sizes=\"auto, (max-width: 337px) 100vw, 337px\" \/><\/a><figcaption id=\"caption-attachment-1005\" class=\"wp-caption-text\">Le tableau reconstitu\u00e9 repr\u00e9sentant la Meuricoffre.<\/figcaption><\/figure>\n<figure id=\"attachment_1001\" aria-describedby=\"caption-attachment-1001\" style=\"width: 254px\" class=\"wp-caption alignnone\"><a href=\"https:\/\/i0.wp.com\/tableauxdisparus.fr\/wp-content\/uploads\/2015\/12\/gericault-carabinier-rouen.jpg?ssl=1\" rel=\"attachment wp-att-1001\"><img data-recalc-dims=\"1\" loading=\"lazy\" decoding=\"async\" class=\"wp-image-1001 size-medium\" src=\"https:\/\/i0.wp.com\/tableauxdisparus.fr\/wp-content\/uploads\/2015\/12\/gericault-carabinier-rouen.jpg?resize=254%2C300&#038;ssl=1\" alt=\"gericault-carabinier-rouen\" width=\"254\" height=\"300\" srcset=\"https:\/\/i0.wp.com\/tableauxdisparus.fr\/wp-content\/uploads\/2015\/12\/gericault-carabinier-rouen.jpg?resize=254%2C300&amp;ssl=1 254w, https:\/\/i0.wp.com\/tableauxdisparus.fr\/wp-content\/uploads\/2015\/12\/gericault-carabinier-rouen.jpg?w=271&amp;ssl=1 271w\" sizes=\"auto, (max-width: 254px) 100vw, 254px\" \/><\/a><figcaption id=\"caption-attachment-1001\" class=\"wp-caption-text\">Le portrait du carabinier du mus\u00e9e de Caen.<\/figcaption><\/figure>\n<p style=\"text-align: justify;\">\u00a0\u00a0\u00a0\u00a0\u00a0 G\u00e9ricault aurait peint le portrait de la chanteuse C\u00e9leste Coltellini-Meuricoffre lors de son s\u00e9jour \u00e0 Rome en 1816-1817. Elle est figur\u00e9e ici dans le r\u00f4le de Tancr\u00e8de, un op\u00e9ra de Rossini cr\u00e9\u00e9 en 1813 et qui souleva l\u2019enthousiasme. Ce r\u00f4le-travesti de chevalier de Syracuse est toujours tenu par une femme, portant l\u2019armure.<\/p>\n<p style=\"text-align: justify;\">\u00a0\u00a0 \u00a0 Selon Adrien Goetz, dans son roman (<em>La dormeuse de Naples<\/em>, 2004), \u00ab Th\u00e9odore entreprit le portrait de la belle C\u00e9leste, il lui mit une cuirasse d\u2019officier de la vieille garde qui tra\u00eenait dans un placard avec la ferraille qui avait servi pour le Cuirassier bless\u00e9 quittant le feu et il d\u00e9cr\u00e9ta qu\u2019elle posait dans le r\u00f4le de Tancr\u00e8de, l\u2019un de ses succ\u00e8s, car elle excellait \u00e0 chanter Rossini. \u00bb G\u00e9ricault continua sa carri\u00e8re \u00e0 Paris. \u00ab <em>Quant au Portrait de la Meuricoffre en Tancr\u00e8de<\/em>, poursuit Adrien Goetz, <em>il existe toujours. Un jour de rage, au moment de rupture, Th\u00e9odore lui ajouta des moustaches, repl\u00e2tra le visage. C\u2019est l\u2019Officier de cuirassiers du mus\u00e9e de Rouen.<\/em> \u00bb<\/p>\n<p style=\"text-align: justify;\">\u00a0\u00a0\u00a0\u00a0\u00a0 L\u2019histoire est s\u00e9duisante. Cependant, un probl\u00e8me de date subsiste. Pour respecter la biographie de G\u00e9ricault, il faudrait admettre que le tableau de Rouen ait \u00e9t\u00e9 r\u00e9alis\u00e9 en 1819 et non en 1813 qui est la date propos\u00e9e par les historiens d\u2019art.<\/p>\n<p style=\"text-align: justify;\">\u00a0\u00a0\u00a0 Sur son lit d\u2019agonie, G\u00e9ricault a regard\u00e9 cette peinture jusqu\u2019\u00e0 son dernier souffle. Peut-\u00eatre lui rappelait-elle \u00e0 la fois la Meuricoffre et les tableaux \u00e0 sujet militaire qui lui valurent la notori\u00e9t\u00e9.<\/p>\n<p style=\"text-align: justify;\">\u00a0\u00a0\u00a0\u00a0 Nous avons pris un calque du Cuirassier en supprimant moustache et favori, et en affinant le menton. Restait \u00e0 transformer la chevelure masculine en lui substituant une chevelure f\u00e9minine d\u2019\u00e9poque. Nous retrouvions le visage \u00e0 la beaut\u00e9 fan\u00e9e de la chanteuse alors \u00e2g\u00e9e de 57 ans. Restait \u00e0 supprimer le cheval. Mais le rythme g\u00e9n\u00e9ral qui anime le tableau impose cette courbe. La forme des nuages pouvait remplir cette fonction. Ce <em>Portrait de la Meuricoffre<\/em> est alors un bel exemple de tableau d\u00e9truit par son auteur pour en r\u00e9aliser un autre.<\/p>\n<p style=\"text-align: right;\">(c) Daniel Lagoutte<\/p>\n","protected":false},"excerpt":{"rendered":"<p>Portrait de la Meuricoffre en Tancr\u00e8de, 1817 Huile sur toile, 54 x 64 cm &nbsp; \u00a0\u00a0\u00a0\u00a0\u00a0 G\u00e9ricault aurait peint le portrait de la chanteuse C\u00e9leste Coltellini-Meuricoffre lors de son s\u00e9jour \u00e0 Rome en 1816-1817. Elle est figur\u00e9e ici dans le r\u00f4le de Tancr\u00e8de, un op\u00e9ra de Rossini cr\u00e9\u00e9 en 1813 et qui souleva l\u2019enthousiasme. Ce &hellip; <a href=\"https:\/\/tableauxdisparus.fr\/?page_id=1025\" class=\"more-link\">Continuer la lecture de <span class=\"screen-reader-text\">G\u00c9RICAULT, Th\u00e9odore (1791-1824)<\/span><\/a><\/p>\n","protected":false},"author":2,"featured_media":0,"parent":0,"menu_order":0,"comment_status":"closed","ping_status":"closed","template":"","meta":{"footnotes":""},"class_list":["post-1025","page","type-page","status-publish","hentry"],"jetpack_sharing_enabled":true,"_links":{"self":[{"href":"https:\/\/tableauxdisparus.fr\/index.php?rest_route=\/wp\/v2\/pages\/1025","targetHints":{"allow":["GET"]}}],"collection":[{"href":"https:\/\/tableauxdisparus.fr\/index.php?rest_route=\/wp\/v2\/pages"}],"about":[{"href":"https:\/\/tableauxdisparus.fr\/index.php?rest_route=\/wp\/v2\/types\/page"}],"author":[{"embeddable":true,"href":"https:\/\/tableauxdisparus.fr\/index.php?rest_route=\/wp\/v2\/users\/2"}],"replies":[{"embeddable":true,"href":"https:\/\/tableauxdisparus.fr\/index.php?rest_route=%2Fwp%2Fv2%2Fcomments&post=1025"}],"version-history":[{"count":12,"href":"https:\/\/tableauxdisparus.fr\/index.php?rest_route=\/wp\/v2\/pages\/1025\/revisions"}],"predecessor-version":[{"id":1664,"href":"https:\/\/tableauxdisparus.fr\/index.php?rest_route=\/wp\/v2\/pages\/1025\/revisions\/1664"}],"wp:attachment":[{"href":"https:\/\/tableauxdisparus.fr\/index.php?rest_route=%2Fwp%2Fv2%2Fmedia&parent=1025"}],"curies":[{"name":"wp","href":"https:\/\/api.w.org\/{rel}","templated":true}]}}