{"id":1035,"date":"2015-12-17T16:45:06","date_gmt":"2015-12-17T15:45:06","guid":{"rendered":"http:\/\/tableauxdisparus.fr\/?page_id=1035"},"modified":"2016-12-12T13:41:50","modified_gmt":"2016-12-12T12:41:50","slug":"les-lutteurs","status":"publish","type":"page","link":"https:\/\/tableauxdisparus.fr\/?page_id=1035","title":{"rendered":"Van Gogh, Vincent (1853-1890)"},"content":{"rendered":"<h2><em>Les Lutteurs<\/em>, 1885-1886<br \/>\nHuile sur toile, 81 x 100 cm<\/h2>\n<p><a href=\"https:\/\/i0.wp.com\/tableauxdisparus.fr\/wp-content\/uploads\/2015\/12\/P1040932.jpg?ssl=1\" rel=\"attachment wp-att-1006\"><img data-recalc-dims=\"1\" loading=\"lazy\" decoding=\"async\" class=\"alignnone wp-image-1006\" src=\"https:\/\/i0.wp.com\/tableauxdisparus.fr\/wp-content\/uploads\/2015\/12\/P1040932.jpg?resize=414%2C338&#038;ssl=1\" alt=\"P1040932\" width=\"414\" height=\"338\" srcset=\"https:\/\/i0.wp.com\/tableauxdisparus.fr\/wp-content\/uploads\/2015\/12\/P1040932.jpg?resize=300%2C245&amp;ssl=1 300w, https:\/\/i0.wp.com\/tableauxdisparus.fr\/wp-content\/uploads\/2015\/12\/P1040932.jpg?w=320&amp;ssl=1 320w\" sizes=\"auto, (max-width: 414px) 100vw, 414px\" \/><\/a><\/p>\n<p style=\"text-align: justify;\">En 2008, un nouveau tableau de Van Gogh est r\u00e9apparu \u2026 sous une<em> Nature morte avec fleurs des champs et rose<\/em><em>s<\/em> dat\u00e9e de 1886, ceci gr\u00e2ce \u00e0 un examen de la peinture en utilisant les rayons X. Ce tableau d\u00e9truit repr\u00e9sente deux lutteurs s&rsquo;agrippant l&rsquo;un l&rsquo;autre. En janvier 1885, Van Gogh avait rejoint l&rsquo;Acad\u00e9mie d&rsquo;Anvers, o\u00f9 on lui avait alors sugg\u00e9r\u00e9 d&rsquo;utiliser de grandes toiles de 100 x 80 cm. Le 22 janvier 1885, Van Gogh \u00e9crit \u00e0 son fr\u00e8re Th\u00e9o qu&rsquo;il avait peint \u00ab\u00a0une grande chose avec deux torses nus, Les Lutteurs.\u00a0\u00bb Il se dit ravi de son travail. L\u2019intention de Van Gogh \u00e9tait de pr\u00e9senter cette toile aux professeurs de l\u2019Acad\u00e9mie dans l\u2019espoir d\u2019\u00eatre admis \u00e0 poursuivre ses \u00e9tudes de peinture. L\u2019attente fut d\u00e9\u00e7ue. Un an plus tard, sans doute par d\u00e9pit, le peintre recouvrait l\u2019image des lutteurs pour r\u00e9aliser une nature morte.<\/p>\n<p><figure id=\"attachment_1002\" aria-describedby=\"caption-attachment-1002\" style=\"width: 245px\" class=\"wp-caption alignnone\"><a href=\"https:\/\/i0.wp.com\/tableauxdisparus.fr\/wp-content\/uploads\/2015\/12\/Nouveau-taleau-de-Van-Gogh_thumb1.jpg?ssl=1\" rel=\"attachment wp-att-1002\"><img data-recalc-dims=\"1\" loading=\"lazy\" decoding=\"async\" class=\"wp-image-1002 size-medium\" src=\"https:\/\/i0.wp.com\/tableauxdisparus.fr\/wp-content\/uploads\/2015\/12\/Nouveau-taleau-de-Van-Gogh_thumb1.jpg?resize=245%2C300&#038;ssl=1\" alt=\"Nouveau taleau de Van Gogh_thumb[1]\" width=\"245\" height=\"300\" srcset=\"https:\/\/i0.wp.com\/tableauxdisparus.fr\/wp-content\/uploads\/2015\/12\/Nouveau-taleau-de-Van-Gogh_thumb1.jpg?resize=245%2C300&amp;ssl=1 245w, https:\/\/i0.wp.com\/tableauxdisparus.fr\/wp-content\/uploads\/2015\/12\/Nouveau-taleau-de-Van-Gogh_thumb1.jpg?w=261&amp;ssl=1 261w\" sizes=\"auto, (max-width: 245px) 100vw, 245px\" \/><\/a><figcaption id=\"caption-attachment-1002\" class=\"wp-caption-text\">Cette <em>Nature morte avec fleurs des champs et roses<\/em> recouvrait la repr\u00e9sentation des Lutteurs.<\/figcaption><\/figure>\u00a0\u00a0 \u00a0\u00a0\u00a0\u00a0\u00a0 Comme Van Gogh, \u00e0 l\u2019\u00e9poque dite de Nuemen, nous avons construit le tableau \u00e0 partir de valeurs fonc\u00e9es vers les plus claires, soutenues par un dessin au style brut et sans raffinement, caract\u00e9ristiques de sa mani\u00e8re de peindre. La palette comprend les couleurs suivantes : Noir, Terre de Cassel, Bleu de Prusse, Vermillon, Jaune de chrome, Terre de Sienne br\u00fbl\u00e9e, Ocre jaune, Ocre rouge, Blanc. Comme Van Gogh, on a m\u00e9lang\u00e9 les couleurs orang\u00e9es \u00e0 divers pigments bleus, jaunes et rouges pour cr\u00e9er des nuances sombres. On fait jouer les compl\u00e9mentaires : orange\/bleu. Mais le tableau doit rester dans la tradition acad\u00e9mique, pas d\u2019emp\u00e2tements intempestifs, respect de l\u2019anatomie des corps.<\/p>\n<p><a href=\"https:\/\/i0.wp.com\/tableauxdisparus.fr\/wp-content\/uploads\/2015\/12\/Original-Les-Lutteurs3.jpg?ssl=1\" rel=\"attachment wp-att-1003\"><img data-recalc-dims=\"1\" loading=\"lazy\" decoding=\"async\" class=\"wp-caption-dd\" src=\"https:\/\/i0.wp.com\/tableauxdisparus.fr\/wp-content\/uploads\/2015\/12\/Original-Les-Lutteurs3.jpg?resize=300%2C200&#038;ssl=1\" alt=\"Original Les Lutteurs[3]\" width=\"300\" height=\"200\" \/><\/a><\/p>\n<p>Document de travail : ce qu\u2019a r\u00e9v\u00e9l\u00e9 la radiographie.<\/p>\n<p style=\"text-align: right;\">(c) Daniel Lagoutte<\/p>\n","protected":false},"excerpt":{"rendered":"<p>Les Lutteurs, 1885-1886 Huile sur toile, 81 x 100 cm En 2008, un nouveau tableau de Van Gogh est r\u00e9apparu \u2026 sous une Nature morte avec fleurs des champs et roses dat\u00e9e de 1886, ceci gr\u00e2ce \u00e0 un examen de la peinture en utilisant les rayons X. Ce tableau d\u00e9truit repr\u00e9sente deux lutteurs s&rsquo;agrippant l&rsquo;un &hellip; <a href=\"https:\/\/tableauxdisparus.fr\/?page_id=1035\" class=\"more-link\">Continuer la lecture de <span class=\"screen-reader-text\">Van Gogh, Vincent (1853-1890)<\/span><\/a><\/p>\n","protected":false},"author":2,"featured_media":0,"parent":0,"menu_order":0,"comment_status":"closed","ping_status":"closed","template":"","meta":{"footnotes":""},"class_list":["post-1035","page","type-page","status-publish","hentry"],"jetpack_sharing_enabled":true,"_links":{"self":[{"href":"https:\/\/tableauxdisparus.fr\/index.php?rest_route=\/wp\/v2\/pages\/1035","targetHints":{"allow":["GET"]}}],"collection":[{"href":"https:\/\/tableauxdisparus.fr\/index.php?rest_route=\/wp\/v2\/pages"}],"about":[{"href":"https:\/\/tableauxdisparus.fr\/index.php?rest_route=\/wp\/v2\/types\/page"}],"author":[{"embeddable":true,"href":"https:\/\/tableauxdisparus.fr\/index.php?rest_route=\/wp\/v2\/users\/2"}],"replies":[{"embeddable":true,"href":"https:\/\/tableauxdisparus.fr\/index.php?rest_route=%2Fwp%2Fv2%2Fcomments&post=1035"}],"version-history":[{"count":4,"href":"https:\/\/tableauxdisparus.fr\/index.php?rest_route=\/wp\/v2\/pages\/1035\/revisions"}],"predecessor-version":[{"id":1511,"href":"https:\/\/tableauxdisparus.fr\/index.php?rest_route=\/wp\/v2\/pages\/1035\/revisions\/1511"}],"wp:attachment":[{"href":"https:\/\/tableauxdisparus.fr\/index.php?rest_route=%2Fwp%2Fv2%2Fmedia&parent=1035"}],"curies":[{"name":"wp","href":"https:\/\/api.w.org\/{rel}","templated":true}]}}