{"id":104,"date":"2015-06-26T15:32:17","date_gmt":"2015-06-26T14:32:17","guid":{"rendered":"http:\/\/tableauxdetruits.fr\/?page_id=104"},"modified":"2016-12-12T13:47:21","modified_gmt":"2016-12-12T12:47:21","slug":"le-jardin-public-darles-septembre-1888-huile-sur-toile-74-x-82-cm","status":"publish","type":"page","link":"https:\/\/tableauxdisparus.fr\/?page_id=104","title":{"rendered":"Van Gogh, Vincent (1853-1890)"},"content":{"rendered":"<h2>\u00a0<em>Le jardin public d&rsquo;Arles<\/em>, septembre 1888, huile sur toile, 74 x 82 cm<\/h2>\n<figure id=\"attachment_727\" aria-describedby=\"caption-attachment-727\" style=\"width: 239px\" class=\"wp-caption alignnone\"><a href=\"https:\/\/i0.wp.com\/tableauxdisparus.fr\/wp-content\/uploads\/2015\/09\/DSC02115.jpg?ssl=1\"><img data-recalc-dims=\"1\" loading=\"lazy\" decoding=\"async\" class=\"wp-image-727 size-medium\" src=\"https:\/\/i0.wp.com\/tableauxdisparus.fr\/wp-content\/uploads\/2015\/09\/DSC02115.jpg?resize=239%2C300&#038;ssl=1\" alt=\"DSC02115\" width=\"239\" height=\"300\" srcset=\"https:\/\/i0.wp.com\/tableauxdisparus.fr\/wp-content\/uploads\/2015\/09\/DSC02115.jpg?resize=239%2C300&amp;ssl=1 239w, https:\/\/i0.wp.com\/tableauxdisparus.fr\/wp-content\/uploads\/2015\/09\/DSC02115.jpg?w=255&amp;ssl=1 255w\" sizes=\"auto, (max-width: 239px) 100vw, 239px\" \/><\/a><figcaption id=\"caption-attachment-727\" class=\"wp-caption-text\">Restitution du tableau disparu.<\/figcaption><\/figure>\n<p style=\"text-align: justify;\">\u00a0\u00a0\u00a0\u00a0\u00a0\u00a0 Vincent \u00e9crit \u00e0 son fr\u00e8re Th\u00e9o\u00a0: \u00ab\u00a0<em>Ce matin de bonne heure je t\u2019ai \u00e9crit, puis je suis all\u00e9 continuer un tableau de jardin ensoleill\u00e9. Puis je l\u2019ai rentr\u00e9 &#8211; et suis ressorti avec une toile blanche\u2026<\/em>\u00a0\u00bb \u00ab\u00a0\u2026 <em>un jardin naturellement vert, est peint sans vert proprement dit, rien qu\u2019avec du bleu de Prusse et du jaune de chrome<\/em>\u2026\u00a0\u00bb \u00ab\u00a0\u2026 <em>C\u2019est un jardin public o\u00f9 je suis, tout pr\u00e8s de la rue des bonnes petites femmes, et Mourier par exemple n\u2019y entrait gu\u00e8re lorsque, pourtant presque journellement, nous nous promenions dans ces jardins, mais de l\u2019autre c\u00f4t\u00e9 (il y en a 3). Mais tu comprends que juste cela donne un je ne sais quoi de Boccace \u00e0 l\u2019endroit. Ce c\u00f4t\u00e9-l\u00e0 du jardin est d\u2019ailleurs pour la m\u00eame raison de chastet\u00e9 ou de morale, d\u00e9garni d\u2019arbustes en fleur tel que le laurier-rose. C\u2019est des platanes communs, des sapins en buissons raides, un arbre pleureur et de l\u2019herbe verte. Mais c\u2019est d\u2019une intimit\u00e9. Il y a des jardins de Monet comme cela.<\/em> \u00bb (Lettre du 18 septembre 1888).<\/p>\n<p style=\"text-align: justify;\">\u00a0\u00a0\u00a0\u00a0\u00a0\u00a0\u00a0\u00a0\u00a0\u00a0 Ce tableau d\u00e9truit de la Collection Arnhold a br\u00fbl\u00e9 pendant la Seconde Guerre mondiale.<\/p>\n<p style=\"text-align: justify;\">\u00a0\u00a0\u00a0\u00a0\u00a0\u00a0\u00a0\u00a0\u00a0\u00a0\u00a0 Les tableaux de Van Gogh sont tactiles. Ils invitent \u00e0 \u00ab\u00a0brouter\u00a0\u00bb la surface picturale pour reprendre l\u2019expression utilis\u00e9e par Paul Klee. C\u2019est en ajoutant un jaune de Naples, \u00e0\u00a0partir du bas au centre vers le haut \u00e0 gauche, en suivant ensuite une courbe enveloppante vers la droite et le haut, que le tableau a enfin retrouv\u00e9 sa pl\u00e9nitude, invitant le regard \u00e0 le parcourir.<\/p>\n<figure id=\"attachment_224\" aria-describedby=\"caption-attachment-224\" style=\"width: 300px\" class=\"wp-caption alignnone\"><a href=\"https:\/\/i0.wp.com\/tableauxdisparus.fr\/wp-content\/uploads\/2015\/07\/P1040672.jpg?ssl=1\"><img data-recalc-dims=\"1\" loading=\"lazy\" decoding=\"async\" class=\"wp-image-224 size-medium\" src=\"https:\/\/i0.wp.com\/tableauxdisparus.fr\/wp-content\/uploads\/2015\/07\/P1040672.jpg?resize=300%2C225&#038;ssl=1\" alt=\"P1040672\" width=\"300\" height=\"225\" srcset=\"https:\/\/i0.wp.com\/tableauxdisparus.fr\/wp-content\/uploads\/2015\/07\/P1040672.jpg?resize=300%2C225&amp;ssl=1 300w, https:\/\/i0.wp.com\/tableauxdisparus.fr\/wp-content\/uploads\/2015\/07\/P1040672.jpg?w=320&amp;ssl=1 320w\" sizes=\"auto, (max-width: 300px) 100vw, 300px\" \/><\/a><figcaption id=\"caption-attachment-224\" class=\"wp-caption-text\">La villa de Hans Arnhold o\u00f9 fut conserv\u00e9 le tableau disparu \u00e0 Berlin durant la seconde guerre mondiale, avant de br\u00fbler.<\/figcaption><\/figure>\n<p style=\"text-align: right;\">(c) Daniel Lagoutte<\/p>\n<p>&nbsp;<\/p>\n","protected":false},"excerpt":{"rendered":"<p>\u00a0Le jardin public d&rsquo;Arles, septembre 1888, huile sur toile, 74 x 82 cm \u00a0\u00a0\u00a0\u00a0\u00a0\u00a0 Vincent \u00e9crit \u00e0 son fr\u00e8re Th\u00e9o\u00a0: \u00ab\u00a0Ce matin de bonne heure je t\u2019ai \u00e9crit, puis je suis all\u00e9 continuer un tableau de jardin ensoleill\u00e9. Puis je l\u2019ai rentr\u00e9 &#8211; et suis ressorti avec une toile blanche\u2026\u00a0\u00bb \u00ab\u00a0\u2026 un jardin naturellement vert, &hellip; <a href=\"https:\/\/tableauxdisparus.fr\/?page_id=104\" class=\"more-link\">Continuer la lecture de <span class=\"screen-reader-text\">Van Gogh, Vincent (1853-1890)<\/span><\/a><\/p>\n","protected":false},"author":2,"featured_media":0,"parent":0,"menu_order":0,"comment_status":"closed","ping_status":"closed","template":"","meta":{"footnotes":""},"class_list":["post-104","page","type-page","status-publish","hentry"],"jetpack_sharing_enabled":true,"_links":{"self":[{"href":"https:\/\/tableauxdisparus.fr\/index.php?rest_route=\/wp\/v2\/pages\/104","targetHints":{"allow":["GET"]}}],"collection":[{"href":"https:\/\/tableauxdisparus.fr\/index.php?rest_route=\/wp\/v2\/pages"}],"about":[{"href":"https:\/\/tableauxdisparus.fr\/index.php?rest_route=\/wp\/v2\/types\/page"}],"author":[{"embeddable":true,"href":"https:\/\/tableauxdisparus.fr\/index.php?rest_route=\/wp\/v2\/users\/2"}],"replies":[{"embeddable":true,"href":"https:\/\/tableauxdisparus.fr\/index.php?rest_route=%2Fwp%2Fv2%2Fcomments&post=104"}],"version-history":[{"count":20,"href":"https:\/\/tableauxdisparus.fr\/index.php?rest_route=\/wp\/v2\/pages\/104\/revisions"}],"predecessor-version":[{"id":1513,"href":"https:\/\/tableauxdisparus.fr\/index.php?rest_route=\/wp\/v2\/pages\/104\/revisions\/1513"}],"wp:attachment":[{"href":"https:\/\/tableauxdisparus.fr\/index.php?rest_route=%2Fwp%2Fv2%2Fmedia&parent=104"}],"curies":[{"name":"wp","href":"https:\/\/api.w.org\/{rel}","templated":true}]}}