{"id":1043,"date":"2015-12-18T11:29:16","date_gmt":"2015-12-18T10:29:16","guid":{"rendered":"http:\/\/tableauxdisparus.fr\/?page_id=1043"},"modified":"2016-12-12T12:04:53","modified_gmt":"2016-12-12T11:04:53","slug":"brauner-conglomers","status":"publish","type":"page","link":"https:\/\/tableauxdisparus.fr\/?page_id=1043","title":{"rendered":"Brauner, Victor (1903-1966)"},"content":{"rendered":"<h2><em>La rage des Conglomers<\/em>, 1941<br \/>\nHuile sur toile, 130 x 162 cm<\/h2>\n<p><a href=\"https:\/\/i0.wp.com\/tableauxdisparus.fr\/wp-content\/uploads\/2015\/12\/P1040936.jpg?ssl=1\" rel=\"attachment wp-att-1041\"><img data-recalc-dims=\"1\" loading=\"lazy\" decoding=\"async\" class=\"alignnone wp-image-1041\" src=\"https:\/\/i0.wp.com\/tableauxdisparus.fr\/wp-content\/uploads\/2015\/12\/P1040936.jpg?resize=378%2C299&#038;ssl=1\" alt=\"P1040936\" width=\"378\" height=\"299\" srcset=\"https:\/\/i0.wp.com\/tableauxdisparus.fr\/wp-content\/uploads\/2015\/12\/P1040936.jpg?resize=300%2C237&amp;ssl=1 300w, https:\/\/i0.wp.com\/tableauxdisparus.fr\/wp-content\/uploads\/2015\/12\/P1040936.jpg?w=320&amp;ssl=1 320w\" sizes=\"auto, (max-width: 378px) 100vw, 378px\" \/><\/a><\/p>\n<figure id=\"attachment_1042\" aria-describedby=\"caption-attachment-1042\" style=\"width: 300px\" class=\"wp-caption alignright\"><a href=\"https:\/\/i0.wp.com\/tableauxdisparus.fr\/wp-content\/uploads\/2015\/12\/Brauner.jpg?ssl=1\" rel=\"attachment wp-att-1042\"><img data-recalc-dims=\"1\" loading=\"lazy\" decoding=\"async\" class=\"wp-image-1042 size-medium\" src=\"https:\/\/i0.wp.com\/tableauxdisparus.fr\/wp-content\/uploads\/2015\/12\/Brauner.jpg?resize=300%2C242&#038;ssl=1\" alt=\"Brauner\" width=\"300\" height=\"242\" srcset=\"https:\/\/i0.wp.com\/tableauxdisparus.fr\/wp-content\/uploads\/2015\/12\/Brauner.jpg?resize=300%2C242&amp;ssl=1 300w, https:\/\/i0.wp.com\/tableauxdisparus.fr\/wp-content\/uploads\/2015\/12\/Brauner.jpg?w=320&amp;ssl=1 320w\" sizes=\"auto, (max-width: 300px) 100vw, 300px\" \/><\/a><figcaption id=\"caption-attachment-1042\" class=\"wp-caption-text\"><em>\u00a0\u00a0\u00a0\u00a0\u00a0\u00a0\u00a0\u00a0\u00a0\u00a0\u00a0\u00a0\u00a0\u00a0\u00a0\u00a0\u00a0\u00a0\u00a0\u00a0\u00a0\u00a0\u00a0\u00a0\u00a0\u00a0\u00a0 La Palladiste.<\/em><\/figcaption><\/figure>\n<p style=\"text-align: justify;\">Ce tableau a \u00e9t\u00e9 retrouv\u00e9 sous la couche picturale de <em>La Palladiste<\/em>, peinture r\u00e9alis\u00e9e en 1943. Un dessin conserv\u00e9 au Mus\u00e9e d\u2019art moderne de la Ville de Paris a permis de reconstitu\u00e9 une image de ce qu\u2019aurait pu \u00eatre le tableau que Brauner a renonc\u00e9 \u00e0 ex\u00e9cuter.<\/p>\n<p style=\"text-align: justify;\">Le motif des \u00ab Conglom\u00e9ros \u00bb a longuement retenu l\u2019attention de l\u2019artiste au d\u00e9but des ann\u00e9es 40. Il y applique le principe des dispecta membra, des membres \u00e9mergeant des diverses parties de corps qui sont en relation au sein d\u2019un syst\u00e8me ferm\u00e9. Ce conglom\u00e9rat de silhouettes \u00e9tranges provoque des tensions dynamiques, tout en restant stable. \u00ab <em>De la t\u00eate<\/em>, pr\u00e9cise Brauner, <em>se d\u00e9veloppent les autres \u00e9l\u00e9ments qui composent le conglom\u00e9ros. De la t\u00eate aussi, en outre, \u00e0 l\u2019endroit o\u00f9 s\u2019unissent les m\u00e2choires part la premi\u00e8re paire de mains qui sont les protectrices, et qui servent \u00e0 prendre un contact en premier comme des antennes<\/em> \u00bb.<\/p>\n<p style=\"text-align: justify;\">En 1945, le c\u00e9l\u00e8bre volume en pl\u00e2tre intitul\u00e9 Conglomeros constituera l\u2019aboutissement de ces recherches.<\/p>\n","protected":false},"excerpt":{"rendered":"<p>La rage des Conglomers, 1941 Huile sur toile, 130 x 162 cm Ce tableau a \u00e9t\u00e9 retrouv\u00e9 sous la couche picturale de La Palladiste, peinture r\u00e9alis\u00e9e en 1943. Un dessin conserv\u00e9 au Mus\u00e9e d\u2019art moderne de la Ville de Paris a permis de reconstitu\u00e9 une image de ce qu\u2019aurait pu \u00eatre le tableau que Brauner &hellip; <a href=\"https:\/\/tableauxdisparus.fr\/?page_id=1043\" class=\"more-link\">Continuer la lecture de <span class=\"screen-reader-text\">Brauner, Victor (1903-1966)<\/span><\/a><\/p>\n","protected":false},"author":2,"featured_media":0,"parent":0,"menu_order":0,"comment_status":"closed","ping_status":"closed","template":"","meta":{"footnotes":""},"class_list":["post-1043","page","type-page","status-publish","hentry"],"jetpack_sharing_enabled":true,"_links":{"self":[{"href":"https:\/\/tableauxdisparus.fr\/index.php?rest_route=\/wp\/v2\/pages\/1043","targetHints":{"allow":["GET"]}}],"collection":[{"href":"https:\/\/tableauxdisparus.fr\/index.php?rest_route=\/wp\/v2\/pages"}],"about":[{"href":"https:\/\/tableauxdisparus.fr\/index.php?rest_route=\/wp\/v2\/types\/page"}],"author":[{"embeddable":true,"href":"https:\/\/tableauxdisparus.fr\/index.php?rest_route=\/wp\/v2\/users\/2"}],"replies":[{"embeddable":true,"href":"https:\/\/tableauxdisparus.fr\/index.php?rest_route=%2Fwp%2Fv2%2Fcomments&post=1043"}],"version-history":[{"count":10,"href":"https:\/\/tableauxdisparus.fr\/index.php?rest_route=\/wp\/v2\/pages\/1043\/revisions"}],"predecessor-version":[{"id":1506,"href":"https:\/\/tableauxdisparus.fr\/index.php?rest_route=\/wp\/v2\/pages\/1043\/revisions\/1506"}],"wp:attachment":[{"href":"https:\/\/tableauxdisparus.fr\/index.php?rest_route=%2Fwp%2Fv2%2Fmedia&parent=1043"}],"curies":[{"name":"wp","href":"https:\/\/api.w.org\/{rel}","templated":true}]}}