{"id":106,"date":"2015-06-26T15:33:40","date_gmt":"2015-06-26T14:33:40","guid":{"rendered":"http:\/\/tableauxdetruits.fr\/?page_id=106"},"modified":"2016-12-12T13:44:54","modified_gmt":"2016-12-12T12:44:54","slug":"portrait-de-lartiste-par-lui-meme-sur-la-route-de-tarascon-1888-huile-sur-toile-44-x-48-cm","status":"publish","type":"page","link":"https:\/\/tableauxdisparus.fr\/?page_id=106","title":{"rendered":"Van Gogh, Vincent (1853-1890)"},"content":{"rendered":"<h2><em>Portrait de l&rsquo;artiste par lui-m\u00eame sur la route de Tarascon<\/em>, 1888, huile sur toile, 44 x 48 cm<\/h2>\n<figure id=\"attachment_182\" aria-describedby=\"caption-attachment-182\" style=\"width: 225px\" class=\"wp-caption alignnone\"><a href=\"https:\/\/i0.wp.com\/tableauxdisparus.fr\/wp-content\/uploads\/2015\/07\/031.jpg?ssl=1\"><img data-recalc-dims=\"1\" loading=\"lazy\" decoding=\"async\" class=\"wp-image-182 size-medium\" src=\"https:\/\/i0.wp.com\/tableauxdisparus.fr\/wp-content\/uploads\/2015\/07\/031.jpg?resize=225%2C300&#038;ssl=1\" alt=\"031\" width=\"225\" height=\"300\" srcset=\"https:\/\/i0.wp.com\/tableauxdisparus.fr\/wp-content\/uploads\/2015\/07\/031.jpg?resize=225%2C300&amp;ssl=1 225w, https:\/\/i0.wp.com\/tableauxdisparus.fr\/wp-content\/uploads\/2015\/07\/031.jpg?w=240&amp;ssl=1 240w\" sizes=\"auto, (max-width: 225px) 100vw, 225px\" \/><\/a><figcaption id=\"caption-attachment-182\" class=\"wp-caption-text\">Restitution du tableau disparu.<\/figcaption><\/figure>\n<p style=\"text-align: justify;\">\u00a0\u00a0\u00a0\u00a0 L\u2019artiste \u00e9voque ce tableau disparu dans sa lettre 524 \u00e0 Th\u00e9o : \u00ab\u00a0<em>une pochade que j&rsquo;ai faite moi, charg\u00e9 de bo\u00eetes, de b\u00e2tons, d&rsquo;une toile sur la route ensoleill\u00e9e de Tarascon (&#8230;) il y a le semeur (&#8230;) et d&rsquo;autres encore tout \u00e0 fait mal venus et inachev\u00e9s<\/em>\u00ab\u00a0. On constate donc la co\u00efncidence de son autoportrait et de l&rsquo;image du semeur, \u0153uvres dont il n&rsquo;est pas satisfait. Ce malvenu est difficile \u00e0 d\u00e9finir, l&rsquo;inachev\u00e9 nous rallie \u00e0 \u00ab\u00a0<em>l&rsquo;\u00e9chec<\/em>\u00a0\u00bb du semeur exprim\u00e9 souvent &#8230; Vincent, celui qui n&rsquo;a pu soutenir une carri\u00e8re \u00e0 laquelle il se destinait en premier lieu, celle de pasteur, le semeur de paroles, de v\u00e9rit\u00e9s, &#8230; et l&rsquo;autre, celle de l&rsquo;artiste, celui qui se peint, allant ou revenant de peindre. Il \u00e9tablit aussi une relation avec l\u2019image du Tartarin d&rsquo;Alphonse Daudet, dont il \u00ab\u00a0<em>aspire \u00e0 partager la gloire<\/em>\u00ab\u00a0.<\/p>\n<p style=\"text-align: justify;\">\u00a0\u00a0\u00a0\u00a0\u00a0\u00a0\u00a0\u00a0\u00a0\u00a0Conserv\u00e9 \u00e0 Magdebourg, au Kaiser Friedrich Museum. En 1945, les \u0153uvres du mus\u00e9e ont \u00e9t\u00e9 r\u00e9unies dans la mine de sel de potasse \u00e0 Neustassfurt o\u00f9 elles ont \u00e9t\u00e9 pill\u00e9es ou incendi\u00e9es par les Nazis en mai 1945. L\u2019actuel conservateur du mus\u00e9e, Tobias von Elster, a \u00e9tabli en 1995 que 338 des 400 tableaux entrepos\u00e9s ont ainsi disparu.<\/p>\n<p style=\"text-align: justify;\">\u00a0\u00a0\u00a0\u00a0\u00a0\u00a0\u00a0\u00a0\u00a0\u00a0\u00a0 La toile est presque carr\u00e9e, stable par son format. En contraste, au centre, la silhouette de Van Gogh se d\u00e9pla\u00e7ant vers la gauche. Le tout est scand\u00e9 par les deux verticales des troncs d\u2019arbre, et les bandes horizontales de la route et de son rebord. Les touches doivent traduire la marche, les pas r\u00e9p\u00e9t\u00e9s du peintre vagabond \u00e0 la recherche du motif. Il a fallu travailler vite, Van Gogh utilise en effet le terme de \u00ab\u00a0pochade\u00a0\u00bb pour d\u00e9crire cette \u0153uvre. Il est ce \u00ab\u00a0voyageur \u00a0\u00bb suivi par son ombre qui va quelque part, \u00ab\u00a0\u00e0 une destination<em>\u00ab\u00a0<\/em>, mais qu&rsquo;il est encore \u00e0 ignorer lui-m\u00eame. Il est sur un chemin ouvert qui dicte l&rsquo;aller et le retour entre un s\u00e9jour fixe et un s\u00e9jour transitoire. Il est r\u00e9aliste, conscient de la r\u00e9alit\u00e9 de l&rsquo;artiste qui doit se mouvoir sans cesse sur une terre pleine d&#8217;emb\u00fbches, et selon un destin impr\u00e9cis, voire implacable. Il faut s\u2019emp\u00eacher de penser pour r\u00e9aliser une telle restitution.<\/p>\n<figure id=\"attachment_225\" aria-describedby=\"caption-attachment-225\" style=\"width: 300px\" class=\"wp-caption alignnone\"><a href=\"https:\/\/i0.wp.com\/tableauxdisparus.fr\/wp-content\/uploads\/2015\/07\/P1040671.jpg?ssl=1\"><img data-recalc-dims=\"1\" loading=\"lazy\" decoding=\"async\" class=\"wp-image-225 size-medium\" src=\"https:\/\/i0.wp.com\/tableauxdisparus.fr\/wp-content\/uploads\/2015\/07\/P1040671.jpg?resize=300%2C225&#038;ssl=1\" alt=\"P1040671\" width=\"300\" height=\"225\" srcset=\"https:\/\/i0.wp.com\/tableauxdisparus.fr\/wp-content\/uploads\/2015\/07\/P1040671.jpg?resize=300%2C225&amp;ssl=1 300w, https:\/\/i0.wp.com\/tableauxdisparus.fr\/wp-content\/uploads\/2015\/07\/P1040671.jpg?w=320&amp;ssl=1 320w\" sizes=\"auto, (max-width: 300px) 100vw, 300px\" \/><\/a><figcaption id=\"caption-attachment-225\" class=\"wp-caption-text\">Le Kaiser Friedrich Museum, \u00e0 Magdebourg.<\/figcaption><\/figure>\n<p style=\"text-align: right;\">(c) Daniel Lagoutte<\/p>\n","protected":false},"excerpt":{"rendered":"<p>Portrait de l&rsquo;artiste par lui-m\u00eame sur la route de Tarascon, 1888, huile sur toile, 44 x 48 cm \u00a0\u00a0\u00a0\u00a0 L\u2019artiste \u00e9voque ce tableau disparu dans sa lettre 524 \u00e0 Th\u00e9o : \u00ab\u00a0une pochade que j&rsquo;ai faite moi, charg\u00e9 de bo\u00eetes, de b\u00e2tons, d&rsquo;une toile sur la route ensoleill\u00e9e de Tarascon (&#8230;) il y a le &hellip; <a href=\"https:\/\/tableauxdisparus.fr\/?page_id=106\" class=\"more-link\">Continuer la lecture de <span class=\"screen-reader-text\">Van Gogh, Vincent (1853-1890)<\/span><\/a><\/p>\n","protected":false},"author":2,"featured_media":0,"parent":0,"menu_order":0,"comment_status":"closed","ping_status":"closed","template":"","meta":{"footnotes":""},"class_list":["post-106","page","type-page","status-publish","hentry"],"jetpack_sharing_enabled":true,"_links":{"self":[{"href":"https:\/\/tableauxdisparus.fr\/index.php?rest_route=\/wp\/v2\/pages\/106","targetHints":{"allow":["GET"]}}],"collection":[{"href":"https:\/\/tableauxdisparus.fr\/index.php?rest_route=\/wp\/v2\/pages"}],"about":[{"href":"https:\/\/tableauxdisparus.fr\/index.php?rest_route=\/wp\/v2\/types\/page"}],"author":[{"embeddable":true,"href":"https:\/\/tableauxdisparus.fr\/index.php?rest_route=\/wp\/v2\/users\/2"}],"replies":[{"embeddable":true,"href":"https:\/\/tableauxdisparus.fr\/index.php?rest_route=%2Fwp%2Fv2%2Fcomments&post=106"}],"version-history":[{"count":23,"href":"https:\/\/tableauxdisparus.fr\/index.php?rest_route=\/wp\/v2\/pages\/106\/revisions"}],"predecessor-version":[{"id":1512,"href":"https:\/\/tableauxdisparus.fr\/index.php?rest_route=\/wp\/v2\/pages\/106\/revisions\/1512"}],"wp:attachment":[{"href":"https:\/\/tableauxdisparus.fr\/index.php?rest_route=%2Fwp%2Fv2%2Fmedia&parent=106"}],"curies":[{"name":"wp","href":"https:\/\/api.w.org\/{rel}","templated":true}]}}