{"id":108,"date":"2015-06-26T15:35:14","date_gmt":"2015-06-26T14:35:14","guid":{"rendered":"http:\/\/tableauxdetruits.fr\/?page_id=108"},"modified":"2016-12-12T11:20:45","modified_gmt":"2016-12-12T10:20:45","slug":"vase-avec-cinq-tournesols-huile-sur-toile-98-x-69-cm","status":"publish","type":"page","link":"https:\/\/tableauxdisparus.fr\/?page_id=108","title":{"rendered":"Van Gogh, Vincent (1853-1890)"},"content":{"rendered":"<h2><em>Vase avec cinq tournesols<\/em>, huile sur toile, 98 x 69 cm<\/h2>\n<figure id=\"attachment_220\" aria-describedby=\"caption-attachment-220\" style=\"width: 225px\" class=\"wp-caption alignnone\"><a href=\"https:\/\/i0.wp.com\/tableauxdisparus.fr\/wp-content\/uploads\/2015\/07\/P1040669.jpg?ssl=1\"><img data-recalc-dims=\"1\" loading=\"lazy\" decoding=\"async\" class=\"wp-image-220 size-medium\" src=\"https:\/\/i0.wp.com\/tableauxdisparus.fr\/wp-content\/uploads\/2015\/07\/P1040669.jpg?resize=225%2C300&#038;ssl=1\" alt=\"P1040669\" width=\"225\" height=\"300\" srcset=\"https:\/\/i0.wp.com\/tableauxdisparus.fr\/wp-content\/uploads\/2015\/07\/P1040669.jpg?resize=225%2C300&amp;ssl=1 225w, https:\/\/i0.wp.com\/tableauxdisparus.fr\/wp-content\/uploads\/2015\/07\/P1040669.jpg?w=240&amp;ssl=1 240w\" sizes=\"auto, (max-width: 225px) 100vw, 225px\" \/><\/a><figcaption id=\"caption-attachment-220\" class=\"wp-caption-text\">Un ancienne photo du tableau disparu.<\/figcaption><\/figure>\n<p>&nbsp;<\/p>\n<figure id=\"attachment_720\" aria-describedby=\"caption-attachment-720\" style=\"width: 200px\" class=\"wp-caption alignright\"><a href=\"https:\/\/i0.wp.com\/tableauxdisparus.fr\/wp-content\/uploads\/2015\/09\/DSC02107.jpg?ssl=1\"><img data-recalc-dims=\"1\" loading=\"lazy\" decoding=\"async\" class=\"wp-image-720 size-medium\" src=\"https:\/\/i0.wp.com\/tableauxdisparus.fr\/wp-content\/uploads\/2015\/09\/DSC02107.jpg?resize=200%2C300&#038;ssl=1\" alt=\"DSC02107\" width=\"200\" height=\"300\" srcset=\"https:\/\/i0.wp.com\/tableauxdisparus.fr\/wp-content\/uploads\/2015\/09\/DSC02107.jpg?resize=200%2C300&amp;ssl=1 200w, https:\/\/i0.wp.com\/tableauxdisparus.fr\/wp-content\/uploads\/2015\/09\/DSC02107.jpg?w=213&amp;ssl=1 213w\" sizes=\"auto, (max-width: 200px) 100vw, 200px\" \/><\/a><figcaption id=\"caption-attachment-720\" class=\"wp-caption-text\">Restitution du tableau disparu<\/figcaption><\/figure>\n<p style=\"text-align: justify;\">\u00a0\u00a0 Vincent van Gogh \u00e9crit \u00e0 son Fr\u00e8re Th\u00e9o\u00a0: \u00ab\u00a0Dans l\u2019espoir de vivre dans un atelier \u00e0 nous avec Gauguin, je voudrais faire une d\u00e9coration pour l\u2019atelier. Rien que des grands tournesols\u2026 Enfin, si j\u2019ex\u00e9cute ce plan, il y aura une douzaine de panneaux. Le tout sera une symphonie en bleu et jaune donc. J\u2019y travaille tous ces matins \u00e0 partir du lever du soleil, car les fleurs se fanent vite et il s\u2019agit de faire l\u2019ensemble d\u2019un trait\u2026\u00a0\u00bb (lettre du 15 ao\u00fbt 1888).<\/p>\n<p style=\"text-align: justify;\">\u00a0\u00a0\u00a0\u00a0\u00a0\u00a0\u00a0\u00a0\u00a0\u00a0\u00a0 D\u00e9truit le 6 ao\u00fbt 1945 au cours d&rsquo;un incendie avant la capitulation japonaise, le <em>Vase aux cinq tournesols<\/em> de Van Gogh dispara\u00eet dans les flammes pendant un bombardement am\u00e9ricain sur le Japon. Le tableau avait \u00e9t\u00e9 achet\u00e9 par Koyta Yamamoto en 1921. En 1922, le tableau est expos\u00e9 \u00e0 deux reprises, la seconde fois \u00e0\u00a0Osaka. C&rsquo;est au cours de cette seconde exposition que le cadre extr\u00eamement lourd du tableau tombe, endommageant le ch\u00e2ssis, sans heureusement toucher la peinture elle-m\u00eame. Yamato refuse donc par la suite que le chef-d&rsquo;\u0153uvre soit \u00e0 nouveau expos\u00e9. On pense que le lourd ch\u00e2ssis a jou\u00e9 un r\u00f4le dans la destruction du tableau au cours du bombardement am\u00e9ricain sur Yokohama, car il n&rsquo;a pu \u00eatre d\u00e9plac\u00e9 en raison de son poids. Il nous reste une reproduction color\u00e9e de cette \u0153uvre, issue d\u2019un portfolio de 1921.<\/p>\n<p style=\"text-align: justify;\">\u00a0\u00a0\u00a0\u00a0\u00a0\u00a0\u00a0\u00a0\u00a0\u00a0\u00a0 Ce tableau disparu comporte toute une gamme de jaunes que Van Gogh ach\u00e8te\u00a0: Jaune de Chrome I citron (jaune citron), jaune de chrome II (jaune moyen), et Chrome III (jaune orang\u00e9). Le tournesol est la fleur \u00e0 laquelle s\u2019identifie Van Gogh \u00ab\u00a0moi, j\u2019ai le tournesol\u00a0\u00bb. Il s\u2019agit donc de traduire un \u00e9lan venu de l\u2019int\u00e9rieur. Le sens des touches participent \u00e0 ce symbolisme\u00a0: la forme irradiante de la fleur \u00e0 partir de son c\u0153ur dit le besoin de solliciter l\u2019amour de l\u2019autre. Vincent a soif de rencontre, les jaunes sur fond bleu nuit sont autant de soleils ou d\u2019\u00e9toiles qui invitent \u00e0 un cheminement spirituel.<\/p>\n<p>&nbsp;<\/p>\n<figure id=\"attachment_221\" aria-describedby=\"caption-attachment-221\" style=\"width: 300px\" class=\"wp-caption alignnone\"><a href=\"https:\/\/i0.wp.com\/tableauxdetruits.fr\/wp-content\/uploads\/2015\/07\/P1040670.jpg\"><img data-recalc-dims=\"1\" loading=\"lazy\" decoding=\"async\" class=\"wp-image-221 size-medium\" src=\"https:\/\/i0.wp.com\/tableauxdisparus.fr\/wp-content\/uploads\/2015\/07\/P1040670.jpg?resize=300%2C225&#038;ssl=1\" alt=\"P1040670\" width=\"300\" height=\"225\" srcset=\"https:\/\/i0.wp.com\/tableauxdisparus.fr\/wp-content\/uploads\/2015\/07\/P1040670.jpg?resize=300%2C225&amp;ssl=1 300w, https:\/\/i0.wp.com\/tableauxdisparus.fr\/wp-content\/uploads\/2015\/07\/P1040670.jpg?w=320&amp;ssl=1 320w\" sizes=\"auto, (max-width: 300px) 100vw, 300px\" \/><\/a><figcaption id=\"caption-attachment-221\" class=\"wp-caption-text\">Cette photographie montre le bombardement r\u00e9ellement effectu\u00e9 ce jour-l\u00e0 \u00e0 Yokohama.<\/figcaption><\/figure>\n<p style=\"text-align: right;\">(c) Daniel Lagoutte<\/p>\n","protected":false},"excerpt":{"rendered":"<p>Vase avec cinq tournesols, huile sur toile, 98 x 69 cm &nbsp; \u00a0\u00a0 Vincent van Gogh \u00e9crit \u00e0 son Fr\u00e8re Th\u00e9o\u00a0: \u00ab\u00a0Dans l\u2019espoir de vivre dans un atelier \u00e0 nous avec Gauguin, je voudrais faire une d\u00e9coration pour l\u2019atelier. Rien que des grands tournesols\u2026 Enfin, si j\u2019ex\u00e9cute ce plan, il y aura une douzaine de &hellip; <a href=\"https:\/\/tableauxdisparus.fr\/?page_id=108\" class=\"more-link\">Continuer la lecture de <span class=\"screen-reader-text\">Van Gogh, Vincent (1853-1890)<\/span><\/a><\/p>\n","protected":false},"author":2,"featured_media":0,"parent":0,"menu_order":0,"comment_status":"closed","ping_status":"closed","template":"","meta":{"footnotes":""},"class_list":["post-108","page","type-page","status-publish","hentry"],"jetpack_sharing_enabled":true,"_links":{"self":[{"href":"https:\/\/tableauxdisparus.fr\/index.php?rest_route=\/wp\/v2\/pages\/108","targetHints":{"allow":["GET"]}}],"collection":[{"href":"https:\/\/tableauxdisparus.fr\/index.php?rest_route=\/wp\/v2\/pages"}],"about":[{"href":"https:\/\/tableauxdisparus.fr\/index.php?rest_route=\/wp\/v2\/types\/page"}],"author":[{"embeddable":true,"href":"https:\/\/tableauxdisparus.fr\/index.php?rest_route=\/wp\/v2\/users\/2"}],"replies":[{"embeddable":true,"href":"https:\/\/tableauxdisparus.fr\/index.php?rest_route=%2Fwp%2Fv2%2Fcomments&post=108"}],"version-history":[{"count":22,"href":"https:\/\/tableauxdisparus.fr\/index.php?rest_route=\/wp\/v2\/pages\/108\/revisions"}],"predecessor-version":[{"id":1496,"href":"https:\/\/tableauxdisparus.fr\/index.php?rest_route=\/wp\/v2\/pages\/108\/revisions\/1496"}],"wp:attachment":[{"href":"https:\/\/tableauxdisparus.fr\/index.php?rest_route=%2Fwp%2Fv2%2Fmedia&parent=108"}],"curies":[{"name":"wp","href":"https:\/\/api.w.org\/{rel}","templated":true}]}}