{"id":11,"date":"2015-06-17T10:23:21","date_gmt":"2015-06-17T09:23:21","guid":{"rendered":"http:\/\/td.kanoe.fr\/?page_id=11"},"modified":"2015-08-24T13:36:20","modified_gmt":"2015-08-24T12:36:20","slug":"11-2","status":"publish","type":"page","link":"https:\/\/tableauxdisparus.fr\/?page_id=11","title":{"rendered":"Le Peintre"},"content":{"rendered":"<p><a href=\"https:\/\/i0.wp.com\/tableauxdisparus.fr\/wp-content\/uploads\/2015\/06\/image00.jpg?ssl=1\"><img data-recalc-dims=\"1\" loading=\"lazy\" decoding=\"async\" class=\" wp-image-4 aligncenter\" src=\"https:\/\/i0.wp.com\/tableauxdisparus.fr\/wp-content\/uploads\/2015\/06\/image00.jpg?resize=443%2C332&#038;ssl=1\" alt=\"atelier\" width=\"443\" height=\"332\" srcset=\"https:\/\/i0.wp.com\/tableauxdisparus.fr\/wp-content\/uploads\/2015\/06\/image00.jpg?resize=300%2C225&amp;ssl=1 300w, https:\/\/i0.wp.com\/tableauxdisparus.fr\/wp-content\/uploads\/2015\/06\/image00.jpg?resize=1024%2C768&amp;ssl=1 1024w, https:\/\/i0.wp.com\/tableauxdisparus.fr\/wp-content\/uploads\/2015\/06\/image00.jpg?w=1385&amp;ssl=1 1385w, https:\/\/i0.wp.com\/tableauxdisparus.fr\/wp-content\/uploads\/2015\/06\/image00.jpg?w=1320&amp;ssl=1 1320w\" sizes=\"auto, (max-width: 443px) 100vw, 443px\" \/><\/a><\/p>\n<p style=\"text-align: justify;\">Daniel Lagoutte est historien d\u2019art, conf\u00e9rencier et artiste peintre. Copiste au mus\u00e9e du Louvre, on lui a demand\u00e9 de restaurer les plafonds peints et les chemin\u00e9es d\u2019un ch\u00e2teau du XVIIe si\u00e8cle, ainsi que des tableaux fortement endommag\u00e9s. Il est docteur en esth\u00e9tique et sciences de l\u2019art. A ce titre, il continue de publier de nombreux ouvrages sur les pratiques artistiques et l\u2019histoire des arts. Actuellement inspecteur d\u2019acad\u00e9mie honoraire, il a \u00e9t\u00e9 pendant seize ann\u00e9es charg\u00e9 d\u2019une mission d\u2019inspection g\u00e9n\u00e9rale pour l\u2019enseignement des arts plastiques \u00e0 l\u2019\u00e9cole.<\/p>\n<p style=\"text-align: justify;\">Depuis plusieurs ann\u00e9es, il se consacre \u00e0 la reconstitution d\u2019\u0153uvres plus ou moins connues mais d\u00e9finitivement disparues. Comment ne pas se prendre \u00e0 r\u00eaver en pensant \u00e0 toutes les \u0153uvres peintes qui ont \u00e9t\u00e9, au cours de l\u2019histoire, inexorablement d\u00e9truites ? Il s\u2019agit pour Daniel Lagoutte non pas seulement d\u2019effectuer des copies, mais \u00e0 partir d\u2019une savante recherche documentaire de recr\u00e9er, de recomposer, de reconstituer, de restituer en l\u2019\u00e9tat des tableaux de tout temps. Il tente ainsi de ressusciter les productions du pass\u00e9 en leur redonnant une v\u00e9ritable pr\u00e9sence mat\u00e9rielle.<\/p>\n<p style=\"text-align: justify;\">&#8211; <strong>Pour conna\u00eetre ses activit\u00e9s<\/strong> :\u00a0taper <span style=\"text-decoration: underline;\"><em>Daniel Lagoutte<\/em><\/span> sur Google.<\/p>\n<p style=\"text-align: justify;\">&#8211; <strong>Pour conna\u00eetre ses productions personnelles<\/strong> :<\/p>\n<p style=\"text-align: justify;\">Comme en contrepartie \u00e0 son travail de restitution des tableaux disparus, Daniel Lagoutte revisite les \u0153uvres peintes qui ont subsist\u00e9 en essayant de traduire toutes les \u00e9nergies qui \u00e9mergent d\u2019elles et qui en constituent encore toute la force vitale. Pour cela, il ne lib\u00e8re pas l\u2019\u0153uvre de son contexte original, mais il la pose au sein d\u2019une nouvelle r\u00e9alit\u00e9 plastique, faite d\u2019impulsions et de puissante tactilit\u00e9. Dans ses \u0153uvres personnelles, il se d\u00e9clare agir davantage en historien d\u2019art, pour toujours tenter de r\u00e9activer le \u00ab\u00a0dit\u00a0\u00bb des artistes du pass\u00e9.<\/p>\n<p style=\"text-align: justify;\"><a href=\"https:\/\/tableauxdisparus.fr\/index.php\/oeuvres-personnelles\/\">&gt; <em>Les productions personnelles de Daniel Lagoutte<\/em><\/a><\/p>\n<p><strong><em>\u00a0<\/em><\/strong><\/p>\n<p style=\"text-align: right;\">(c) Daniel Lagoutte<\/p>\n","protected":false},"excerpt":{"rendered":"<p>Daniel Lagoutte est historien d\u2019art, conf\u00e9rencier et artiste peintre. Copiste au mus\u00e9e du Louvre, on lui a demand\u00e9 de restaurer les plafonds peints et les chemin\u00e9es d\u2019un ch\u00e2teau du XVIIe si\u00e8cle, ainsi que des tableaux fortement endommag\u00e9s. Il est docteur en esth\u00e9tique et sciences de l\u2019art. A ce titre, il continue de publier de nombreux &hellip; <a href=\"https:\/\/tableauxdisparus.fr\/?page_id=11\" class=\"more-link\">Continuer la lecture de <span class=\"screen-reader-text\">Le Peintre<\/span><\/a><\/p>\n","protected":false},"author":1,"featured_media":0,"parent":0,"menu_order":0,"comment_status":"closed","ping_status":"closed","template":"","meta":{"footnotes":""},"class_list":["post-11","page","type-page","status-publish","hentry"],"jetpack_sharing_enabled":true,"_links":{"self":[{"href":"https:\/\/tableauxdisparus.fr\/index.php?rest_route=\/wp\/v2\/pages\/11","targetHints":{"allow":["GET"]}}],"collection":[{"href":"https:\/\/tableauxdisparus.fr\/index.php?rest_route=\/wp\/v2\/pages"}],"about":[{"href":"https:\/\/tableauxdisparus.fr\/index.php?rest_route=\/wp\/v2\/types\/page"}],"author":[{"embeddable":true,"href":"https:\/\/tableauxdisparus.fr\/index.php?rest_route=\/wp\/v2\/users\/1"}],"replies":[{"embeddable":true,"href":"https:\/\/tableauxdisparus.fr\/index.php?rest_route=%2Fwp%2Fv2%2Fcomments&post=11"}],"version-history":[{"count":25,"href":"https:\/\/tableauxdisparus.fr\/index.php?rest_route=\/wp\/v2\/pages\/11\/revisions"}],"predecessor-version":[{"id":625,"href":"https:\/\/tableauxdisparus.fr\/index.php?rest_route=\/wp\/v2\/pages\/11\/revisions\/625"}],"wp:attachment":[{"href":"https:\/\/tableauxdisparus.fr\/index.php?rest_route=%2Fwp%2Fv2%2Fmedia&parent=11"}],"curies":[{"name":"wp","href":"https:\/\/api.w.org\/{rel}","templated":true}]}}