{"id":114,"date":"2015-06-26T15:38:28","date_gmt":"2015-06-26T14:38:28","guid":{"rendered":"http:\/\/tableauxdetruits.fr\/?page_id=114"},"modified":"2015-09-04T16:49:36","modified_gmt":"2015-09-04T15:49:36","slug":"la-joconde-nue-vers-1515-1518-huile-sur-bois-72-x-54-cm","status":"publish","type":"page","link":"https:\/\/tableauxdisparus.fr\/?page_id=114","title":{"rendered":"Vinci, L\u00e9onard de (1452-1519)"},"content":{"rendered":"<h2><em>La Joconde nue<\/em>, vers 1515 &#8211; 1518, huile sur bois, 72 x 54 cm<\/h2>\n<figure id=\"attachment_183\" aria-describedby=\"caption-attachment-183\" style=\"width: 310px\" class=\"wp-caption alignright\"><a href=\"https:\/\/i0.wp.com\/tableauxdisparus.fr\/wp-content\/uploads\/2015\/07\/028.jpg?ssl=1\"><img data-recalc-dims=\"1\" loading=\"lazy\" decoding=\"async\" class=\" wp-image-183\" src=\"https:\/\/i0.wp.com\/tableauxdisparus.fr\/wp-content\/uploads\/2015\/07\/028.jpg?resize=310%2C414&#038;ssl=1\" alt=\"028\" width=\"310\" height=\"414\" srcset=\"https:\/\/i0.wp.com\/tableauxdisparus.fr\/wp-content\/uploads\/2015\/07\/028.jpg?resize=225%2C300&amp;ssl=1 225w, https:\/\/i0.wp.com\/tableauxdisparus.fr\/wp-content\/uploads\/2015\/07\/028.jpg?w=240&amp;ssl=1 240w\" sizes=\"auto, (max-width: 310px) 100vw, 310px\" \/><\/a><figcaption id=\"caption-attachment-183\" class=\"wp-caption-text\">La Joconde nue restitu\u00e9e.<\/figcaption><\/figure>\n<p>&nbsp;<\/p>\n<p>&nbsp;<\/p>\n<figure id=\"attachment_325\" aria-describedby=\"caption-attachment-325\" style=\"width: 222px\" class=\"wp-caption alignnone\"><a href=\"https:\/\/i0.wp.com\/tableauxdisparus.fr\/wp-content\/uploads\/2015\/07\/Joconde-nue.jpg?ssl=1\"><img data-recalc-dims=\"1\" loading=\"lazy\" decoding=\"async\" class=\"size-medium wp-image-325\" src=\"https:\/\/i0.wp.com\/tableauxdisparus.fr\/wp-content\/uploads\/2015\/07\/Joconde-nue.jpg?resize=222%2C300&#038;ssl=1\" alt=\"Attribu\u00e9 \u00e0 Salai, vers 1515, carton, 72,4 x 54 cm, Chantilly, mus\u00e9e Cond\u00e9\" width=\"222\" height=\"300\" srcset=\"https:\/\/i0.wp.com\/tableauxdisparus.fr\/wp-content\/uploads\/2015\/07\/Joconde-nue.jpg?resize=222%2C300&amp;ssl=1 222w, https:\/\/i0.wp.com\/tableauxdisparus.fr\/wp-content\/uploads\/2015\/07\/Joconde-nue.jpg?w=474&amp;ssl=1 474w\" sizes=\"auto, (max-width: 222px) 100vw, 222px\" \/><\/a><figcaption id=\"caption-attachment-325\" class=\"wp-caption-text\">Attribu\u00e9 \u00e0 Salai, vers 1515, carton, 72,4 x 54 cm, Chantilly, mus\u00e9e Cond\u00e9<\/figcaption><\/figure>\n<figure id=\"attachment_211\" aria-describedby=\"caption-attachment-211\" style=\"width: 286px\" class=\"wp-caption alignright\"><a href=\"https:\/\/i0.wp.com\/tableauxdisparus.fr\/wp-content\/uploads\/2015\/07\/P1040665.jpg?ssl=1\"><img data-recalc-dims=\"1\" loading=\"lazy\" decoding=\"async\" class=\"wp-image-211 \" src=\"https:\/\/i0.wp.com\/tableauxdisparus.fr\/wp-content\/uploads\/2015\/07\/P1040665.jpg?resize=286%2C215&#038;ssl=1\" alt=\"P1040665\" width=\"286\" height=\"215\" srcset=\"https:\/\/i0.wp.com\/tableauxdisparus.fr\/wp-content\/uploads\/2015\/07\/P1040665.jpg?resize=300%2C225&amp;ssl=1 300w, https:\/\/i0.wp.com\/tableauxdisparus.fr\/wp-content\/uploads\/2015\/07\/P1040665.jpg?w=320&amp;ssl=1 320w\" sizes=\"auto, (max-width: 286px) 100vw, 286px\" \/><\/a><figcaption id=\"caption-attachment-211\" class=\"wp-caption-text\">Le ch\u00e2teau de Chantilly o\u00f9 est conserv\u00e9 l&rsquo;\u00e9nigmatique dessin.<\/figcaption><\/figure>\n<p style=\"text-align: justify;\">Le mus\u00e9e de Chantilly conserve un dessin dit de \u00ab\u00a0La Joconde nue\u00a0\u00bb. On se demande si L\u00e9onard de Vinci n&rsquo;en serait pas l&rsquo;auteur, ou bien son \u00e9l\u00e8ve Salai. Le dessin est perc\u00e9 de petits trous sur les lignes de contour, en vue de le transf\u00e9rer sur un panneau ou une toile. Ce qui donne \u00e0 penser qu&rsquo;un tableau a \u00e9t\u00e9 r\u00e9alis\u00e9 \u00e0 partir de ce dessin. La femme pourrait \u00eatre alors une <em>Flore<\/em>, ou <em>le Vice<\/em> compte tenu de l&rsquo;expression de son visage. Peut-\u00eatre\u00a0L\u00e9onard a-t-il envisag\u00e9 de produire un pendant \u00e0 \u00ab\u00a0La Joconde\u00a0\u00bb,\u00a0cette derni\u00e8re\u00a0serait alors un symbole de la Sagesse.<\/p>\n<p style=\"text-align: justify;\">Le support est un panneau de bois. Selon le principe du clair-obscur cher \u00e0 L\u00e9onard, il fallait faire \u00e9merger de l\u2019ombre une figure lumineuse aux contours flous. Sur le support, l\u2019<em>imprimature<\/em> (la couche de pr\u00e9paration) est appliqu\u00e9e en Terre de Sienne br\u00fbl\u00e9e. Le dessin est esquiss\u00e9. La couleur peut \u00eatre appos\u00e9e en glacis successifs. C\u2019est le milieu des volumes qui est soigneusement travaill\u00e9. Il faut imaginer que les volumes repr\u00e9sent\u00e9s pointent vers nous en sortant de l\u2019ombre brune. Les formes sont ainsi d\u00e9licatement d\u00e9finies par les effets de clart\u00e9 qui sont de quatre ordres\u00a0: la lumi\u00e8re souveraine qui domine (on l\u2019appelle aussi lumi\u00e8re propre), la lumi\u00e8re glissante qui fa\u00e7onne les volumes, la lumi\u00e8re perdue dans l\u2019ombre (mais qui poss\u00e8de la m\u00eame tonalit\u00e9 que la partie directement \u00e9clair\u00e9e) et la lumi\u00e8re r\u00e9fl\u00e9chie qui est le reflet color\u00e9 des objets environnants \u00e0 prendre en compte pour \u00e9tablir l\u2019harmonie entre les choses. Cette description para\u00eet complexe dans son expos\u00e9, mais la recherche d\u2019unit\u00e9 dans la vari\u00e9t\u00e9 reste la principale pr\u00e9occupation du peintre, une unit\u00e9 physique, psychologique et spatiale.<\/p>\n<p style=\"text-align: justify;\">\n<p style=\"text-align: right;\">\u00a0(c) Daniel Lagoutte<\/p>\n","protected":false},"excerpt":{"rendered":"<p>La Joconde nue, vers 1515 &#8211; 1518, huile sur bois, 72 x 54 cm &nbsp; &nbsp; Le mus\u00e9e de Chantilly conserve un dessin dit de \u00ab\u00a0La Joconde nue\u00a0\u00bb. On se demande si L\u00e9onard de Vinci n&rsquo;en serait pas l&rsquo;auteur, ou bien son \u00e9l\u00e8ve Salai. Le dessin est perc\u00e9 de petits trous sur les lignes de &hellip; <a href=\"https:\/\/tableauxdisparus.fr\/?page_id=114\" class=\"more-link\">Continuer la lecture de <span class=\"screen-reader-text\">Vinci, L\u00e9onard de (1452-1519)<\/span><\/a><\/p>\n","protected":false},"author":2,"featured_media":0,"parent":0,"menu_order":0,"comment_status":"closed","ping_status":"closed","template":"","meta":{"footnotes":""},"class_list":["post-114","page","type-page","status-publish","hentry"],"jetpack_sharing_enabled":true,"_links":{"self":[{"href":"https:\/\/tableauxdisparus.fr\/index.php?rest_route=\/wp\/v2\/pages\/114","targetHints":{"allow":["GET"]}}],"collection":[{"href":"https:\/\/tableauxdisparus.fr\/index.php?rest_route=\/wp\/v2\/pages"}],"about":[{"href":"https:\/\/tableauxdisparus.fr\/index.php?rest_route=\/wp\/v2\/types\/page"}],"author":[{"embeddable":true,"href":"https:\/\/tableauxdisparus.fr\/index.php?rest_route=\/wp\/v2\/users\/2"}],"replies":[{"embeddable":true,"href":"https:\/\/tableauxdisparus.fr\/index.php?rest_route=%2Fwp%2Fv2%2Fcomments&post=114"}],"version-history":[{"count":21,"href":"https:\/\/tableauxdisparus.fr\/index.php?rest_route=\/wp\/v2\/pages\/114\/revisions"}],"predecessor-version":[{"id":778,"href":"https:\/\/tableauxdisparus.fr\/index.php?rest_route=\/wp\/v2\/pages\/114\/revisions\/778"}],"wp:attachment":[{"href":"https:\/\/tableauxdisparus.fr\/index.php?rest_route=%2Fwp%2Fv2%2Fmedia&parent=114"}],"curies":[{"name":"wp","href":"https:\/\/api.w.org\/{rel}","templated":true}]}}