{"id":1188,"date":"2016-06-08T17:58:14","date_gmt":"2016-06-08T16:58:14","guid":{"rendered":"http:\/\/tableauxdisparus.fr\/?page_id=1188"},"modified":"2016-06-09T10:48:25","modified_gmt":"2016-06-09T09:48:25","slug":"gillot-la-clairiere","status":"publish","type":"page","link":"https:\/\/tableauxdisparus.fr\/?page_id=1188","title":{"rendered":"GILLOT, Gustave (1888-1965)"},"content":{"rendered":"<h2><em>La Clairi\u00e8re<\/em>, 1944, huile sur\u00a0 bois, 113 x 203 cm<\/h2>\n<p><a href=\"https:\/\/i0.wp.com\/tableauxdisparus.fr\/wp-content\/uploads\/2016\/06\/P1050320-1.jpg?ssl=1\"><img data-recalc-dims=\"1\" loading=\"lazy\" decoding=\"async\" class=\"alignnone wp-image-1207\" src=\"https:\/\/i0.wp.com\/tableauxdisparus.fr\/wp-content\/uploads\/2016\/06\/P1050320-1-167x300.jpg?resize=229%2C411&#038;ssl=1\" alt=\"P1050320\" width=\"229\" height=\"411\" \/><\/a><\/p>\n<p style=\"text-align: justify;\">Une peinture d\u00e9corative de Gustave Gillot (1888-1965), sculpteur, \u00e9l\u00e8ve de Landowski, r\u00e9alis\u00e9e en 1944, \u00e9tait en tr\u00e8s mauvais \u00e9tat, \u00e0 peine lisible, vou\u00e9e \u00e0 la destruction.<\/p>\n<p style=\"text-align: justify;\">Elle a \u00e9t\u00e9 repeinte compl\u00e8tement pour en raviver les effets et lui redonner le dynamisme qu\u2019elle avait perdu. On retiendra le mouvement en spirale du bas \u00e0 gauche, et le proc\u00e9d\u00e9 des \u00e9crans successifs reli\u00e9s par quelques obliques. Il s\u2019agit d\u2019engager le regard du spectateur \u00e0 entrer dans l\u2019image pour l\u2019inviter \u00e0 la parcourir en un rythme soutenu.<\/p>\n<p style=\"padding-left: 30px; text-align: right;\">(c) Daniel Lagoutte<\/p>\n","protected":false},"excerpt":{"rendered":"<p>La Clairi\u00e8re, 1944, huile sur\u00a0 bois, 113 x 203 cm Une peinture d\u00e9corative de Gustave Gillot (1888-1965), sculpteur, \u00e9l\u00e8ve de Landowski, r\u00e9alis\u00e9e en 1944, \u00e9tait en tr\u00e8s mauvais \u00e9tat, \u00e0 peine lisible, vou\u00e9e \u00e0 la destruction. Elle a \u00e9t\u00e9 repeinte compl\u00e8tement pour en raviver les effets et lui redonner le dynamisme qu\u2019elle avait perdu. On &hellip; <a href=\"https:\/\/tableauxdisparus.fr\/?page_id=1188\" class=\"more-link\">Continuer la lecture de <span class=\"screen-reader-text\">GILLOT, Gustave (1888-1965)<\/span><\/a><\/p>\n","protected":false},"author":2,"featured_media":0,"parent":0,"menu_order":0,"comment_status":"closed","ping_status":"closed","template":"","meta":{"footnotes":""},"class_list":["post-1188","page","type-page","status-publish","hentry"],"jetpack_sharing_enabled":true,"_links":{"self":[{"href":"https:\/\/tableauxdisparus.fr\/index.php?rest_route=\/wp\/v2\/pages\/1188","targetHints":{"allow":["GET"]}}],"collection":[{"href":"https:\/\/tableauxdisparus.fr\/index.php?rest_route=\/wp\/v2\/pages"}],"about":[{"href":"https:\/\/tableauxdisparus.fr\/index.php?rest_route=\/wp\/v2\/types\/page"}],"author":[{"embeddable":true,"href":"https:\/\/tableauxdisparus.fr\/index.php?rest_route=\/wp\/v2\/users\/2"}],"replies":[{"embeddable":true,"href":"https:\/\/tableauxdisparus.fr\/index.php?rest_route=%2Fwp%2Fv2%2Fcomments&post=1188"}],"version-history":[{"count":9,"href":"https:\/\/tableauxdisparus.fr\/index.php?rest_route=\/wp\/v2\/pages\/1188\/revisions"}],"predecessor-version":[{"id":1209,"href":"https:\/\/tableauxdisparus.fr\/index.php?rest_route=\/wp\/v2\/pages\/1188\/revisions\/1209"}],"wp:attachment":[{"href":"https:\/\/tableauxdisparus.fr\/index.php?rest_route=%2Fwp%2Fv2%2Fmedia&parent=1188"}],"curies":[{"name":"wp","href":"https:\/\/api.w.org\/{rel}","templated":true}]}}