{"id":1227,"date":"2016-06-09T13:25:07","date_gmt":"2016-06-09T12:25:07","guid":{"rendered":"http:\/\/tableauxdisparus.fr\/?page_id=1227"},"modified":"2016-06-13T17:52:07","modified_gmt":"2016-06-13T16:52:07","slug":"klimt-leda","status":"publish","type":"page","link":"https:\/\/tableauxdisparus.fr\/?page_id=1227","title":{"rendered":"Klimt, Gustav (1862-1918)"},"content":{"rendered":"<h2><em>L\u00e9da<\/em>, <strong>1916\/17, huile sur toile, 99 x 99 cm<\/strong><\/h2>\n<figure id=\"attachment_1215\" aria-describedby=\"caption-attachment-1215\" style=\"width: 300px\" class=\"wp-caption alignnone\"><a href=\"https:\/\/i0.wp.com\/tableauxdisparus.fr\/wp-content\/uploads\/2016\/06\/P1050266.jpg?ssl=1\"><img data-recalc-dims=\"1\" loading=\"lazy\" decoding=\"async\" class=\"wp-image-1215 size-medium\" src=\"https:\/\/i0.wp.com\/tableauxdisparus.fr\/wp-content\/uploads\/2016\/06\/P1050266.jpg?resize=300%2C300&#038;ssl=1\" alt=\"P1050266\" width=\"300\" height=\"300\" srcset=\"https:\/\/i0.wp.com\/tableauxdisparus.fr\/wp-content\/uploads\/2016\/06\/P1050266.jpg?resize=300%2C300&amp;ssl=1 300w, https:\/\/i0.wp.com\/tableauxdisparus.fr\/wp-content\/uploads\/2016\/06\/P1050266.jpg?resize=150%2C150&amp;ssl=1 150w, https:\/\/i0.wp.com\/tableauxdisparus.fr\/wp-content\/uploads\/2016\/06\/P1050266.jpg?w=320&amp;ssl=1 320w\" sizes=\"auto, (max-width: 300px) 100vw, 300px\" \/><\/a><figcaption id=\"caption-attachment-1215\" class=\"wp-caption-text\">Le tableau de Klimt restitu\u00e9.<\/figcaption><\/figure>\n<p style=\"text-align: justify;\">Dans la mythologie grecque, il est racont\u00e9 que Zeus prit la forme d\u2019un cygne pour s\u00e9duire L\u00e9da. Refusant tout rapport avec la r\u00e9alit\u00e9 concr\u00e8te et sociale, Gustave Klimt ne pouvait pas manquer de consacrer une peinture \u00e0 ce th\u00e8me qui a \u00e9t\u00e9 la source de nombreuses \u0153uvres \u00e9rotiques des artistes. On a remarqu\u00e9, \u00e0 propos\u00a0 de cette image, certaines affinit\u00e9s avec une \u0153uvre d\u2019Egon Schiele r\u00e9alis\u00e9e quelques temps auparavant. C\u2019est qu\u2019avec lui, il voue un culte au corps f\u00e9minin. Il traduit ici son d\u00e9sir amoureux en une profusion de motifs d\u00e9coratifs mettant en \u00e9vidence les courbes d\u00e9licates d\u2019une nudit\u00e9 offerte. On ressent les effets d\u2019une soci\u00e9t\u00e9 en crise, celle de la Vienne du vieil Empire austro-hongrois. Tout se dissout dans l\u2019ornement, tandis que le corps, dont la nudit\u00e9 s\u2019oppose \u00e0 cette mosa\u00efque de couleurs qui l\u2019accompagne, se soumet voluptueusement au d\u00e9sir du cygne.<\/p>\n<p style=\"text-align: justify;\">Ce tableau appartenait lui aussi, parmi quatorze autres de Klimt, \u00e0 la collection d\u2019August Lederer et fut d\u00e9truit en mai 1945 dans l\u2019incendie du\u00a0 ch\u00e2teau d\u2019Immendorf.<\/p>\n<p style=\"text-align: right;\">(c) Daniel Lagoutte<\/p>\n","protected":false},"excerpt":{"rendered":"<p>L\u00e9da, 1916\/17, huile sur toile, 99 x 99 cm Dans la mythologie grecque, il est racont\u00e9 que Zeus prit la forme d\u2019un cygne pour s\u00e9duire L\u00e9da. Refusant tout rapport avec la r\u00e9alit\u00e9 concr\u00e8te et sociale, Gustave Klimt ne pouvait pas manquer de consacrer une peinture \u00e0 ce th\u00e8me qui a \u00e9t\u00e9 la source de nombreuses &hellip; <a href=\"https:\/\/tableauxdisparus.fr\/?page_id=1227\" class=\"more-link\">Continuer la lecture de <span class=\"screen-reader-text\">Klimt, Gustav (1862-1918)<\/span><\/a><\/p>\n","protected":false},"author":2,"featured_media":0,"parent":0,"menu_order":0,"comment_status":"closed","ping_status":"closed","template":"","meta":{"footnotes":""},"class_list":["post-1227","page","type-page","status-publish","hentry"],"jetpack_sharing_enabled":true,"_links":{"self":[{"href":"https:\/\/tableauxdisparus.fr\/index.php?rest_route=\/wp\/v2\/pages\/1227","targetHints":{"allow":["GET"]}}],"collection":[{"href":"https:\/\/tableauxdisparus.fr\/index.php?rest_route=\/wp\/v2\/pages"}],"about":[{"href":"https:\/\/tableauxdisparus.fr\/index.php?rest_route=\/wp\/v2\/types\/page"}],"author":[{"embeddable":true,"href":"https:\/\/tableauxdisparus.fr\/index.php?rest_route=\/wp\/v2\/users\/2"}],"replies":[{"embeddable":true,"href":"https:\/\/tableauxdisparus.fr\/index.php?rest_route=%2Fwp%2Fv2%2Fcomments&post=1227"}],"version-history":[{"count":7,"href":"https:\/\/tableauxdisparus.fr\/index.php?rest_route=\/wp\/v2\/pages\/1227\/revisions"}],"predecessor-version":[{"id":1261,"href":"https:\/\/tableauxdisparus.fr\/index.php?rest_route=\/wp\/v2\/pages\/1227\/revisions\/1261"}],"wp:attachment":[{"href":"https:\/\/tableauxdisparus.fr\/index.php?rest_route=%2Fwp%2Fv2%2Fmedia&parent=1227"}],"curies":[{"name":"wp","href":"https:\/\/api.w.org\/{rel}","templated":true}]}}