{"id":1262,"date":"2016-06-13T17:59:16","date_gmt":"2016-06-13T16:59:16","guid":{"rendered":"http:\/\/tableauxdisparus.fr\/?page_id=1262"},"modified":"2016-06-13T18:06:58","modified_gmt":"2016-06-13T17:06:58","slug":"klimt-gustav-la-medecine","status":"publish","type":"page","link":"https:\/\/tableauxdisparus.fr\/?page_id=1262","title":{"rendered":"KLIMT, Gustav (1862-1918)"},"content":{"rendered":"<h2><em>La M\u00e9decine<\/em>, 1900-1907, huile sur toile, 97 x 162 cm<\/h2>\n<p><a href=\"https:\/\/i0.wp.com\/tableauxdisparus.fr\/wp-content\/uploads\/2016\/06\/P1050196.jpg?ssl=1\"><img data-recalc-dims=\"1\" loading=\"lazy\" decoding=\"async\" class=\"alignnone size-medium wp-image-1221\" src=\"https:\/\/i0.wp.com\/tableauxdisparus.fr\/wp-content\/uploads\/2016\/06\/P1050196.jpg?resize=176%2C300&#038;ssl=1\" alt=\"P1050196\" width=\"176\" height=\"300\" srcset=\"https:\/\/i0.wp.com\/tableauxdisparus.fr\/wp-content\/uploads\/2016\/06\/P1050196.jpg?resize=176%2C300&amp;ssl=1 176w, https:\/\/i0.wp.com\/tableauxdisparus.fr\/wp-content\/uploads\/2016\/06\/P1050196.jpg?w=188&amp;ssl=1 188w\" sizes=\"auto, (max-width: 176px) 100vw, 176px\" \/><\/a><\/p>\n<p style=\"text-align: justify;\">\u00a0\u00a0\u00a0\u00a0\u00a0\u00a0\u00a0\u00a0\u00a0\u00a0\u00a0 Le scandale \u00e9clate lors d\u2019une exposition de la <em>S\u00e9cession<\/em> \u00e0 Vienne en 1901 alors que Gustav Klimt expose pour la premi\u00e8re fois trois panneaux destin\u00e9s \u00e0 orner le hall de l\u2019Universit\u00e9 de Vienne. La commande avait \u00e9t\u00e9 faite pour repr\u00e9senter les quatre\u00a0disciplines universitaires : La th\u00e9ologie, la m\u00e9decine, la philosophie et la jurisprudence, dont les trois derni\u00e8res assign\u00e9es \u00e0 Klimt. Jamais vraiment compl\u00e9t\u00e9s, les tableaux, apr\u00e8s avoir \u00e9t\u00e9s rachet\u00e9s par leur cr\u00e9ateur puis perdus, ont malheureusement br\u00fbl\u00e9 dans un incendie nazi quelques d\u00e9cennies plus tard. Il n\u2019en reste plus de photographies couleur sauf pour un d\u00e9tail, <em>La M\u00e9decine,<\/em> ici restitu\u00e9 dans ses dimensions d&rsquo;origine<em>.<\/em><\/p>\n<p style=\"text-align: right;\">(c) Daniel Lagoutte<\/p>\n","protected":false},"excerpt":{"rendered":"<p>La M\u00e9decine, 1900-1907, huile sur toile, 97 x 162 cm \u00a0\u00a0\u00a0\u00a0\u00a0\u00a0\u00a0\u00a0\u00a0\u00a0\u00a0 Le scandale \u00e9clate lors d\u2019une exposition de la S\u00e9cession \u00e0 Vienne en 1901 alors que Gustav Klimt expose pour la premi\u00e8re fois trois panneaux destin\u00e9s \u00e0 orner le hall de l\u2019Universit\u00e9 de Vienne. La commande avait \u00e9t\u00e9 faite pour repr\u00e9senter les quatre\u00a0disciplines universitaires : &hellip; <a href=\"https:\/\/tableauxdisparus.fr\/?page_id=1262\" class=\"more-link\">Continuer la lecture de <span class=\"screen-reader-text\">KLIMT, Gustav (1862-1918)<\/span><\/a><\/p>\n","protected":false},"author":2,"featured_media":0,"parent":0,"menu_order":0,"comment_status":"closed","ping_status":"closed","template":"","meta":{"footnotes":""},"class_list":["post-1262","page","type-page","status-publish","hentry"],"jetpack_sharing_enabled":true,"_links":{"self":[{"href":"https:\/\/tableauxdisparus.fr\/index.php?rest_route=\/wp\/v2\/pages\/1262","targetHints":{"allow":["GET"]}}],"collection":[{"href":"https:\/\/tableauxdisparus.fr\/index.php?rest_route=\/wp\/v2\/pages"}],"about":[{"href":"https:\/\/tableauxdisparus.fr\/index.php?rest_route=\/wp\/v2\/types\/page"}],"author":[{"embeddable":true,"href":"https:\/\/tableauxdisparus.fr\/index.php?rest_route=\/wp\/v2\/users\/2"}],"replies":[{"embeddable":true,"href":"https:\/\/tableauxdisparus.fr\/index.php?rest_route=%2Fwp%2Fv2%2Fcomments&post=1262"}],"version-history":[{"count":4,"href":"https:\/\/tableauxdisparus.fr\/index.php?rest_route=\/wp\/v2\/pages\/1262\/revisions"}],"predecessor-version":[{"id":1267,"href":"https:\/\/tableauxdisparus.fr\/index.php?rest_route=\/wp\/v2\/pages\/1262\/revisions\/1267"}],"wp:attachment":[{"href":"https:\/\/tableauxdisparus.fr\/index.php?rest_route=%2Fwp%2Fv2%2Fmedia&parent=1262"}],"curies":[{"name":"wp","href":"https:\/\/api.w.org\/{rel}","templated":true}]}}