{"id":1269,"date":"2016-07-08T18:53:21","date_gmt":"2016-07-08T17:53:21","guid":{"rendered":"http:\/\/tableauxdisparus.fr\/?page_id=1269"},"modified":"2016-12-12T14:07:22","modified_gmt":"2016-12-12T13:07:22","slug":"david-louis-projet-des-horaces","status":"publish","type":"page","link":"https:\/\/tableauxdisparus.fr\/?page_id=1269","title":{"rendered":"David, Louis (1748-1825),Le Vieil Horace d\u00e9fendant son fils"},"content":{"rendered":"<h2><em>Le Vieil Horace d\u00e9fendant son fils<\/em>, 1782, huile sur toile, 61 x 50 cm<em><br \/>\n<\/em><\/h2>\n<figure id=\"attachment_1276\" aria-describedby=\"caption-attachment-1276\" style=\"width: 476px\" class=\"wp-caption alignnone\"><a href=\"https:\/\/i0.wp.com\/tableauxdisparus.fr\/wp-content\/uploads\/2016\/07\/P1050446.jpg?ssl=1\"><img data-recalc-dims=\"1\" loading=\"lazy\" decoding=\"async\" class=\"wp-image-1276\" src=\"https:\/\/i0.wp.com\/tableauxdisparus.fr\/wp-content\/uploads\/2016\/07\/P1050446.jpg?resize=476%2C390&#038;ssl=1\" alt=\"P1050446\" width=\"476\" height=\"390\" srcset=\"https:\/\/i0.wp.com\/tableauxdisparus.fr\/wp-content\/uploads\/2016\/07\/P1050446.jpg?resize=300%2C246&amp;ssl=1 300w, https:\/\/i0.wp.com\/tableauxdisparus.fr\/wp-content\/uploads\/2016\/07\/P1050446.jpg?w=320&amp;ssl=1 320w\" sizes=\"auto, (max-width: 476px) 100vw, 476px\" \/><\/a><figcaption id=\"caption-attachment-1276\" class=\"wp-caption-text\">Le tableau restitu\u00e9.<\/figcaption><\/figure>\n<figure id=\"attachment_1275\" aria-describedby=\"caption-attachment-1275\" style=\"width: 300px\" class=\"wp-caption alignnone\"><a href=\"https:\/\/i0.wp.com\/tableauxdisparus.fr\/wp-content\/uploads\/2016\/07\/projet-Horaces.jpg?ssl=1\"><img data-recalc-dims=\"1\" loading=\"lazy\" decoding=\"async\" class=\"wp-image-1275 size-medium\" src=\"https:\/\/i0.wp.com\/tableauxdisparus.fr\/wp-content\/uploads\/2016\/07\/projet-Horaces.jpg?resize=300%2C221&#038;ssl=1\" alt=\"projet Horaces\" width=\"300\" height=\"221\" srcset=\"https:\/\/i0.wp.com\/tableauxdisparus.fr\/wp-content\/uploads\/2016\/07\/projet-Horaces.jpg?resize=300%2C221&amp;ssl=1 300w, https:\/\/i0.wp.com\/tableauxdisparus.fr\/wp-content\/uploads\/2016\/07\/projet-Horaces.jpg?w=320&amp;ssl=1 320w\" sizes=\"auto, (max-width: 300px) 100vw, 300px\" \/><\/a><figcaption id=\"caption-attachment-1275\" class=\"wp-caption-text\">Le dessin du projet abandonn\u00e9.<\/figcaption><\/figure>\n<p style=\"text-align: justify;\">David assiste en 1782 \u00e0 une repr\u00e9sentation de la trag\u00e9die de Corneille, <em>Horace<\/em>. \u00a0 En voici l\u2019argument\u00a0: Rome, cit\u00e9 des Horaces, et Albe, cit\u00e9 des Curiaces, sont en guerre. Les rois ont d\u00e9cid\u00e9 de remettre le sort de leurs cit\u00e9s \u00e0 trois guerriers de chaque camp. Les champions d\u00e9sign\u00e9s de part et d\u2019autre sont les trois Horaces et les trois Curiaces. Mais le jeune Horace est mari\u00e9 \u00e0 Sabine, jeune fille albaine dont le fr\u00e8re Curiace est fianc\u00e9 \u00e0 Camille, s\u0153ur d&rsquo;Horace. Tous marchent au combat. Un seul en sortira vivant, au grand d\u00e9sespoir de Camille \u00a0qui aura perdu deux fr\u00e8res et un fianc\u00e9\u2026 Horace, offens\u00e9 et la jugeant tra\u00eetre \u00e0 sa patrie puisqu&rsquo;elle pleure un ennemi de Rome, la tue. Cependant Val\u00e8re, chevalier romain, amant de Camille, vient demander au roi Tulle justice du crime dont Horace s\u2019est rendu coupable. Le roi ordonne au coupable de se d\u00e9fendre. Horace r\u00e9pond que toute d\u00e9fense est inutile et qu\u2019il est pr\u00eat \u00e0 mourir. Alors le vieil Horace plaide la cause de son fils d\u2019une mani\u00e8re si \u00e9loquente que le roi Tulle pardonne au vainqueur.<\/p>\n<p style=\"text-align: justify;\">Au sortir de la repr\u00e9sentation th\u00e9\u00e2trale, David fit aussit\u00f4t un croquis correspondant \u00e0 la derni\u00e8re sc\u00e8ne de la pi\u00e8ce de th\u00e9\u00e2tre afin d\u2019en tirer un tableau\u00a0o\u00f9 figurerait le vieil Horace, debout sur les marches du temple, plaidant devant le peuple. Avec ce sujet, David veut donner un exemple de patriotisme et de sto\u00efcisme. Il pr\u00e9sente son projet \u00e0 l\u2019auteur dramatique Sedaine qui le critique\u00a0: \u00ab\u00a0<em>L\u2019action est presque nulle\u00a0; elle est toute en paroles<\/em>\u00a0\u00bb. D\u00e9\u00e7u, David abandonne donc ce projet pourtant bien avanc\u00e9 et r\u00e9alise de nombreuses esquisses qui m\u00e8neront trois ans plus tard au <em>Serment des Horaces<\/em>.<\/p>\n<p style=\"text-align: justify;\">Il \u00e9tait int\u00e9ressant de reconstituer l\u2019aspect que pouvait avoir ce tableau, bien pr\u00e9sent dans l\u2019esprit de l\u2019artiste avant d\u2019y \u00eatre gomm\u00e9, mais qui contient en germe le chef-d\u2019\u0153uvre du <em>Serment<\/em>, v\u00e9ritable symbole inaugurant le style r\u00e9volutionnaire et n\u00e9oclassique qui allait marquer toute une g\u00e9n\u00e9ration.<\/p>\n<p style=\"text-align: justify;\">Sous l\u2019angle narratif, la composition en frise, telle qu\u2019on la trouve sur les sarcophages romains, va organiser la disposition des personnages. Y est clairement assum\u00e9e la domination masculine. La femme est dans une position d\u2019abandon ou bien toute \u00e0 sa douleur. La repr\u00e9sentation est con\u00e7ue de fa\u00e7on g\u00e9om\u00e9trique. De gauche \u00e0 droite, l\u2019effet va en progressant, soulign\u00e9 par l\u2019\u00e9clairement, les couleurs (bleu, blanc, rouge) et l\u2019encha\u00eenement des mouvements des acteurs de la sc\u00e8ne. Les figures sont enti\u00e8rement absorb\u00e9es dans un moment de crise propre au d\u00e9roulement d\u2019une action tragique. Tandis que le corps de Camille git au pied de l\u2019escalier et que l\u2019albaine Sabine, pleure sur son cadavre.<\/p>\n<p style=\"text-align: right;\">(c) Daniel Lagoutte<\/p>\n<p>&nbsp;<\/p>\n<p>&nbsp;<\/p>\n","protected":false},"excerpt":{"rendered":"<p>Le Vieil Horace d\u00e9fendant son fils, 1782, huile sur toile, 61 x 50 cm David assiste en 1782 \u00e0 une repr\u00e9sentation de la trag\u00e9die de Corneille, Horace. \u00a0 En voici l\u2019argument\u00a0: Rome, cit\u00e9 des Horaces, et Albe, cit\u00e9 des Curiaces, sont en guerre. Les rois ont d\u00e9cid\u00e9 de remettre le sort de leurs cit\u00e9s \u00e0 &hellip; <a href=\"https:\/\/tableauxdisparus.fr\/?page_id=1269\" class=\"more-link\">Continuer la lecture de <span class=\"screen-reader-text\">David, Louis (1748-1825),Le Vieil Horace d\u00e9fendant son fils<\/span><\/a><\/p>\n","protected":false},"author":2,"featured_media":0,"parent":0,"menu_order":0,"comment_status":"closed","ping_status":"closed","template":"","meta":{"footnotes":""},"class_list":["post-1269","page","type-page","status-publish","hentry"],"jetpack_sharing_enabled":true,"_links":{"self":[{"href":"https:\/\/tableauxdisparus.fr\/index.php?rest_route=\/wp\/v2\/pages\/1269","targetHints":{"allow":["GET"]}}],"collection":[{"href":"https:\/\/tableauxdisparus.fr\/index.php?rest_route=\/wp\/v2\/pages"}],"about":[{"href":"https:\/\/tableauxdisparus.fr\/index.php?rest_route=\/wp\/v2\/types\/page"}],"author":[{"embeddable":true,"href":"https:\/\/tableauxdisparus.fr\/index.php?rest_route=\/wp\/v2\/users\/2"}],"replies":[{"embeddable":true,"href":"https:\/\/tableauxdisparus.fr\/index.php?rest_route=%2Fwp%2Fv2%2Fcomments&post=1269"}],"version-history":[{"count":7,"href":"https:\/\/tableauxdisparus.fr\/index.php?rest_route=\/wp\/v2\/pages\/1269\/revisions"}],"predecessor-version":[{"id":1520,"href":"https:\/\/tableauxdisparus.fr\/index.php?rest_route=\/wp\/v2\/pages\/1269\/revisions\/1520"}],"wp:attachment":[{"href":"https:\/\/tableauxdisparus.fr\/index.php?rest_route=%2Fwp%2Fv2%2Fmedia&parent=1269"}],"curies":[{"name":"wp","href":"https:\/\/api.w.org\/{rel}","templated":true}]}}