{"id":1315,"date":"2016-09-27T10:03:48","date_gmt":"2016-09-27T09:03:48","guid":{"rendered":"http:\/\/tableauxdisparus.fr\/?page_id=1315"},"modified":"2017-03-01T15:56:09","modified_gmt":"2017-03-01T14:56:09","slug":"delacroix-portrait-de-frederic-chopin-et-george-sand","status":"publish","type":"page","link":"https:\/\/tableauxdisparus.fr\/?page_id=1315","title":{"rendered":"Delacroix, Eug\u00e8ne (1798-1863)"},"content":{"rendered":"<h2><strong><em>Portrait de Fr\u00e9d\u00e9ric Chopin et George Sand<\/em>, 1838, huile sur toile, \u00a0116 x 81<\/strong><strong> cm<\/strong><\/h2>\n<p>&nbsp;<\/p>\n<figure id=\"attachment_1395\" aria-describedby=\"caption-attachment-1395\" style=\"width: 555px\" class=\"wp-caption alignnone\"><a href=\"https:\/\/i0.wp.com\/tableauxdisparus.fr\/wp-content\/uploads\/2016\/09\/P1050547.jpg?ssl=1\"><img data-recalc-dims=\"1\" loading=\"lazy\" decoding=\"async\" class=\"wp-image-1395\" src=\"https:\/\/i0.wp.com\/tableauxdisparus.fr\/wp-content\/uploads\/2016\/09\/P1050547.jpg?resize=555%2C390&#038;ssl=1\" alt=\"p1050547\" width=\"555\" height=\"390\" srcset=\"https:\/\/i0.wp.com\/tableauxdisparus.fr\/wp-content\/uploads\/2016\/09\/P1050547.jpg?resize=300%2C211&amp;ssl=1 300w, https:\/\/i0.wp.com\/tableauxdisparus.fr\/wp-content\/uploads\/2016\/09\/P1050547.jpg?w=320&amp;ssl=1 320w\" sizes=\"auto, (max-width: 555px) 100vw, 555px\" \/><\/a><figcaption id=\"caption-attachment-1395\" class=\"wp-caption-text\">Restitution du tableau de Delacroix.<\/figcaption><\/figure>\n<p>&nbsp;<\/p>\n<figure id=\"attachment_1398\" aria-describedby=\"caption-attachment-1398\" style=\"width: 300px\" class=\"wp-caption alignnone\"><a href=\"https:\/\/i0.wp.com\/tableauxdisparus.fr\/wp-content\/uploads\/2016\/09\/CroquisDelacroix.jpg?ssl=1\"><img data-recalc-dims=\"1\" loading=\"lazy\" decoding=\"async\" class=\"wp-image-1398 size-medium\" src=\"https:\/\/i0.wp.com\/tableauxdisparus.fr\/wp-content\/uploads\/2016\/09\/CroquisDelacroix.jpg?resize=300%2C257&#038;ssl=1\" alt=\"croquisdelacroix\" width=\"300\" height=\"257\" srcset=\"https:\/\/i0.wp.com\/tableauxdisparus.fr\/wp-content\/uploads\/2016\/09\/CroquisDelacroix.jpg?resize=300%2C257&amp;ssl=1 300w, https:\/\/i0.wp.com\/tableauxdisparus.fr\/wp-content\/uploads\/2016\/09\/CroquisDelacroix.jpg?w=320&amp;ssl=1 320w\" sizes=\"auto, (max-width: 300px) 100vw, 300px\" \/><\/a><figcaption id=\"caption-attachment-1398\" class=\"wp-caption-text\">Croquis du projet.<\/figcaption><\/figure>\n<p style=\"text-align: justify;\">Le <em>Portrait de Fr\u00e9d\u00e9ric Chopin et George Sand<\/em> a \u00e9t\u00e9 r\u00e9alis\u00e9 en 1838 par Eug\u00e8ne Delacroix qui l\u2019a laiss\u00e9 inachev\u00e9. Il a \u00e9t\u00e9 ex\u00e9cut\u00e9 durant les d\u00e9buts de sa relation avec les deux amants. Delacroix leur rendait visite \u00e0 Nohant dans le ch\u00e2teau que poss\u00e9dait la femme de lettres. Il y disposait d\u2019un atelier. On ne sait pas si le tableau \u00e9tait une commande ou con\u00e7u pour \u00eatre au compositeur. Il devint la propri\u00e9t\u00e9 du peintre Constant Dutilleux apr\u00e8s la mort de Delacroix. En 1865, les h\u00e9ritiers de Dutilleux ont,\u00a0par profit, coup\u00e9 la toile en deux, la vente s\u00e9par\u00e9e de figures de c\u00e9l\u00e9brit\u00e9s rapportant plus qu\u2019un double portrait. Celui de George Sand atterrit \u00e0 la Glyptoth\u00e8que de Copenhague et celui de Chopin au Louvre apr\u00e8s avoir \u00e9t\u00e9 la propri\u00e9t\u00e9 du pianiste Marmontel. L&rsquo;esquisse du projet est au Louvre.<\/p>\n<p style=\"text-align: justify;\">Plusieurs reconstitutions ont d\u00e9j\u00e0 \u00e9t\u00e9 propos\u00e9es par des peintres. A notre avis, elles ne tiennent pas suffisamment compte du projet. Le regard de Chopin est tout int\u00e9rieur, pris dans la musique qui r\u00e9sonne en lui. Enti\u00e8rement \u00e0 l&rsquo;\u00e9coute, Georges Sand est, quant \u00e0 elle, plong\u00e9e dans la m\u00e9ditation auditive. D&rsquo;une main, elle tient une cigarette, de l&rsquo;autre elle serre un mouchoir.<\/p>\n<p style=\"text-align: justify;\">Pour terminer son tableau \u00e0 Paris, Delacroix a lou\u00e9 un piano. Cela signifie que le piano constituait un \u00e9l\u00e9ment important de la composition. Une triple relation s\u2019\u00e9tablit liant le regard de Georges Sand aux mains du pianiste et de l\u00e0 au visage inspir\u00e9 du compositeur illumin\u00e9 par l&rsquo;improvisation. Et puis Delacroix \u00e9tait plus li\u00e9 \u00e0 Chopin qu\u2019\u00e0 la romanci\u00e8re. Cette derni\u00e8re appara\u00eet ici comme contrepoint \u00e0 la figure de Chopin que Delacroix surnommait affectueusement \u00ab Chopinet\u00a0\u00bb.<\/p>\n<p style=\"text-align: right;\">(c) Daniel Lagoutte<\/p>\n<p>&nbsp;<\/p>\n<p>&nbsp;<\/p>\n","protected":false},"excerpt":{"rendered":"<p>Portrait de Fr\u00e9d\u00e9ric Chopin et George Sand, 1838, huile sur toile, \u00a0116 x 81 cm &nbsp; &nbsp; Le Portrait de Fr\u00e9d\u00e9ric Chopin et George Sand a \u00e9t\u00e9 r\u00e9alis\u00e9 en 1838 par Eug\u00e8ne Delacroix qui l\u2019a laiss\u00e9 inachev\u00e9. Il a \u00e9t\u00e9 ex\u00e9cut\u00e9 durant les d\u00e9buts de sa relation avec les deux amants. Delacroix leur rendait visite &hellip; <a href=\"https:\/\/tableauxdisparus.fr\/?page_id=1315\" class=\"more-link\">Continuer la lecture de <span class=\"screen-reader-text\">Delacroix, Eug\u00e8ne (1798-1863)<\/span><\/a><\/p>\n","protected":false},"author":2,"featured_media":0,"parent":0,"menu_order":0,"comment_status":"closed","ping_status":"closed","template":"","meta":{"footnotes":""},"class_list":["post-1315","page","type-page","status-publish","hentry"],"jetpack_sharing_enabled":true,"_links":{"self":[{"href":"https:\/\/tableauxdisparus.fr\/index.php?rest_route=\/wp\/v2\/pages\/1315","targetHints":{"allow":["GET"]}}],"collection":[{"href":"https:\/\/tableauxdisparus.fr\/index.php?rest_route=\/wp\/v2\/pages"}],"about":[{"href":"https:\/\/tableauxdisparus.fr\/index.php?rest_route=\/wp\/v2\/types\/page"}],"author":[{"embeddable":true,"href":"https:\/\/tableauxdisparus.fr\/index.php?rest_route=\/wp\/v2\/users\/2"}],"replies":[{"embeddable":true,"href":"https:\/\/tableauxdisparus.fr\/index.php?rest_route=%2Fwp%2Fv2%2Fcomments&post=1315"}],"version-history":[{"count":12,"href":"https:\/\/tableauxdisparus.fr\/index.php?rest_route=\/wp\/v2\/pages\/1315\/revisions"}],"predecessor-version":[{"id":1659,"href":"https:\/\/tableauxdisparus.fr\/index.php?rest_route=\/wp\/v2\/pages\/1315\/revisions\/1659"}],"wp:attachment":[{"href":"https:\/\/tableauxdisparus.fr\/index.php?rest_route=%2Fwp%2Fv2%2Fmedia&parent=1315"}],"curies":[{"name":"wp","href":"https:\/\/api.w.org\/{rel}","templated":true}]}}