{"id":1360,"date":"2016-09-28T17:23:14","date_gmt":"2016-09-28T16:23:14","guid":{"rendered":"http:\/\/tableauxdisparus.fr\/?page_id=1360"},"modified":"2016-09-30T15:03:24","modified_gmt":"2016-09-30T14:03:24","slug":"basil-le-portrait-de-dorian-gray","status":"publish","type":"page","link":"https:\/\/tableauxdisparus.fr\/?page_id=1360","title":{"rendered":"Hallward, Basil"},"content":{"rendered":"<h2><strong><em>Le Portrait de Dorian Gray<\/em><\/strong><strong>, 1890, huile sur toile<\/strong><\/h2>\n<figure id=\"attachment_1382\" aria-describedby=\"caption-attachment-1382\" style=\"width: 146px\" class=\"wp-caption alignnone\"><a href=\"https:\/\/i0.wp.com\/tableauxdisparus.fr\/wp-content\/uploads\/2016\/09\/P1050572-001.jpg?ssl=1\"><img data-recalc-dims=\"1\" loading=\"lazy\" decoding=\"async\" class=\"wp-image-1382 size-medium\" src=\"https:\/\/i0.wp.com\/tableauxdisparus.fr\/wp-content\/uploads\/2016\/09\/P1050572-001.jpg?resize=146%2C300&#038;ssl=1\" width=\"146\" height=\"300\" srcset=\"https:\/\/i0.wp.com\/tableauxdisparus.fr\/wp-content\/uploads\/2016\/09\/P1050572-001.jpg?resize=146%2C300&amp;ssl=1 146w, https:\/\/i0.wp.com\/tableauxdisparus.fr\/wp-content\/uploads\/2016\/09\/P1050572-001.jpg?w=156&amp;ssl=1 156w\" sizes=\"auto, (max-width: 146px) 100vw, 146px\" \/><\/a><figcaption id=\"caption-attachment-1382\" class=\"wp-caption-text\">Le portrait de Dorian Gray tel qu&rsquo;on peut l&rsquo;imaginer.<\/figcaption><\/figure>\n<p style=\"text-align: justify;\">Ce tableau d\u00e9truit est une fiction, \u00ab\u00a0ce tableau est une mal\u00e9diction\u00a0\u00bb. Il a \u00e9t\u00e9 imagin\u00e9 par Oscar Wilde dans son roman pour \u00eatre finalement dramatiquement d\u00e9truit. Voici l\u2019histoire\u00a0: le peintre Basil Hallward a mis toute son \u00e2me dans ce portrait d\u2019un jeune homme d\u2019une extraordinaire beaut\u00e9 \u00e0 qui rien ne saurait \u00eatre refus\u00e9.\u00a0 Gr\u00e2ce \u00e0 la magie d\u2019un v\u0153u qu\u2019il a fait, toutes les vicissitudes de la vie ne laisseront aucune trace sur le visage du mod\u00e8le, mais seront inscrites sur le portrait. Ainsi, le tableau refl\u00e8tera toutes les ignominies du mod\u00e8le.<\/p>\n<p style=\"text-align: justify;\">Au cours du r\u00e9cit, en compagnie du portraitiste, Dorian \u00e9carte le rideau qui cache la peinture\u00a0: \u00ab\u00a0Une exclamation d&rsquo;horreur s&rsquo;\u00e9chappa des l\u00e8vres du peintre lorsqu&rsquo;il vit dans la faible lumi\u00e8re le visage hideux qui lui souriait sur la toile. Il y avait quelque chose dans son expression qui le remplit de d\u00e9go\u00fbt et de r\u00e9pugnance. Grands dieux ! C&rsquo;\u00e9tait le visage de Dorian Gray qu&rsquo;il regardait ! L&rsquo;horreur, quelle qu&rsquo;elle f\u00fbt, n&rsquo;avait pas encore enti\u00e8rement ravag\u00e9 sa stup\u00e9fiante beaut\u00e9. Il restait encore des reflets d&rsquo;or dans la chevelure qui s&rsquo;\u00e9claircissait et un peu de rouge sur la bouche sensuelle. Les yeux bouffis avaient gard\u00e9 quelque chose de la beaut\u00e9 de leur bleu. Le contour des narines et le model\u00e9 du cou n&rsquo;avaient pas encore perdu compl\u00e8tement la noblesse de leurs courbes. C&rsquo;\u00e9tait bien Dorian. Mais qui avait peint ce tableau ? Il lui semblait reconna\u00eetre son coup de pinceau. Quant au cadre, il \u00e9tait de lui. C&rsquo;\u00e9tait une id\u00e9e monstrueuse et pourtant il eut peur. Il prit la chandelle allum\u00e9e et la tint devant le portrait, Son nom figurait dans le coin gauche, trac\u00e9 en longues lettres d&rsquo;un vermillon brillant.\u00a0\u00bb<\/p>\n<p style=\"text-align: justify;\">Mais, avec le temps, arrive le moment fatidique o\u00f9 deviendra insupportable \u00e0 Dorian la vision de sa propre d\u00e9ch\u00e9ance. N\u2019en pouvant plus, il poignarde le tableau et tombe mort comme s\u2019il s\u2019\u00e9tait frapp\u00e9 lui-m\u00eame.<\/p>\n<p style=\"text-align: justify;\">Pour donner une id\u00e9e de ce qu\u2019aurait pu \u00eatre ce tableau d\u00e9truit, il ne fallait pas c\u00e9der \u00e0 la facilit\u00e9 de figurer la laideur, mais afficher une image du vice convaincante par la mollesse des traits et de la posture du personnage, les mains trahissant sa culpabilit\u00e9.<\/p>\n<p style=\"text-align: right;\">(c) Daniel Lagoutte<\/p>\n<p>&nbsp;<\/p>\n<p>&nbsp;<\/p>\n","protected":false},"excerpt":{"rendered":"<p>Le Portrait de Dorian Gray, 1890, huile sur toile Ce tableau d\u00e9truit est une fiction, \u00ab\u00a0ce tableau est une mal\u00e9diction\u00a0\u00bb. Il a \u00e9t\u00e9 imagin\u00e9 par Oscar Wilde dans son roman pour \u00eatre finalement dramatiquement d\u00e9truit. Voici l\u2019histoire\u00a0: le peintre Basil Hallward a mis toute son \u00e2me dans ce portrait d\u2019un jeune homme d\u2019une extraordinaire beaut\u00e9 &hellip; <a href=\"https:\/\/tableauxdisparus.fr\/?page_id=1360\" class=\"more-link\">Continuer la lecture de <span class=\"screen-reader-text\">Hallward, Basil<\/span><\/a><\/p>\n","protected":false},"author":2,"featured_media":0,"parent":0,"menu_order":0,"comment_status":"closed","ping_status":"closed","template":"","meta":{"footnotes":""},"class_list":["post-1360","page","type-page","status-publish","hentry"],"jetpack_sharing_enabled":true,"_links":{"self":[{"href":"https:\/\/tableauxdisparus.fr\/index.php?rest_route=\/wp\/v2\/pages\/1360","targetHints":{"allow":["GET"]}}],"collection":[{"href":"https:\/\/tableauxdisparus.fr\/index.php?rest_route=\/wp\/v2\/pages"}],"about":[{"href":"https:\/\/tableauxdisparus.fr\/index.php?rest_route=\/wp\/v2\/types\/page"}],"author":[{"embeddable":true,"href":"https:\/\/tableauxdisparus.fr\/index.php?rest_route=\/wp\/v2\/users\/2"}],"replies":[{"embeddable":true,"href":"https:\/\/tableauxdisparus.fr\/index.php?rest_route=%2Fwp%2Fv2%2Fcomments&post=1360"}],"version-history":[{"count":13,"href":"https:\/\/tableauxdisparus.fr\/index.php?rest_route=\/wp\/v2\/pages\/1360\/revisions"}],"predecessor-version":[{"id":1408,"href":"https:\/\/tableauxdisparus.fr\/index.php?rest_route=\/wp\/v2\/pages\/1360\/revisions\/1408"}],"wp:attachment":[{"href":"https:\/\/tableauxdisparus.fr\/index.php?rest_route=%2Fwp%2Fv2%2Fmedia&parent=1360"}],"curies":[{"name":"wp","href":"https:\/\/api.w.org\/{rel}","templated":true}]}}