{"id":1371,"date":"2016-09-28T17:57:30","date_gmt":"2016-09-28T16:57:30","guid":{"rendered":"http:\/\/tableauxdisparus.fr\/?page_id=1371"},"modified":"2016-12-12T11:57:30","modified_gmt":"2016-12-12T10:57:30","slug":"courbet-le-retour-de-conference","status":"publish","type":"page","link":"https:\/\/tableauxdisparus.fr\/?page_id=1371","title":{"rendered":"Courbet, Gustave (1819-1877)"},"content":{"rendered":"<h2><strong><em>Le Retour de conf\u00e9rence<\/em><\/strong><strong>, 1863, huile sur toile, 81 x 100 cm<\/strong><\/h2>\n<figure id=\"attachment_1394\" aria-describedby=\"caption-attachment-1394\" style=\"width: 421px\" class=\"wp-caption alignnone\"><a href=\"https:\/\/i0.wp.com\/tableauxdisparus.fr\/wp-content\/uploads\/2016\/09\/P1050549.jpg?ssl=1\"><img data-recalc-dims=\"1\" loading=\"lazy\" decoding=\"async\" class=\"wp-image-1394\" src=\"https:\/\/i0.wp.com\/tableauxdisparus.fr\/wp-content\/uploads\/2016\/09\/P1050549.jpg?resize=421%2C332&#038;ssl=1\" alt=\"p1050549\" width=\"421\" height=\"332\" srcset=\"https:\/\/i0.wp.com\/tableauxdisparus.fr\/wp-content\/uploads\/2016\/09\/P1050549.jpg?resize=300%2C237&amp;ssl=1 300w, https:\/\/i0.wp.com\/tableauxdisparus.fr\/wp-content\/uploads\/2016\/09\/P1050549.jpg?w=320&amp;ssl=1 320w\" sizes=\"auto, (max-width: 421px) 100vw, 421px\" \/><\/a><figcaption id=\"caption-attachment-1394\" class=\"wp-caption-text\">Le tableau de Courbet restitu\u00e9.<\/figcaption><\/figure>\n<p style=\"text-align: justify;\">Ce fameux tableau est aujourd\u2019hui d\u00e9truit. Il ne nous en reste le souvenir par deux esquisses et une photographie du tableau achev\u00e9.<\/p>\n<p style=\"text-align: justify;\">Il s\u2019agit pour Courbet de provoquer la critique\u00a0: \u00ab\u00a0<em>Je vais arriver avec ma toile faite, je la pr\u00e9senterai au Salon. Ce qu\u2019on va hurler\u00a0!\u00a0<\/em>\u00bb. \u00ab\u00a0<em>J\u2019avais fait ce tableau pour qu\u2019il soit refus\u00e9, j\u2019ai r\u00e9ussi. C\u2019est comme cela qu\u2019il me rapportera de l\u2019argent.<\/em>\u00a0\u00bb Exclu de ce Salon et m\u00eame du Salon des refus\u00e9s de 1863, Courbet a fait r\u00e9aliser par le photographe Bingham une <em>image du Retour de conf\u00e9rence, afin de diffuser l\u2019image du tableau censur\u00e9. En 1867, l\u2019\u00c9tat fait d\u00e9truire les clich\u00e9s, provoquant l\u2019indignation de l\u2019artiste.<\/em><\/p>\n<p style=\"text-align: justify;\">Le peintre jugeait son tableau \u00ab\u00a0capital\u00a0\u00bb, c\u2019\u00e9tait pour lui un moyen de d\u00e9fier le pouvoir imp\u00e9rial, de se confronter \u00e0 la censure, d\u2019exprimer par la farce son anticl\u00e9ricalisme.<\/p>\n<p style=\"text-align: justify;\">Apr\u00e8s diverses tribulations, l\u2019\u0153uvre fut achet\u00e9e en 1900 par un financier, catholique exalt\u00e9, \u00e0 seule fin de la d\u00e9truire. Ce qui fut fait.<\/p>\n<p style=\"text-align: justify;\">Qu\u2019on imagine cette peinture qui, \u00e0 l\u2019origine faisait 2,30 m x 3,30 m.\u00a0 Pour des raisons mat\u00e9rielles, on a d\u00fb se limiter ici \u00e0 des dimensions plus modestes. La toile a \u00e9t\u00e9 enduite d\u2019un fond presque noir laissant deviner un dessin pr\u00e9cis. Progressivement, par touches color\u00e9es, \u00a0on est remont\u00e9 vers la clart\u00e9, en gardant pr\u00e9sent \u00e0 l\u2019esprit comment, en photographie, agit le r\u00e9v\u00e9lateur sur la pellicule lors du d\u00e9veloppement. Dans les premiers plans, la p\u00e2te color\u00e9e est pos\u00e9e en couches \u00e9paisses presque s\u00e8ches pour cr\u00e9er une mati\u00e8re bien pr\u00e9sente.<\/p>\n<p style=\"text-align: right;\">(c) Daniel Lagoutte<\/p>\n<p>&nbsp;<\/p>\n<p>&nbsp;<\/p>\n<p>&nbsp;<\/p>\n","protected":false},"excerpt":{"rendered":"<p>Le Retour de conf\u00e9rence, 1863, huile sur toile, 81 x 100 cm Ce fameux tableau est aujourd\u2019hui d\u00e9truit. Il ne nous en reste le souvenir par deux esquisses et une photographie du tableau achev\u00e9. Il s\u2019agit pour Courbet de provoquer la critique\u00a0: \u00ab\u00a0Je vais arriver avec ma toile faite, je la pr\u00e9senterai au Salon. Ce &hellip; <a href=\"https:\/\/tableauxdisparus.fr\/?page_id=1371\" class=\"more-link\">Continuer la lecture de <span class=\"screen-reader-text\">Courbet, Gustave (1819-1877)<\/span><\/a><\/p>\n","protected":false},"author":2,"featured_media":0,"parent":0,"menu_order":0,"comment_status":"closed","ping_status":"closed","template":"","meta":{"footnotes":""},"class_list":["post-1371","page","type-page","status-publish","hentry"],"jetpack_sharing_enabled":true,"_links":{"self":[{"href":"https:\/\/tableauxdisparus.fr\/index.php?rest_route=\/wp\/v2\/pages\/1371","targetHints":{"allow":["GET"]}}],"collection":[{"href":"https:\/\/tableauxdisparus.fr\/index.php?rest_route=\/wp\/v2\/pages"}],"about":[{"href":"https:\/\/tableauxdisparus.fr\/index.php?rest_route=\/wp\/v2\/types\/page"}],"author":[{"embeddable":true,"href":"https:\/\/tableauxdisparus.fr\/index.php?rest_route=\/wp\/v2\/users\/2"}],"replies":[{"embeddable":true,"href":"https:\/\/tableauxdisparus.fr\/index.php?rest_route=%2Fwp%2Fv2%2Fcomments&post=1371"}],"version-history":[{"count":9,"href":"https:\/\/tableauxdisparus.fr\/index.php?rest_route=\/wp\/v2\/pages\/1371\/revisions"}],"predecessor-version":[{"id":1503,"href":"https:\/\/tableauxdisparus.fr\/index.php?rest_route=\/wp\/v2\/pages\/1371\/revisions\/1503"}],"wp:attachment":[{"href":"https:\/\/tableauxdisparus.fr\/index.php?rest_route=%2Fwp%2Fv2%2Fmedia&parent=1371"}],"curies":[{"name":"wp","href":"https:\/\/api.w.org\/{rel}","templated":true}]}}