{"id":1375,"date":"2016-09-28T18:03:50","date_gmt":"2016-09-28T17:03:50","guid":{"rendered":"http:\/\/tableauxdisparus.fr\/?page_id=1375"},"modified":"2016-12-12T12:01:40","modified_gmt":"2016-12-12T11:01:40","slug":"ingres-la-dormeuse-de-naples","status":"publish","type":"page","link":"https:\/\/tableauxdisparus.fr\/?page_id=1375","title":{"rendered":"Ingres, Jean-Auguste-Dominique (1780-1867)"},"content":{"rendered":"<h2><strong><em>La Dormeuse de Naples<\/em><\/strong><strong>, 1808, huile sur toile, 97 x 162 cm<\/strong><\/h2>\n<figure id=\"attachment_1399\" aria-describedby=\"caption-attachment-1399\" style=\"width: 449px\" class=\"wp-caption alignnone\"><a href=\"https:\/\/i0.wp.com\/tableauxdisparus.fr\/wp-content\/uploads\/2016\/09\/P1050573.jpg?ssl=1\"><img data-recalc-dims=\"1\" loading=\"lazy\" decoding=\"async\" class=\"wp-image-1399\" src=\"https:\/\/i0.wp.com\/tableauxdisparus.fr\/wp-content\/uploads\/2016\/09\/P1050573.jpg?resize=449%2C278&#038;ssl=1\" alt=\"p1050573\" width=\"449\" height=\"278\" srcset=\"https:\/\/i0.wp.com\/tableauxdisparus.fr\/wp-content\/uploads\/2016\/09\/P1050573.jpg?resize=300%2C186&amp;ssl=1 300w, https:\/\/i0.wp.com\/tableauxdisparus.fr\/wp-content\/uploads\/2016\/09\/P1050573.jpg?w=320&amp;ssl=1 320w\" sizes=\"auto, (max-width: 449px) 100vw, 449px\" \/><\/a><figcaption id=\"caption-attachment-1399\" class=\"wp-caption-text\">Restitution du tableau d\u00e9truit de la Dormeuse.<\/figcaption><\/figure>\n<figure id=\"attachment_1439\" aria-describedby=\"caption-attachment-1439\" style=\"width: 300px\" class=\"wp-caption alignnone\"><a href=\"https:\/\/i0.wp.com\/tableauxdisparus.fr\/wp-content\/uploads\/2016\/10\/IngresCroquis.jpg?ssl=1\"><img data-recalc-dims=\"1\" loading=\"lazy\" decoding=\"async\" class=\"wp-image-1439 size-medium\" src=\"https:\/\/i0.wp.com\/tableauxdisparus.fr\/wp-content\/uploads\/2016\/10\/IngresCroquis.jpg?resize=300%2C159&#038;ssl=1\" alt=\"ingrescroquis\" width=\"300\" height=\"159\" srcset=\"https:\/\/i0.wp.com\/tableauxdisparus.fr\/wp-content\/uploads\/2016\/10\/IngresCroquis.jpg?resize=300%2C159&amp;ssl=1 300w, https:\/\/i0.wp.com\/tableauxdisparus.fr\/wp-content\/uploads\/2016\/10\/IngresCroquis.jpg?w=320&amp;ssl=1 320w\" sizes=\"auto, (max-width: 300px) 100vw, 300px\" \/><\/a><figcaption id=\"caption-attachment-1439\" class=\"wp-caption-text\">Le dessin d\u2019Ingres figurant au verso d&rsquo;une lettre adress\u00e9e \u00e0 Caroline Murat. Il a servi pour la reconstitution du tableau disparu.<\/figcaption><\/figure>\n<p style=\"text-align: justify;\">Cette peinture a \u00e9t\u00e9 r\u00e9alis\u00e9e \u00e0 l&rsquo;\u00e9poque o\u00f9 Ingres \u00e9tait pensionnaire de l\u2019Acad\u00e9mie de France \u00e0 Rome, expos\u00e9e en 1809, et achet\u00e9e aussit\u00f4t par Murat, alors roi de Naples. En 1814, la reine Caroline Bonaparte commandait \u00e0 Ingres un pendant oriental \u00e0 ce tableau, ce sera <em>La Grande Odalisque<\/em> conserv\u00e9e au mus\u00e9e du Louvre. Qu\u2019est devenue <em>La Dormeuse de Naples\u00a0<\/em>? En 1815, apr\u00e8s la chute de Murat et le pillage de son palais, les tableaux disparaissent. <em>La Grand Odalisque<\/em> est retrouv\u00e9e par Ingres \u00e0 Naples, chez le comte de Narbonne-Pelet. Mais <em>La Dormeuse de Naples<\/em> a myst\u00e9rieusement disparu. Inconsolable, Ingres tente diverses d\u00e9marches pour la r\u00e9cup\u00e9rer afin de l\u2019exposer au Salon de 1833.\u00a0 Il \u00e9crit en 1832 \u00e0 Caroline Murat et r\u00e9alise de m\u00e9moire un croquis pour conserver un souvenir du tableau disparu et permettre d\u2019en retrouver la trace. En vain. Ce tableau perdu se situe entre deux glorieux nus d\u2019Ingres\u00a0: la <em>Baigneuse de Valpin\u00e7on<\/em> et la <em>Grande Odalisque. <\/em>D\u2019o\u00f9 son importance.<\/p>\n<p style=\"text-align: justify;\">Plusieurs versions coexistent\u00a0concernant le destin de l\u2019\u0153uvre disparue ou d\u00e9truite : Le photographe italien Teodorico rapporte en 1861 que G\u00e9ricault, dont il avait \u00e9t\u00e9 autrefois l&rsquo;\u00e9l\u00e8ve, poss\u00e9dait <em>La Dormeuse<\/em>. De son c\u00f4t\u00e9, un ancien \u00e9l\u00e8ve d\u2019Ingres dit savoir que Joseph, le mod\u00e8le noir de G\u00e9ricault, aurait emport\u00e9 la toile quelques jours avant la mort du peintre pour la vendre sans succ\u00e8s en Angleterre ou Italie. Autre version toujours relative \u00e0 G\u00e9ricault\u00a0: il l\u2019aurait utilis\u00e9 comme support pour l\u2019un de ses tableaux. On sugg\u00e8re celui des <em>Courses \u00e0 Epson<\/em>.\u00a0 Pour cela, la toile aurait \u00e9t\u00e9 d\u00e9coup\u00e9e et mont\u00e9e sur un nouveau ch\u00e2ssis.\u00a0 On a avanc\u00e9 enfin que le tableau se trouverait masqu\u00e9 sous un autre, un faux attribu\u00e9 \u00e0 Luca Giordano (1634-1705) et conserv\u00e9 au mus\u00e9e de Naples.<\/p>\n<figure id=\"attachment_1440\" aria-describedby=\"caption-attachment-1440\" style=\"width: 300px\" class=\"wp-caption alignnone\"><a href=\"https:\/\/i0.wp.com\/tableauxdisparus.fr\/wp-content\/uploads\/2016\/10\/Giordano.jpg?ssl=1\"><img data-recalc-dims=\"1\" loading=\"lazy\" decoding=\"async\" class=\"wp-image-1440 size-medium\" src=\"https:\/\/i0.wp.com\/tableauxdisparus.fr\/wp-content\/uploads\/2016\/10\/Giordano.jpg?resize=300%2C216&#038;ssl=1\" alt=\"giordano\" width=\"300\" height=\"216\" srcset=\"https:\/\/i0.wp.com\/tableauxdisparus.fr\/wp-content\/uploads\/2016\/10\/Giordano.jpg?resize=300%2C216&amp;ssl=1 300w, https:\/\/i0.wp.com\/tableauxdisparus.fr\/wp-content\/uploads\/2016\/10\/Giordano.jpg?w=320&amp;ssl=1 320w\" sizes=\"auto, (max-width: 300px) 100vw, 300px\" \/><\/a><figcaption id=\"caption-attachment-1440\" class=\"wp-caption-text\">Le tableau de Giordano sous lequel pourrait se trouver la Dormeuse.<\/figcaption><\/figure>\n<p style=\"text-align: justify;\">Ajoutons que lors du pillage du palais de Naples, le peuple aurait saccag\u00e9 le tableau de <em>la Dormeuse<\/em>, consid\u00e9rant que c\u2019\u00e9tait l\u00e0 un portrait de Caroline nue. Les sp\u00e9cialistes affirment aujourd\u2019hui que le tableau a \u00e9t\u00e9 d\u00e9finitivement d\u00e9truit en 1815.<\/p>\n<p style=\"text-align: justify;\">Comme Ingres, nous avons travaill\u00e9 sur une toile de trame assez grossi\u00e8re, irr\u00e9guli\u00e8re. Cette technique permet de conserver sous-jacent la blancheur de l\u2019appr\u00eat.<\/p>\n<p style=\"padding-left: 30px; text-align: right;\">(c) Daniel Lagoutte<\/p>\n","protected":false},"excerpt":{"rendered":"<p>La Dormeuse de Naples, 1808, huile sur toile, 97 x 162 cm Cette peinture a \u00e9t\u00e9 r\u00e9alis\u00e9e \u00e0 l&rsquo;\u00e9poque o\u00f9 Ingres \u00e9tait pensionnaire de l\u2019Acad\u00e9mie de France \u00e0 Rome, expos\u00e9e en 1809, et achet\u00e9e aussit\u00f4t par Murat, alors roi de Naples. En 1814, la reine Caroline Bonaparte commandait \u00e0 Ingres un pendant oriental \u00e0 ce &hellip; <a href=\"https:\/\/tableauxdisparus.fr\/?page_id=1375\" class=\"more-link\">Continuer la lecture de <span class=\"screen-reader-text\">Ingres, Jean-Auguste-Dominique (1780-1867)<\/span><\/a><\/p>\n","protected":false},"author":2,"featured_media":0,"parent":0,"menu_order":0,"comment_status":"closed","ping_status":"closed","template":"","meta":{"footnotes":""},"class_list":["post-1375","page","type-page","status-publish","hentry"],"jetpack_sharing_enabled":true,"_links":{"self":[{"href":"https:\/\/tableauxdisparus.fr\/index.php?rest_route=\/wp\/v2\/pages\/1375","targetHints":{"allow":["GET"]}}],"collection":[{"href":"https:\/\/tableauxdisparus.fr\/index.php?rest_route=\/wp\/v2\/pages"}],"about":[{"href":"https:\/\/tableauxdisparus.fr\/index.php?rest_route=\/wp\/v2\/types\/page"}],"author":[{"embeddable":true,"href":"https:\/\/tableauxdisparus.fr\/index.php?rest_route=\/wp\/v2\/users\/2"}],"replies":[{"embeddable":true,"href":"https:\/\/tableauxdisparus.fr\/index.php?rest_route=%2Fwp%2Fv2%2Fcomments&post=1375"}],"version-history":[{"count":9,"href":"https:\/\/tableauxdisparus.fr\/index.php?rest_route=\/wp\/v2\/pages\/1375\/revisions"}],"predecessor-version":[{"id":1504,"href":"https:\/\/tableauxdisparus.fr\/index.php?rest_route=\/wp\/v2\/pages\/1375\/revisions\/1504"}],"wp:attachment":[{"href":"https:\/\/tableauxdisparus.fr\/index.php?rest_route=%2Fwp%2Fv2%2Fmedia&parent=1375"}],"curies":[{"name":"wp","href":"https:\/\/api.w.org\/{rel}","templated":true}]}}