{"id":1542,"date":"2016-12-13T19:26:34","date_gmt":"2016-12-13T18:26:34","guid":{"rendered":"http:\/\/tableauxdisparus.fr\/?page_id=1542"},"modified":"2016-12-13T19:37:09","modified_gmt":"2016-12-13T18:37:09","slug":"courbet-la-sieste-2","status":"publish","type":"page","link":"https:\/\/tableauxdisparus.fr\/?page_id=1542","title":{"rendered":"Courbet, Gustave (1819-1877)"},"content":{"rendered":"<h2><em>La Sieste champ\u00eatre<\/em>, vers 1840-1844, huile sur toile, 81 x 97 cm<\/h2>\n<figure id=\"attachment_1523\" aria-describedby=\"caption-attachment-1523\" style=\"width: 361px\" class=\"wp-caption alignnone\"><a href=\"https:\/\/i0.wp.com\/tableauxdisparus.fr\/wp-content\/uploads\/2016\/12\/Courbet-La-Sieste.jpg?ssl=1\"><img data-recalc-dims=\"1\" loading=\"lazy\" decoding=\"async\" class=\"wp-image-1523\" src=\"https:\/\/i0.wp.com\/tableauxdisparus.fr\/wp-content\/uploads\/2016\/12\/Courbet-La-Sieste.jpg?resize=361%2C290&#038;ssl=1\" width=\"361\" height=\"290\" srcset=\"https:\/\/i0.wp.com\/tableauxdisparus.fr\/wp-content\/uploads\/2016\/12\/Courbet-La-Sieste.jpg?resize=300%2C241&amp;ssl=1 300w, https:\/\/i0.wp.com\/tableauxdisparus.fr\/wp-content\/uploads\/2016\/12\/Courbet-La-Sieste.jpg?w=320&amp;ssl=1 320w\" sizes=\"auto, (max-width: 361px) 100vw, 361px\" \/><\/a><figcaption id=\"caption-attachment-1523\" class=\"wp-caption-text\">Restitution du premier tableau de Courbet.<\/figcaption><\/figure>\n<p>Pourquoi Courbet a-t-il toujours refus\u00e9 de se s\u00e9parer de sa peinture de <em>L\u2019Homme bless\u00e9<\/em> conserv\u00e9e \u00e0 Paris au mus\u00e9e d\u2019Orsay\u00a0? La r\u00e9ponse nous a \u00e9t\u00e9 donn\u00e9e quand en 1973 on s\u2019aper\u00e7ut par une radiographie que le tableau de <em>L\u2019Homme bless\u00e9<\/em> cachait l\u2019image d\u2019un autoportrait de Courbet en compagnie de Virginie Binet, \u00ab\u00a0<em>l\u2019amour de sa vie<\/em>\u00a0\u00bb. La composition est tr\u00e8s proche de celle d\u2019un dessin de Courbet conserv\u00e9 au mus\u00e9e de Besan\u00e7on, dessin intitul\u00e9 <em>La Sieste champ\u00eatre <\/em>(1840).<\/p>\n<p>Mais le couple se s\u00e9pare apr\u00e8s dix ann\u00e9es de vie amoureuse. Alors, en 1854, Courbet reprend sa toile, supprime l\u2019image de Virginie, vieillit les traits de son propre visage, appose une moustache et un collier de barbe, modifie le paysage et l\u2019emplacement des mains, ajoute une \u00e9p\u00e9e et une tache de sang au niveau du c\u0153ur, sugg\u00e9rant que le personnage a \u00e9t\u00e9 bless\u00e9 au cours d\u2019un duel. C\u2019est devenu l\u00e0 l\u2019image de <em>L\u2019Homme d\u00e9livr\u00e9 de l\u2019amour par la mort<\/em>.<\/p>\n<p>Le travail de restitution a consist\u00e9 \u00e0 imaginer le tableau d\u2019origine en se fiant aux indications fournies par le dessin, et surtout \u00e0 faire revivre la passion de l\u2019artiste quand il a repr\u00e9sent\u00e9 sa femme blottie contre lui.\u00a0 Le bord inf\u00e9rieur du tableau laisse supposer que les jambes de l\u2019homme sortent du cadre pour venir toucher le spectateur. La main aussi pointe vers nous. Tout se passe comme si l\u2019homme, peintre-spectateur, se r\u00e9veillait et apercevait son propre corps dans un miroir. La mat\u00e9rialit\u00e9 des \u00e9l\u00e9ments situ\u00e9s au premier-plan doit donc \u00eatre tr\u00e8s affirm\u00e9e.<\/p>\n<p style=\"text-align: right;\">(c) Daniel Lagoutte<\/p>\n","protected":false},"excerpt":{"rendered":"<p>La Sieste champ\u00eatre, vers 1840-1844, huile sur toile, 81 x 97 cm Pourquoi Courbet a-t-il toujours refus\u00e9 de se s\u00e9parer de sa peinture de L\u2019Homme bless\u00e9 conserv\u00e9e \u00e0 Paris au mus\u00e9e d\u2019Orsay\u00a0? La r\u00e9ponse nous a \u00e9t\u00e9 donn\u00e9e quand en 1973 on s\u2019aper\u00e7ut par une radiographie que le tableau de L\u2019Homme bless\u00e9 cachait l\u2019image d\u2019un &hellip; <a href=\"https:\/\/tableauxdisparus.fr\/?page_id=1542\" class=\"more-link\">Continuer la lecture de <span class=\"screen-reader-text\">Courbet, Gustave (1819-1877)<\/span><\/a><\/p>\n","protected":false},"author":2,"featured_media":0,"parent":0,"menu_order":0,"comment_status":"closed","ping_status":"closed","template":"","meta":{"footnotes":""},"class_list":["post-1542","page","type-page","status-publish","hentry"],"jetpack_sharing_enabled":true,"_links":{"self":[{"href":"https:\/\/tableauxdisparus.fr\/index.php?rest_route=\/wp\/v2\/pages\/1542","targetHints":{"allow":["GET"]}}],"collection":[{"href":"https:\/\/tableauxdisparus.fr\/index.php?rest_route=\/wp\/v2\/pages"}],"about":[{"href":"https:\/\/tableauxdisparus.fr\/index.php?rest_route=\/wp\/v2\/types\/page"}],"author":[{"embeddable":true,"href":"https:\/\/tableauxdisparus.fr\/index.php?rest_route=\/wp\/v2\/users\/2"}],"replies":[{"embeddable":true,"href":"https:\/\/tableauxdisparus.fr\/index.php?rest_route=%2Fwp%2Fv2%2Fcomments&post=1542"}],"version-history":[{"count":4,"href":"https:\/\/tableauxdisparus.fr\/index.php?rest_route=\/wp\/v2\/pages\/1542\/revisions"}],"predecessor-version":[{"id":1547,"href":"https:\/\/tableauxdisparus.fr\/index.php?rest_route=\/wp\/v2\/pages\/1542\/revisions\/1547"}],"wp:attachment":[{"href":"https:\/\/tableauxdisparus.fr\/index.php?rest_route=%2Fwp%2Fv2%2Fmedia&parent=1542"}],"curies":[{"name":"wp","href":"https:\/\/api.w.org\/{rel}","templated":true}]}}