{"id":1577,"date":"2016-12-15T09:54:16","date_gmt":"2016-12-15T08:54:16","guid":{"rendered":"http:\/\/tableauxdisparus.fr\/?page_id=1577"},"modified":"2016-12-15T10:27:27","modified_gmt":"2016-12-15T09:27:27","slug":"marc-franz-six-peintures-2","status":"publish","type":"page","link":"https:\/\/tableauxdisparus.fr\/?page_id=1577","title":{"rendered":"Marc, Franz (1880-1916)"},"content":{"rendered":"<h2><em>Six peintures issues du Carnet de croquis du Front<\/em>, 1915-1916, huile sur toiles, 54 x 81 cm<\/h2>\n<figure id=\"attachment_1555\" aria-describedby=\"caption-attachment-1555\" style=\"width: 225px\" class=\"wp-caption alignnone\"><a href=\"https:\/\/i0.wp.com\/tableauxdisparus.fr\/wp-content\/uploads\/2016\/12\/P1050447-001-e1481793040400.jpg?ssl=1\"><img data-recalc-dims=\"1\" loading=\"lazy\" decoding=\"async\" class=\"wp-image-1555 size-medium\" src=\"https:\/\/i0.wp.com\/tableauxdisparus.fr\/wp-content\/uploads\/2016\/12\/P1050447-001-e1481793040400-225x300.jpg?resize=225%2C300&#038;ssl=1\" width=\"225\" height=\"300\" srcset=\"https:\/\/i0.wp.com\/tableauxdisparus.fr\/wp-content\/uploads\/2016\/12\/P1050447-001-e1481793040400.jpg?resize=225%2C300&amp;ssl=1 225w, https:\/\/i0.wp.com\/tableauxdisparus.fr\/wp-content\/uploads\/2016\/12\/P1050447-001-e1481793040400.jpg?w=240&amp;ssl=1 240w\" sizes=\"auto, (max-width: 225px) 100vw, 225px\" \/><\/a><figcaption id=\"caption-attachment-1555\" class=\"wp-caption-text\">D&rsquo;apr\u00e8s le feuillet 12 (<em>Arsenal pour une cr\u00e9ation<\/em>).<\/figcaption><\/figure>\n<figure id=\"attachment_1552\" aria-describedby=\"caption-attachment-1552\" style=\"width: 300px\" class=\"wp-caption alignnone\"><a href=\"https:\/\/i0.wp.com\/tableauxdisparus.fr\/wp-content\/uploads\/2016\/12\/P1050448.jpg?ssl=1\"><img data-recalc-dims=\"1\" loading=\"lazy\" decoding=\"async\" class=\"wp-image-1552 size-medium\" src=\"https:\/\/i0.wp.com\/tableauxdisparus.fr\/wp-content\/uploads\/2016\/12\/P1050448.jpg?resize=300%2C218&#038;ssl=1\" width=\"300\" height=\"218\" srcset=\"https:\/\/i0.wp.com\/tableauxdisparus.fr\/wp-content\/uploads\/2016\/12\/P1050448.jpg?resize=300%2C218&amp;ssl=1 300w, https:\/\/i0.wp.com\/tableauxdisparus.fr\/wp-content\/uploads\/2016\/12\/P1050448.jpg?w=320&amp;ssl=1 320w\" sizes=\"auto, (max-width: 300px) 100vw, 300px\" \/><\/a><figcaption id=\"caption-attachment-1552\" class=\"wp-caption-text\">D&rsquo;apr\u00e8s le feuillet 14.<\/figcaption><\/figure>\n<figure id=\"attachment_1553\" aria-describedby=\"caption-attachment-1553\" style=\"width: 300px\" class=\"wp-caption alignnone\"><a href=\"https:\/\/i0.wp.com\/tableauxdisparus.fr\/wp-content\/uploads\/2016\/12\/P1050450.jpg?ssl=1\"><img data-recalc-dims=\"1\" loading=\"lazy\" decoding=\"async\" class=\"wp-image-1553 size-medium\" src=\"https:\/\/i0.wp.com\/tableauxdisparus.fr\/wp-content\/uploads\/2016\/12\/P1050450.jpg?resize=300%2C211&#038;ssl=1\" width=\"300\" height=\"211\" srcset=\"https:\/\/i0.wp.com\/tableauxdisparus.fr\/wp-content\/uploads\/2016\/12\/P1050450.jpg?resize=300%2C211&amp;ssl=1 300w, https:\/\/i0.wp.com\/tableauxdisparus.fr\/wp-content\/uploads\/2016\/12\/P1050450.jpg?w=320&amp;ssl=1 320w\" sizes=\"auto, (max-width: 300px) 100vw, 300px\" \/><\/a><figcaption id=\"caption-attachment-1553\" class=\"wp-caption-text\">D&rsquo;apr\u00e8s le feuillet 16.<\/figcaption><\/figure>\n<figure id=\"attachment_1556\" aria-describedby=\"caption-attachment-1556\" style=\"width: 225px\" class=\"wp-caption alignnone\"><a href=\"https:\/\/i0.wp.com\/tableauxdisparus.fr\/wp-content\/uploads\/2016\/12\/P1040690-e1481792997931.jpg?ssl=1\"><img data-recalc-dims=\"1\" loading=\"lazy\" decoding=\"async\" class=\"wp-image-1556 size-medium\" src=\"https:\/\/i0.wp.com\/tableauxdisparus.fr\/wp-content\/uploads\/2016\/12\/P1040690-e1481792997931-225x300.jpg?resize=225%2C300&#038;ssl=1\" width=\"225\" height=\"300\" srcset=\"https:\/\/i0.wp.com\/tableauxdisparus.fr\/wp-content\/uploads\/2016\/12\/P1040690-e1481792997931.jpg?resize=225%2C300&amp;ssl=1 225w, https:\/\/i0.wp.com\/tableauxdisparus.fr\/wp-content\/uploads\/2016\/12\/P1040690-e1481792997931.jpg?w=240&amp;ssl=1 240w\" sizes=\"auto, (max-width: 225px) 100vw, 225px\" \/><\/a><figcaption id=\"caption-attachment-1556\" class=\"wp-caption-text\">D&rsquo;apr\u00e8s le feuillet 21 (<em>Moment enchanteur<\/em>).<\/figcaption><\/figure>\n<figure id=\"attachment_1557\" aria-describedby=\"caption-attachment-1557\" style=\"width: 218px\" class=\"wp-caption alignnone\"><a href=\"https:\/\/i0.wp.com\/tableauxdisparus.fr\/wp-content\/uploads\/2016\/12\/P1040691.jpg?ssl=1\"><img data-recalc-dims=\"1\" loading=\"lazy\" decoding=\"async\" class=\"wp-image-1557 size-medium\" src=\"https:\/\/i0.wp.com\/tableauxdisparus.fr\/wp-content\/uploads\/2016\/12\/P1040691.jpg?resize=218%2C300&#038;ssl=1\" width=\"218\" height=\"300\" srcset=\"https:\/\/i0.wp.com\/tableauxdisparus.fr\/wp-content\/uploads\/2016\/12\/P1040691.jpg?resize=218%2C300&amp;ssl=1 218w, https:\/\/i0.wp.com\/tableauxdisparus.fr\/wp-content\/uploads\/2016\/12\/P1040691.jpg?w=232&amp;ssl=1 232w\" sizes=\"auto, (max-width: 218px) 100vw, 218px\" \/><\/a><figcaption id=\"caption-attachment-1557\" class=\"wp-caption-text\">D&rsquo;apr\u00e8s le feuillet 30 (<em>Fragment<\/em>).<\/figcaption><\/figure>\n<figure id=\"attachment_1554\" aria-describedby=\"caption-attachment-1554\" style=\"width: 300px\" class=\"wp-caption alignnone\"><a href=\"https:\/\/i0.wp.com\/tableauxdisparus.fr\/wp-content\/uploads\/2016\/12\/P1050449.jpg?ssl=1\"><img data-recalc-dims=\"1\" loading=\"lazy\" decoding=\"async\" class=\"wp-image-1554 size-medium\" src=\"https:\/\/i0.wp.com\/tableauxdisparus.fr\/wp-content\/uploads\/2016\/12\/P1050449.jpg?resize=300%2C223&#038;ssl=1\" width=\"300\" height=\"223\" srcset=\"https:\/\/i0.wp.com\/tableauxdisparus.fr\/wp-content\/uploads\/2016\/12\/P1050449.jpg?resize=300%2C223&amp;ssl=1 300w, https:\/\/i0.wp.com\/tableauxdisparus.fr\/wp-content\/uploads\/2016\/12\/P1050449.jpg?w=320&amp;ssl=1 320w\" sizes=\"auto, (max-width: 300px) 100vw, 300px\" \/><\/a><figcaption id=\"caption-attachment-1554\" class=\"wp-caption-text\">D&rsquo;apr\u00e8s le feuillet 32.<\/figcaption><\/figure>\n<p>Franz Marc appartient \u00e0 cette jeunesse allemande de 1914 qui croyait au r\u00eave, \u00e0 l\u2019utopie, \u00e0 la possibilit\u00e9 d\u2019un monde nouveau c\u00e9dant sa place au divin. C\u2019est l\u2019image qu\u2019exalteront Brecht et surtout Ernst Bloch dans son livre <em>L\u2019Esprit de l\u2019utopie<\/em>, \u00e9crit pendant la guerre de 1914. Nous reconnaissons l\u00e0 ce que fut la sensibilit\u00e9 de Franz Marc, cherchant \u00e0 r\u00e9concilier Karl Marx, l\u2019apocalypse et la mort. C\u2019est aussi le \u00ab\u00a0<em>Cr\u00e9puscule bleuissant<\/em>\u00a0\u00bb de Trakl, lequel se suicida en 1914, \u00e0 27 ans, \u00e9voquant la nuit transfigur\u00e9e, semblable \u00e0 un bouquet de violettes et de gentianes, la \u00ab\u00a0<em>figure hyacinthe du cr\u00e9puscule<\/em>\u00a0\u00bb, le \u00ab<em>\u00a0bleu gibie<\/em>r\u00a0\u00bb qui garde en sa m\u00e9moire le souvenir de l\u2019\u00e9tranger. C\u2019est enfin la <em>Nuit transfigur\u00e9e<\/em> d\u2019Arnold Schonberg qui s\u2019engage comme eux tous avec enthousiasme dans l\u2019arm\u00e9e.<\/p>\n<p>Les trente-six croquis de ce carnet (de 9,8 x 16 cm) montrent de potentielles peintures que Franz Marc \u00e9tait alors dans l\u2019incapacit\u00e9 de r\u00e9aliser puisqu\u2019il faisait la guerre.\u00a0 On y d\u00e9couvre le passage progressif vers l\u2019abstrait de l\u2019art de Marc. Des pr\u00e9occupations abstraites \u00e9taient d\u00e9j\u00e0 apparues depuis 1912, elles concernent d\u2019abord la couleur\u00a0: \u00ab <em>Le bleu est l\u2019expression du principe masculin, aust\u00e8re et spirituel. Le jaune est le principe f\u00e9minin, doux, gai et sensuel. Le rouge exprime la mati\u00e8re, brutale et pesante qui doit \u00eatre combattue et domin\u00e9e par les deux autres ! <\/em>\u00bb (Lettre \u00e0 August Macke, d\u00e9cembre 1910).<\/p>\n<p>Dans ces croquis, les animaux expriment la puret\u00e9 \u00e0 laquelle Marc aspire. Durant un moment, l\u2019oiseau repr\u00e9sente en plus la libert\u00e9\u00a0; mais l\u2019artiste revient sans cesse aux chevreuils et aux chevaux. Progressivement les formes abstraites viennent se substituer aux repr\u00e9sentations animales.<\/p>\n<p>Dans une lettre du 4 mars \u00e0 son \u00e9pouse Maria, il \u00e9crivait\u00a0: \u00ab\u00a0\u2026<em>oui, je reviendrai aussi cette ann\u00e9e dans mon cher foyer intact, vers toi et mon travail. Entre les abominables images de destruction sans limites, entre lesquelles je vis actuellement, cette id\u00e9e de retour au pays a une gloire que l\u2019on ne peut d\u00e9crire assez suavement.\u00a0<\/em>\u00bb L\u2019apr\u00e8s-midi m\u00eame, Franz Marc \u00e9tait tu\u00e9.<\/p>\n<p>Ces tableaux que nous avons restitu\u00e9s d\u2019apr\u00e8s les croquis, Franz Marc les avait dans sa t\u00eate. Il aurait pu les peindre. Les voici donc enfin n\u00e9es au lieu de rester \u00e0 l\u2019\u00e9tat de projets avort\u00e9s.<\/p>\n<p style=\"text-align: right;\">\u00a9 Daniel Lagoutte<\/p>\n","protected":false},"excerpt":{"rendered":"<p>Six peintures issues du Carnet de croquis du Front, 1915-1916, huile sur toiles, 54 x 81 cm Franz Marc appartient \u00e0 cette jeunesse allemande de 1914 qui croyait au r\u00eave, \u00e0 l\u2019utopie, \u00e0 la possibilit\u00e9 d\u2019un monde nouveau c\u00e9dant sa place au divin. C\u2019est l\u2019image qu\u2019exalteront Brecht et surtout Ernst Bloch dans son livre L\u2019Esprit &hellip; <a href=\"https:\/\/tableauxdisparus.fr\/?page_id=1577\" class=\"more-link\">Continuer la lecture de <span class=\"screen-reader-text\">Marc, Franz (1880-1916)<\/span><\/a><\/p>\n","protected":false},"author":2,"featured_media":0,"parent":0,"menu_order":0,"comment_status":"closed","ping_status":"closed","template":"","meta":{"footnotes":""},"class_list":["post-1577","page","type-page","status-publish","hentry"],"jetpack_sharing_enabled":true,"_links":{"self":[{"href":"https:\/\/tableauxdisparus.fr\/index.php?rest_route=\/wp\/v2\/pages\/1577","targetHints":{"allow":["GET"]}}],"collection":[{"href":"https:\/\/tableauxdisparus.fr\/index.php?rest_route=\/wp\/v2\/pages"}],"about":[{"href":"https:\/\/tableauxdisparus.fr\/index.php?rest_route=\/wp\/v2\/types\/page"}],"author":[{"embeddable":true,"href":"https:\/\/tableauxdisparus.fr\/index.php?rest_route=\/wp\/v2\/users\/2"}],"replies":[{"embeddable":true,"href":"https:\/\/tableauxdisparus.fr\/index.php?rest_route=%2Fwp%2Fv2%2Fcomments&post=1577"}],"version-history":[{"count":7,"href":"https:\/\/tableauxdisparus.fr\/index.php?rest_route=\/wp\/v2\/pages\/1577\/revisions"}],"predecessor-version":[{"id":1586,"href":"https:\/\/tableauxdisparus.fr\/index.php?rest_route=\/wp\/v2\/pages\/1577\/revisions\/1586"}],"wp:attachment":[{"href":"https:\/\/tableauxdisparus.fr\/index.php?rest_route=%2Fwp%2Fv2%2Fmedia&parent=1577"}],"curies":[{"name":"wp","href":"https:\/\/api.w.org\/{rel}","templated":true}]}}