{"id":1618,"date":"2017-02-27T14:44:17","date_gmt":"2017-02-27T13:44:17","guid":{"rendered":"http:\/\/tableauxdisparus.fr\/?page_id=1618"},"modified":"2017-06-26T17:49:25","modified_gmt":"2017-06-26T16:49:25","slug":"antonello-de-messine-1430-1479","status":"publish","type":"page","link":"https:\/\/tableauxdisparus.fr\/?page_id=1618","title":{"rendered":"Antonello de Messine (1430-1479)"},"content":{"rendered":"<h2><em>L&rsquo;Annonciation, 1474, huile sur panneau, 90 x 90 cm, <\/em>dimensions r\u00e9elles : 180 x 180 cm<\/h2>\n<figure id=\"attachment_1607\" aria-describedby=\"caption-attachment-1607\" style=\"width: 466px\" class=\"wp-caption alignnone\"><a href=\"https:\/\/i0.wp.com\/tableauxdisparus.fr\/wp-content\/uploads\/2017\/02\/P1050816.jpg?ssl=1\"><img data-recalc-dims=\"1\" loading=\"lazy\" decoding=\"async\" class=\"wp-image-1607\" src=\"https:\/\/i0.wp.com\/tableauxdisparus.fr\/wp-content\/uploads\/2017\/02\/P1050816.jpg?resize=466%2C469&#038;ssl=1\" width=\"466\" height=\"469\" srcset=\"https:\/\/i0.wp.com\/tableauxdisparus.fr\/wp-content\/uploads\/2017\/02\/P1050816.jpg?resize=298%2C300&amp;ssl=1 298w, https:\/\/i0.wp.com\/tableauxdisparus.fr\/wp-content\/uploads\/2017\/02\/P1050816.jpg?resize=150%2C150&amp;ssl=1 150w, https:\/\/i0.wp.com\/tableauxdisparus.fr\/wp-content\/uploads\/2017\/02\/P1050816.jpg?w=318&amp;ssl=1 318w\" sizes=\"auto, (max-width: 466px) 100vw, 466px\" \/><\/a><figcaption id=\"caption-attachment-1607\" class=\"wp-caption-text\">La reconstitution du panneau.<\/figcaption><\/figure>\n<p><em>L&rsquo;Annonciation<\/em> d\u2019Antonello de Messine a \u00e9t\u00e9 command\u00e9e en ao\u00fbt 1474 pour l&rsquo;\u00e9glise de Santa Maria Annunziata. L\u2019\u0153uvre est red\u00e9couverte en 1897 par un employ\u00e9 du mus\u00e9e arch\u00e9ologique de Syracuse. Elle est actuellement expos\u00e9e \u00e0 Syracuse, \u00e0 la Galleria Regionale di Palazzo Bellomo. Il s\u2019agit d\u2019un fragment d\u2019un ensemble o\u00f9 figurait le portrait du commanditaire. \u00c9tant en tr\u00e8s mauvais \u00e9tat de conservation, la peinture a d\u00fb, en 1949, \u00eatre transf\u00e9r\u00e9e sur toile.<\/p>\n<p>La commande est originale puisqu\u2019elle pr\u00e9cise que la repr\u00e9sentation de l\u2019Annonciation doit \u00e9chapper \u00e0 la tradition byzantine des polyptyques et, \u00e0 cette fin, elle sugg\u00e8re que la sc\u00e8ne se situe dans une demeure, au lieu de se d\u00e9tacher sur un fond d\u2019or.<\/p>\n<p>Ce tableau de grande dimension est consid\u00e9r\u00e9 comme \u00e9tant \u00ab\u00a0<em>un chef-d\u2019\u0153uvre extraordinaire, la somme, int\u00e9rioris\u00e9e et transfigur\u00e9e, de toutes les connaissances acquises par Antonello dans le bassin de la M\u00e9diterran\u00e9e<\/em>.\u00a0\u00bb Il devenait donc int\u00e9ressant de donner \u00e0 voir l\u2019ensemble du panneau par un essai de restitution compl\u00e8te.<\/p>\n<p>Deux espaces\u00a0 s\u2019entrecroisent ici\u00a0: l\u2019un, transversal, celui de l\u2019\u00e9nonc\u00e9 biblique (le texte de r\u00e9f\u00e9rence), met en sc\u00e8ne les deux figures de l\u2019Ange et de Marie tel que le r\u00e9cit le rapporte\u00a0; l\u2019autre, central, est celui de l\u2019\u00e9nonciation profane (celui du peintre) utilisant la perspective centrale qui implique ainsi le spectateur.<\/p>\n<p style=\"text-align: right;\">(c) Daniel Lagoutte<\/p>\n<figure id=\"attachment_1641\" aria-describedby=\"caption-attachment-1641\" style=\"width: 370px\" class=\"wp-caption alignnone\"><a href=\"https:\/\/i0.wp.com\/tableauxdisparus.fr\/wp-content\/uploads\/2017\/02\/Antonello-1949.jpg?ssl=1\"><img data-recalc-dims=\"1\" loading=\"lazy\" decoding=\"async\" class=\"wp-image-1641\" src=\"https:\/\/i0.wp.com\/tableauxdisparus.fr\/wp-content\/uploads\/2017\/02\/Antonello-1949.jpg?resize=370%2C372&#038;ssl=1\" width=\"370\" height=\"372\" srcset=\"https:\/\/i0.wp.com\/tableauxdisparus.fr\/wp-content\/uploads\/2017\/02\/Antonello-1949.jpg?resize=298%2C300&amp;ssl=1 298w, https:\/\/i0.wp.com\/tableauxdisparus.fr\/wp-content\/uploads\/2017\/02\/Antonello-1949.jpg?resize=150%2C150&amp;ssl=1 150w, https:\/\/i0.wp.com\/tableauxdisparus.fr\/wp-content\/uploads\/2017\/02\/Antonello-1949.jpg?w=318&amp;ssl=1 318w\" sizes=\"auto, (max-width: 370px) 100vw, 370px\" \/><\/a><figcaption id=\"caption-attachment-1641\" class=\"wp-caption-text\">Le panneau tel qu&rsquo;il \u00e9tait en 1949, avant son transfert sur toile.<\/figcaption><\/figure>\n","protected":false},"excerpt":{"rendered":"<p>L&rsquo;Annonciation, 1474, huile sur panneau, 90 x 90 cm, dimensions r\u00e9elles : 180 x 180 cm L&rsquo;Annonciation d\u2019Antonello de Messine a \u00e9t\u00e9 command\u00e9e en ao\u00fbt 1474 pour l&rsquo;\u00e9glise de Santa Maria Annunziata. L\u2019\u0153uvre est red\u00e9couverte en 1897 par un employ\u00e9 du mus\u00e9e arch\u00e9ologique de Syracuse. Elle est actuellement expos\u00e9e \u00e0 Syracuse, \u00e0 la Galleria Regionale &hellip; <a href=\"https:\/\/tableauxdisparus.fr\/?page_id=1618\" class=\"more-link\">Continuer la lecture de <span class=\"screen-reader-text\">Antonello de Messine (1430-1479)<\/span><\/a><\/p>\n","protected":false},"author":2,"featured_media":0,"parent":0,"menu_order":0,"comment_status":"closed","ping_status":"closed","template":"","meta":{"footnotes":""},"class_list":["post-1618","page","type-page","status-publish","hentry"],"jetpack_sharing_enabled":true,"_links":{"self":[{"href":"https:\/\/tableauxdisparus.fr\/index.php?rest_route=\/wp\/v2\/pages\/1618","targetHints":{"allow":["GET"]}}],"collection":[{"href":"https:\/\/tableauxdisparus.fr\/index.php?rest_route=\/wp\/v2\/pages"}],"about":[{"href":"https:\/\/tableauxdisparus.fr\/index.php?rest_route=\/wp\/v2\/types\/page"}],"author":[{"embeddable":true,"href":"https:\/\/tableauxdisparus.fr\/index.php?rest_route=\/wp\/v2\/users\/2"}],"replies":[{"embeddable":true,"href":"https:\/\/tableauxdisparus.fr\/index.php?rest_route=%2Fwp%2Fv2%2Fcomments&post=1618"}],"version-history":[{"count":8,"href":"https:\/\/tableauxdisparus.fr\/index.php?rest_route=\/wp\/v2\/pages\/1618\/revisions"}],"predecessor-version":[{"id":1843,"href":"https:\/\/tableauxdisparus.fr\/index.php?rest_route=\/wp\/v2\/pages\/1618\/revisions\/1843"}],"wp:attachment":[{"href":"https:\/\/tableauxdisparus.fr\/index.php?rest_route=%2Fwp%2Fv2%2Fmedia&parent=1618"}],"curies":[{"name":"wp","href":"https:\/\/api.w.org\/{rel}","templated":true}]}}