{"id":1623,"date":"2017-02-27T14:59:23","date_gmt":"2017-02-27T13:59:23","guid":{"rendered":"http:\/\/tableauxdisparus.fr\/?page_id=1623"},"modified":"2017-02-27T16:24:30","modified_gmt":"2017-02-27T15:24:30","slug":"kahlo-frida-1907-1954","status":"publish","type":"page","link":"https:\/\/tableauxdisparus.fr\/?page_id=1623","title":{"rendered":"Kahlo, Frida (1907-1954)"},"content":{"rendered":"<h2><em>Portrait de Ruth Quintanilla<\/em>, 1927, huile sur toile, 50 x 50 cm<\/h2>\n<figure id=\"attachment_1606\" aria-describedby=\"caption-attachment-1606\" style=\"width: 380px\" class=\"wp-caption alignnone\"><a href=\"https:\/\/i0.wp.com\/tableauxdisparus.fr\/wp-content\/uploads\/2017\/02\/P1050812.jpg?ssl=1\"><img data-recalc-dims=\"1\" loading=\"lazy\" decoding=\"async\" class=\"wp-image-1606\" src=\"https:\/\/i0.wp.com\/tableauxdisparus.fr\/wp-content\/uploads\/2017\/02\/P1050812.jpg?resize=380%2C383&#038;ssl=1\" width=\"380\" height=\"383\" srcset=\"https:\/\/i0.wp.com\/tableauxdisparus.fr\/wp-content\/uploads\/2017\/02\/P1050812.jpg?resize=298%2C300&amp;ssl=1 298w, https:\/\/i0.wp.com\/tableauxdisparus.fr\/wp-content\/uploads\/2017\/02\/P1050812.jpg?resize=150%2C150&amp;ssl=1 150w, https:\/\/i0.wp.com\/tableauxdisparus.fr\/wp-content\/uploads\/2017\/02\/P1050812.jpg?w=318&amp;ssl=1 318w\" sizes=\"auto, (max-width: 380px) 100vw, 380px\" \/><\/a><figcaption id=\"caption-attachment-1606\" class=\"wp-caption-text\">Le tableau d\u00e9truit est restitu\u00e9.<\/figcaption><\/figure>\n<figure id=\"attachment_1640\" aria-describedby=\"caption-attachment-1640\" style=\"width: 205px\" class=\"wp-caption alignnone\"><a href=\"https:\/\/i0.wp.com\/tableauxdisparus.fr\/wp-content\/uploads\/2017\/02\/Ruth.jpg?ssl=1\"><img data-recalc-dims=\"1\" loading=\"lazy\" decoding=\"async\" class=\"wp-image-1640 \" src=\"https:\/\/i0.wp.com\/tableauxdisparus.fr\/wp-content\/uploads\/2017\/02\/Ruth.jpg?resize=205%2C225&#038;ssl=1\" width=\"205\" height=\"225\" srcset=\"https:\/\/i0.wp.com\/tableauxdisparus.fr\/wp-content\/uploads\/2017\/02\/Ruth.jpg?resize=273%2C300&amp;ssl=1 273w, https:\/\/i0.wp.com\/tableauxdisparus.fr\/wp-content\/uploads\/2017\/02\/Ruth.jpg?w=291&amp;ssl=1 291w\" sizes=\"auto, (max-width: 205px) 100vw, 205px\" \/><\/a><figcaption id=\"caption-attachment-1640\" class=\"wp-caption-text\">Document de travail.<\/figcaption><\/figure>\n<p>Cette peinture est r\u00e9alis\u00e9e alors que Frida Kahlo n\u2019a pas encore vingt ans. Cette artiste mexicaine, tr\u00e8s ambitieuse, d\u00e9cide, toute jeune d\u2019\u00e9pouser plus tard le peintre Diego Rivera. Adolescente, elle m\u00e8ne alors une vie de plaisir, s\u2019int\u00e9resse \u00e0 la politique, cherchant \u00e0 exalter l\u2019\u00e2me mexicaine de son pays. Mais le 17 septembre 1925, revenant de son \u00e9cole d\u2019art, son bus percute un tramway, une barre de fer lui transperce l\u2019abdomen. D\u00e8s lors, commence pour elle une vie de souffrances. Elle se met \u00e0 peindre. Ce portrait d\u2019une amie est l\u2019une de ses premi\u00e8res peintures.<\/p>\n<p>Elle n\u2019est connue que par une photo en noir et blanc, r\u00e9alis\u00e9e par son p\u00e8re. Elle fait partie d\u2019un certain nombre de peintures que Frida Khalo a d\u00e9truites. Un autoportrait de 1926 a servi de r\u00e9f\u00e9rence pour en restituer le caract\u00e8re.<\/p>\n<p style=\"text-align: right;\">(c) Daniel Lagoutte<\/p>\n<figure id=\"attachment_1645\" aria-describedby=\"caption-attachment-1645\" style=\"width: 226px\" class=\"wp-caption alignnone\"><a href=\"https:\/\/i0.wp.com\/tableauxdisparus.fr\/wp-content\/uploads\/2017\/02\/Kahlo-auto.jpg?ssl=1\"><img data-recalc-dims=\"1\" loading=\"lazy\" decoding=\"async\" class=\"wp-image-1645 size-medium\" src=\"https:\/\/i0.wp.com\/tableauxdisparus.fr\/wp-content\/uploads\/2017\/02\/Kahlo-auto.jpg?resize=226%2C300&#038;ssl=1\" width=\"226\" height=\"300\" srcset=\"https:\/\/i0.wp.com\/tableauxdisparus.fr\/wp-content\/uploads\/2017\/02\/Kahlo-auto.jpg?resize=226%2C300&amp;ssl=1 226w, https:\/\/i0.wp.com\/tableauxdisparus.fr\/wp-content\/uploads\/2017\/02\/Kahlo-auto.jpg?w=241&amp;ssl=1 241w\" sizes=\"auto, (max-width: 226px) 100vw, 226px\" \/><\/a><figcaption id=\"caption-attachment-1645\" class=\"wp-caption-text\">Autoportrait de Frida Kahlo en 1926.<\/figcaption><\/figure>\n","protected":false},"excerpt":{"rendered":"<p>Portrait de Ruth Quintanilla, 1927, huile sur toile, 50 x 50 cm Cette peinture est r\u00e9alis\u00e9e alors que Frida Kahlo n\u2019a pas encore vingt ans. Cette artiste mexicaine, tr\u00e8s ambitieuse, d\u00e9cide, toute jeune d\u2019\u00e9pouser plus tard le peintre Diego Rivera. Adolescente, elle m\u00e8ne alors une vie de plaisir, s\u2019int\u00e9resse \u00e0 la politique, cherchant \u00e0 exalter &hellip; <a href=\"https:\/\/tableauxdisparus.fr\/?page_id=1623\" class=\"more-link\">Continuer la lecture de <span class=\"screen-reader-text\">Kahlo, Frida (1907-1954)<\/span><\/a><\/p>\n","protected":false},"author":2,"featured_media":0,"parent":0,"menu_order":0,"comment_status":"closed","ping_status":"closed","template":"","meta":{"footnotes":""},"class_list":["post-1623","page","type-page","status-publish","hentry"],"jetpack_sharing_enabled":true,"_links":{"self":[{"href":"https:\/\/tableauxdisparus.fr\/index.php?rest_route=\/wp\/v2\/pages\/1623","targetHints":{"allow":["GET"]}}],"collection":[{"href":"https:\/\/tableauxdisparus.fr\/index.php?rest_route=\/wp\/v2\/pages"}],"about":[{"href":"https:\/\/tableauxdisparus.fr\/index.php?rest_route=\/wp\/v2\/types\/page"}],"author":[{"embeddable":true,"href":"https:\/\/tableauxdisparus.fr\/index.php?rest_route=\/wp\/v2\/users\/2"}],"replies":[{"embeddable":true,"href":"https:\/\/tableauxdisparus.fr\/index.php?rest_route=%2Fwp%2Fv2%2Fcomments&post=1623"}],"version-history":[{"count":7,"href":"https:\/\/tableauxdisparus.fr\/index.php?rest_route=\/wp\/v2\/pages\/1623\/revisions"}],"predecessor-version":[{"id":1655,"href":"https:\/\/tableauxdisparus.fr\/index.php?rest_route=\/wp\/v2\/pages\/1623\/revisions\/1655"}],"wp:attachment":[{"href":"https:\/\/tableauxdisparus.fr\/index.php?rest_route=%2Fwp%2Fv2%2Fmedia&parent=1623"}],"curies":[{"name":"wp","href":"https:\/\/api.w.org\/{rel}","templated":true}]}}