{"id":1626,"date":"2017-02-27T15:08:55","date_gmt":"2017-02-27T14:08:55","guid":{"rendered":"http:\/\/tableauxdisparus.fr\/?page_id=1626"},"modified":"2017-02-27T16:19:32","modified_gmt":"2017-02-27T15:19:32","slug":"schinkel-karl-friedrich-1781-1841","status":"publish","type":"page","link":"https:\/\/tableauxdisparus.fr\/?page_id=1626","title":{"rendered":"Schinkel, Karl Friedrich (1781-1841)"},"content":{"rendered":"<h2><em>La nuit<\/em>, 1813-14, huile sur toile, 40 x 50 cm<\/h2>\n<figure id=\"attachment_1608\" aria-describedby=\"caption-attachment-1608\" style=\"width: 480px\" class=\"wp-caption alignnone\"><a href=\"https:\/\/i0.wp.com\/tableauxdisparus.fr\/wp-content\/uploads\/2017\/02\/P1050810.jpg?ssl=1\"><img data-recalc-dims=\"1\" loading=\"lazy\" decoding=\"async\" class=\"wp-image-1608\" src=\"https:\/\/i0.wp.com\/tableauxdisparus.fr\/wp-content\/uploads\/2017\/02\/P1050810.jpg?resize=480%2C384&#038;ssl=1\" width=\"480\" height=\"384\" srcset=\"https:\/\/i0.wp.com\/tableauxdisparus.fr\/wp-content\/uploads\/2017\/02\/P1050810.jpg?resize=300%2C240&amp;ssl=1 300w, https:\/\/i0.wp.com\/tableauxdisparus.fr\/wp-content\/uploads\/2017\/02\/P1050810.jpg?w=320&amp;ssl=1 320w\" sizes=\"auto, (max-width: 480px) 100vw, 480px\" \/><\/a><figcaption id=\"caption-attachment-1608\" class=\"wp-caption-text\">Le tableau d\u00e9truit de Schinkel restitu\u00e9.<\/figcaption><\/figure>\n<p>En 1813, le c\u00e9l\u00e8bre peintre et architecte allemand Karl Friedrich Schinkel re\u00e7oit la commande de la d\u00e9coration d\u2019un salon pour la maison du commer\u00e7ant Jean-Paul Humbert qui lui demande de peindre les diff\u00e9rentes heures du jour en six tableaux muraux. Le temps est, \u00e0 ce moment de sa carri\u00e8re, un \u00e9l\u00e9ment important de l\u2019art de Schinkel, les ph\u00e9nom\u00e8nes cosmiques \u00e9tant associ\u00e9s \u00e0 l\u2019histoire humaine figur\u00e9e par les \u00e2ges de la vie ou les cycles historiques.<\/p>\n<p><em>La nuit<\/em> correspond au soir de la vie. Une barque quitte la rive et se dirige vers l\u2019\u00eele aux morts, la ruine gothique, symbole spirituel, lieu de souvenir en voie de disparition. Le batelier h\u00e9site encore, contemple et m\u00e9dite dans l\u2019attente de la mort avant le passage d\u00e9finitif \u00e0\u00a0 la vie \u00e9ternelle. Le soleil d\u00e9cline et bient\u00f4t la nuit couvrira la sc\u00e8ne. Pour Schinkel, le but\u00a0 de l\u2019art est de sanctifier la nature, une nature fa\u00e7onn\u00e9e par l\u2019homme et sa culture. Mais la conception du tableau est toute th\u00e9\u00e2trale. Par la continuit\u00e9 entre le premier plan et l\u2019arri\u00e8re-plan, le spectateur est invit\u00e9 \u00e0 penser au-del\u00e0 du moment repr\u00e9sent\u00e9, \u00e0 s\u2019imaginer comment la sc\u00e8ne va changer.<\/p>\n<p>Entre 1943 et 1945, le b\u00e2timent de l\u2019Altes Museum \u00e0 Berlin qui abritait plusieurs toiles de Schinkel, dont celle-ci, a br\u00fbl\u00e9, causant la perte irr\u00e9versible de ces derni\u00e8res.<em> La nuit<\/em> inscrit dans son th\u00e8me sa perte dramatique. Elle portait en elle sa disparition par le feu, l\u2019isolement, la ruine et l\u2019ombre du n\u00e9ant.<\/p>\n<p style=\"text-align: right;\">(c) Daniel Lagoutte<\/p>\n<figure id=\"attachment_1644\" aria-describedby=\"caption-attachment-1644\" style=\"width: 458px\" class=\"wp-caption alignnone\"><a href=\"https:\/\/i0.wp.com\/tableauxdisparus.fr\/wp-content\/uploads\/2017\/02\/Altes-Museum.jpg?ssl=1\"><img data-recalc-dims=\"1\" loading=\"lazy\" decoding=\"async\" class=\"wp-image-1644\" src=\"https:\/\/i0.wp.com\/tableauxdisparus.fr\/wp-content\/uploads\/2017\/02\/Altes-Museum.jpg?resize=458%2C325&#038;ssl=1\" width=\"458\" height=\"325\" srcset=\"https:\/\/i0.wp.com\/tableauxdisparus.fr\/wp-content\/uploads\/2017\/02\/Altes-Museum.jpg?resize=300%2C213&amp;ssl=1 300w, https:\/\/i0.wp.com\/tableauxdisparus.fr\/wp-content\/uploads\/2017\/02\/Altes-Museum.jpg?w=320&amp;ssl=1 320w\" sizes=\"auto, (max-width: 458px) 100vw, 458px\" \/><\/a><figcaption id=\"caption-attachment-1644\" class=\"wp-caption-text\">Le b\u00e2timent de l&rsquo;Altes Museum de Berlin en 1945.<\/figcaption><\/figure>\n<p style=\"text-align: right;\">\n<p style=\"text-align: right;\">\n<p style=\"text-align: right;\">\n","protected":false},"excerpt":{"rendered":"<p>La nuit, 1813-14, huile sur toile, 40 x 50 cm En 1813, le c\u00e9l\u00e8bre peintre et architecte allemand Karl Friedrich Schinkel re\u00e7oit la commande de la d\u00e9coration d\u2019un salon pour la maison du commer\u00e7ant Jean-Paul Humbert qui lui demande de peindre les diff\u00e9rentes heures du jour en six tableaux muraux. Le temps est, \u00e0 ce &hellip; <a href=\"https:\/\/tableauxdisparus.fr\/?page_id=1626\" class=\"more-link\">Continuer la lecture de <span class=\"screen-reader-text\">Schinkel, Karl Friedrich (1781-1841)<\/span><\/a><\/p>\n","protected":false},"author":2,"featured_media":0,"parent":0,"menu_order":0,"comment_status":"closed","ping_status":"closed","template":"","meta":{"footnotes":""},"class_list":["post-1626","page","type-page","status-publish","hentry"],"jetpack_sharing_enabled":true,"_links":{"self":[{"href":"https:\/\/tableauxdisparus.fr\/index.php?rest_route=\/wp\/v2\/pages\/1626","targetHints":{"allow":["GET"]}}],"collection":[{"href":"https:\/\/tableauxdisparus.fr\/index.php?rest_route=\/wp\/v2\/pages"}],"about":[{"href":"https:\/\/tableauxdisparus.fr\/index.php?rest_route=\/wp\/v2\/types\/page"}],"author":[{"embeddable":true,"href":"https:\/\/tableauxdisparus.fr\/index.php?rest_route=\/wp\/v2\/users\/2"}],"replies":[{"embeddable":true,"href":"https:\/\/tableauxdisparus.fr\/index.php?rest_route=%2Fwp%2Fv2%2Fcomments&post=1626"}],"version-history":[{"count":4,"href":"https:\/\/tableauxdisparus.fr\/index.php?rest_route=\/wp\/v2\/pages\/1626\/revisions"}],"predecessor-version":[{"id":1654,"href":"https:\/\/tableauxdisparus.fr\/index.php?rest_route=\/wp\/v2\/pages\/1626\/revisions\/1654"}],"wp:attachment":[{"href":"https:\/\/tableauxdisparus.fr\/index.php?rest_route=%2Fwp%2Fv2%2Fmedia&parent=1626"}],"curies":[{"name":"wp","href":"https:\/\/api.w.org\/{rel}","templated":true}]}}