{"id":1673,"date":"2017-04-26T09:43:52","date_gmt":"2017-04-26T08:43:52","guid":{"rendered":"http:\/\/tableauxdisparus.fr\/?page_id=1673"},"modified":"2017-04-26T10:28:41","modified_gmt":"2017-04-26T09:28:41","slug":"christian-hess-triptyque","status":"publish","type":"page","link":"https:\/\/tableauxdisparus.fr\/?page_id=1673","title":{"rendered":"Hess, Christian (1895-1944)"},"content":{"rendered":"<h2><em>Triptyque, Am Wasser<\/em> (Sur l&rsquo;eau), 1930, huile sur trois toiles, 55 x 83 cm<\/h2>\n<figure id=\"attachment_1668\" aria-describedby=\"caption-attachment-1668\" style=\"width: 431px\" class=\"wp-caption alignnone\"><a href=\"https:\/\/i0.wp.com\/tableauxdisparus.fr\/wp-content\/uploads\/2017\/04\/P1060061.jpg?ssl=1\"><img data-recalc-dims=\"1\" loading=\"lazy\" decoding=\"async\" class=\"wp-image-1668\" src=\"https:\/\/i0.wp.com\/tableauxdisparus.fr\/wp-content\/uploads\/2017\/04\/P1060061.jpg?resize=431%2C287&#038;ssl=1\" alt=\"\" width=\"431\" height=\"287\" srcset=\"https:\/\/i0.wp.com\/tableauxdisparus.fr\/wp-content\/uploads\/2017\/04\/P1060061.jpg?resize=300%2C200&amp;ssl=1 300w, https:\/\/i0.wp.com\/tableauxdisparus.fr\/wp-content\/uploads\/2017\/04\/P1060061.jpg?w=320&amp;ssl=1 320w\" sizes=\"auto, (max-width: 431px) 100vw, 431px\" \/><\/a><figcaption id=\"caption-attachment-1668\" class=\"wp-caption-text\">Restitution du triptyque.<\/figcaption><\/figure>\n<p>Christian Hess est un repr\u00e9sentant du mouvement allemand de la Nouvelle Objectivit\u00e9 (<em>Neue Sachlichkeit<\/em>). Il s\u2019agit pour les artistes de ce groupe qui se d\u00e9veloppe \u00e0 partir de 1925 de rompre avec la peinture expressionniste (Ernst Kirchner, par exemple) et le v\u00e9risme (Otto Dix, avant qu\u2019il rejoigne le groupe en 1925).<\/p>\n<p>L\u2019historien d\u2019art G.F. Hartlaub distingue deux tendances au sein de la Nouvelle Objectivit\u00e9\u00a0: \u00ab\u00a0<em>Je vois une aile droite et une aile gauche. L\u2019une, conservatrice jusqu\u2019au classicisme, prenant racine dans l\u2019intemporel, veut sanctifier de nouveau, apr\u00e8s autant de boursouflure et de chaos, ce qu\u2019il y a de sain\u00a0; la plastique du corps par le dessin pur selon la nature, peut-\u00eatre en exag\u00e9rant le c\u00f4t\u00e9 terrestre, les rondeurs\u2026 L\u2019autre, l\u2019aile gauche, cr\u00fbment contemporaine, beaucoup moins cr\u00e9dule dans l\u2019art, et plut\u00f4t n\u00e9e par n\u00e9gation\u00a0 de l\u2019art, cherche la mise en \u00e9vidence du chaos, le vrai visage de notre temps avec une avidit\u00e9 primitive de fixation, de mise \u00e0 nu surexcit\u00e9e de soi.<\/em>\u00a0\u00bb Hess appartient \u00e0 l\u2019aile droite qu\u2019on oppose \u00e0 Otto Dix de l\u2019aile gauche. Il raconte la r\u00e9alit\u00e9 \u00e0 travers les personnages, les lieux et les mythes, qui transcendent les repr\u00e9sentations figuratives en mettant l\u2019homme et la lumi\u00e8re au centre de ses pr\u00e9occupations.<\/p>\n<p>Le 6 juin 1931, un incendie d\u00e9truit le Glaspalast (\u00ab\u00a0Palais de verre\u00a0\u00bb) de Munich o\u00f9 \u00e9tait expos\u00e9 le triptyque. Etaient l\u00e0 expos\u00e9s plus de cent dix tableaux du d\u00e9but du 19\u00e8me si\u00e8cle \u00e0 l\u2019\u00e9poque contemporaine. Seules quatre-vingt peintures ont \u00e9t\u00e9 r\u00e9cup\u00e9r\u00e9es apr\u00e8s l\u2019incendie. \u00a0Ci-dessous : la carte postale envoy\u00e9e par Hess \u00e0 sa s\u0153ur Emma, avec cette \u00e9pitaphe\u00a0: \u00ab\u00a0<em>Ici se trouvent mes \u0153uvres br\u00fbl\u00e9es.<\/em>\u00a0\u00bb<\/p>\n<p>Le triptyque a \u00e9t\u00e9 restitu\u00e9 \u00e0 partir d\u2019une photographie du catalogue de l\u2019exposition de 1931. Les dimensions en sont inconnues.<\/p>\n<p style=\"text-align: right;\">\u00a0(c) Daniel Lagoutte<strong><br \/>\n<\/strong><\/p>\n<p>&nbsp;<\/p>\n<p><strong>\u00a0<\/strong>Page extraite du catalogue de l\u2019exposition du Glaspalast reproduisant le\u00a0 triptyque.<\/p>\n<p>&nbsp;<\/p>\n<p>&nbsp;<\/p>\n<p>&nbsp;<\/p>\n<p>&nbsp;<\/p>\n<p>&nbsp;<\/p>\n","protected":false},"excerpt":{"rendered":"<p>Triptyque, Am Wasser (Sur l&rsquo;eau), 1930, huile sur trois toiles, 55 x 83 cm Christian Hess est un repr\u00e9sentant du mouvement allemand de la Nouvelle Objectivit\u00e9 (Neue Sachlichkeit). Il s\u2019agit pour les artistes de ce groupe qui se d\u00e9veloppe \u00e0 partir de 1925 de rompre avec la peinture expressionniste (Ernst Kirchner, par exemple) et le &hellip; <a href=\"https:\/\/tableauxdisparus.fr\/?page_id=1673\" class=\"more-link\">Continuer la lecture de <span class=\"screen-reader-text\">Hess, Christian (1895-1944)<\/span><\/a><\/p>\n","protected":false},"author":2,"featured_media":0,"parent":0,"menu_order":0,"comment_status":"closed","ping_status":"closed","template":"","meta":{"footnotes":""},"class_list":["post-1673","page","type-page","status-publish","hentry"],"jetpack_sharing_enabled":true,"_links":{"self":[{"href":"https:\/\/tableauxdisparus.fr\/index.php?rest_route=\/wp\/v2\/pages\/1673","targetHints":{"allow":["GET"]}}],"collection":[{"href":"https:\/\/tableauxdisparus.fr\/index.php?rest_route=\/wp\/v2\/pages"}],"about":[{"href":"https:\/\/tableauxdisparus.fr\/index.php?rest_route=\/wp\/v2\/types\/page"}],"author":[{"embeddable":true,"href":"https:\/\/tableauxdisparus.fr\/index.php?rest_route=\/wp\/v2\/users\/2"}],"replies":[{"embeddable":true,"href":"https:\/\/tableauxdisparus.fr\/index.php?rest_route=%2Fwp%2Fv2%2Fcomments&post=1673"}],"version-history":[{"count":11,"href":"https:\/\/tableauxdisparus.fr\/index.php?rest_route=\/wp\/v2\/pages\/1673\/revisions"}],"predecessor-version":[{"id":1685,"href":"https:\/\/tableauxdisparus.fr\/index.php?rest_route=\/wp\/v2\/pages\/1673\/revisions\/1685"}],"wp:attachment":[{"href":"https:\/\/tableauxdisparus.fr\/index.php?rest_route=%2Fwp%2Fv2%2Fmedia&parent=1673"}],"curies":[{"name":"wp","href":"https:\/\/api.w.org\/{rel}","templated":true}]}}