{"id":1695,"date":"2017-04-26T17:23:14","date_gmt":"2017-04-26T16:23:14","guid":{"rendered":"http:\/\/tableauxdisparus.fr\/?page_id=1695"},"modified":"2024-01-18T14:30:59","modified_gmt":"2024-01-18T13:30:59","slug":"friedrich-caspar-david-paysage-dhiver","status":"publish","type":"page","link":"https:\/\/tableauxdisparus.fr\/?page_id=1695","title":{"rendered":"FRIEDRICH, Caspar David (1774-1840)"},"content":{"rendered":"\n<h2 class=\"wp-block-heading\"><em>Paysage d&rsquo;hiver avec les ruines du monast\u00e8re d&rsquo;Eldena<\/em>, 1807-1808, huile sur toile, 65 x 46 cm.<\/h2>\n\n\n<div class=\"wp-block-image\">\n<figure class=\"aligncenter is-resized\"><a href=\"https:\/\/i0.wp.com\/tableauxdisparus.fr\/wp-content\/uploads\/2017\/04\/P1050857.jpg?ssl=1\"><img data-recalc-dims=\"1\" loading=\"lazy\" decoding=\"async\" width=\"300\" height=\"208\" src=\"https:\/\/i0.wp.com\/tableauxdisparus.fr\/wp-content\/uploads\/2017\/04\/P1050857.jpg?resize=300%2C208&#038;ssl=1\" alt=\"\" class=\"wp-image-1669\" style=\"width:365px;height:auto\" srcset=\"https:\/\/i0.wp.com\/tableauxdisparus.fr\/wp-content\/uploads\/2017\/04\/P1050857.jpg?resize=300%2C208&amp;ssl=1 300w, https:\/\/i0.wp.com\/tableauxdisparus.fr\/wp-content\/uploads\/2017\/04\/P1050857.jpg?w=320&amp;ssl=1 320w\" sizes=\"auto, (max-width: 300px) 100vw, 300px\" \/><\/a><figcaption class=\"wp-element-caption\">Restitution du tableau d\u00e9truit.<\/figcaption><\/figure>\n<\/div>\n\n\n<p>Ce tableau d\u00e9truit et ici restitu\u00e9 fait partie des premi\u00e8res \u0153uvres peintes de Friedrich. L\u2019artiste passe sa jeunesse \u00e0 fr\u00e9quenter le lieu hautement romantique des ruines du monast\u00e8re d\u2019Eldena, situ\u00e9 pr\u00e8s de Greifswald, sa ville de naissance alors rattach\u00e9e \u00e0 la Su\u00e8de.<\/p>\n\n\n\n<p>Situ\u00e9 \u00e0 Greifswald en Pom\u00e9ranie, le monast\u00e8re d&rsquo;Eldena est une ancienne abbaye cistercienne. Lors de l\u2019occupation su\u00e9doise de 1648 \u00e0 1815, le lieu tombe en ruine, les b\u00e2timents sont d\u00e9mantel\u00e9s et les pierres sont utilis\u00e9es pour de nouvelles constructions modernes, notamment pour l&rsquo;universit\u00e9. C\u2019est alors que Friedrich lance par ses peintures l&rsquo;int\u00e9r\u00eat pour le site. Un parc entoure ce qu\u2019il en reste.&nbsp; Dans les ann\u00e9es 1960, des travaux de consolidation sont men\u00e9s. La ruine retourne ici \u00e0 la mati\u00e8re \u00e9l\u00e9mentaire en conservant sa forme comme le rocher et l\u2019arbre<\/p>\n\n\n\n<p>Ce tableau fait partie des trente \u0153uvres qui furent d\u00e9truites dans l\u2019incendie criminel qui an\u00e9antit compl\u00e8tement le Glaspalast de Munich, le 6 juin 1931.<\/p>\n\n\n\n<p>Construit en 1854, le b\u00e2timent faisait 25&nbsp;m de haut, sur deux niveaux, 234&nbsp;m de long et 67&nbsp;m de large. Il \u00e9tait \u00e9clair\u00e9 par 37000&nbsp;vitres.<\/p>\n\n\n\n<p class=\"has-text-align-right\">(c) Daniel Lagoutte<\/p>\n","protected":false},"excerpt":{"rendered":"<p>Paysage d&rsquo;hiver avec les ruines du monast\u00e8re d&rsquo;Eldena, 1807-1808, huile sur toile, 65 x 46 cm. Ce tableau d\u00e9truit et ici restitu\u00e9 fait partie des premi\u00e8res \u0153uvres peintes de Friedrich. L\u2019artiste passe sa jeunesse \u00e0 fr\u00e9quenter le lieu hautement romantique des ruines du monast\u00e8re d\u2019Eldena, situ\u00e9 pr\u00e8s de Greifswald, sa ville de naissance alors rattach\u00e9e &hellip; <a href=\"https:\/\/tableauxdisparus.fr\/?page_id=1695\" class=\"more-link\">Continuer la lecture de <span class=\"screen-reader-text\">FRIEDRICH, Caspar David (1774-1840)<\/span><\/a><\/p>\n","protected":false},"author":2,"featured_media":0,"parent":0,"menu_order":0,"comment_status":"closed","ping_status":"closed","template":"","meta":{"footnotes":""},"class_list":["post-1695","page","type-page","status-publish","hentry"],"jetpack_sharing_enabled":true,"_links":{"self":[{"href":"https:\/\/tableauxdisparus.fr\/index.php?rest_route=\/wp\/v2\/pages\/1695","targetHints":{"allow":["GET"]}}],"collection":[{"href":"https:\/\/tableauxdisparus.fr\/index.php?rest_route=\/wp\/v2\/pages"}],"about":[{"href":"https:\/\/tableauxdisparus.fr\/index.php?rest_route=\/wp\/v2\/types\/page"}],"author":[{"embeddable":true,"href":"https:\/\/tableauxdisparus.fr\/index.php?rest_route=\/wp\/v2\/users\/2"}],"replies":[{"embeddable":true,"href":"https:\/\/tableauxdisparus.fr\/index.php?rest_route=%2Fwp%2Fv2%2Fcomments&post=1695"}],"version-history":[{"count":8,"href":"https:\/\/tableauxdisparus.fr\/index.php?rest_route=\/wp\/v2\/pages\/1695\/revisions"}],"predecessor-version":[{"id":1937,"href":"https:\/\/tableauxdisparus.fr\/index.php?rest_route=\/wp\/v2\/pages\/1695\/revisions\/1937"}],"wp:attachment":[{"href":"https:\/\/tableauxdisparus.fr\/index.php?rest_route=%2Fwp%2Fv2%2Fmedia&parent=1695"}],"curies":[{"name":"wp","href":"https:\/\/api.w.org\/{rel}","templated":true}]}}