{"id":1780,"date":"2017-04-29T17:53:06","date_gmt":"2017-04-29T16:53:06","guid":{"rendered":"http:\/\/tableauxdisparus.fr\/?page_id=1780"},"modified":"2017-04-29T18:34:29","modified_gmt":"2017-04-29T17:34:29","slug":"matisse-henri-la-blouse-roumaine","status":"publish","type":"page","link":"https:\/\/tableauxdisparus.fr\/?page_id=1780","title":{"rendered":"MATISSE, Henri (1869-1954)"},"content":{"rendered":"<h2><em>La <\/em><strong><em>Blouse roumaine<\/em> (premier \u00e9tat), 1939, huile sur toile, 92 x 73 cm<br \/>\n<\/strong><\/h2>\n<figure id=\"attachment_1672\" aria-describedby=\"caption-attachment-1672\" style=\"width: 276px\" class=\"wp-caption alignnone\"><a href=\"https:\/\/i0.wp.com\/tableauxdisparus.fr\/wp-content\/uploads\/2017\/04\/P1060109-001.jpg?ssl=1\"><img data-recalc-dims=\"1\" loading=\"lazy\" decoding=\"async\" class=\"wp-image-1672\" src=\"https:\/\/i0.wp.com\/tableauxdisparus.fr\/wp-content\/uploads\/2017\/04\/P1060109-001.jpg?resize=276%2C362&#038;ssl=1\" alt=\"\" width=\"276\" height=\"362\" srcset=\"https:\/\/i0.wp.com\/tableauxdisparus.fr\/wp-content\/uploads\/2017\/04\/P1060109-001.jpg?resize=229%2C300&amp;ssl=1 229w, https:\/\/i0.wp.com\/tableauxdisparus.fr\/wp-content\/uploads\/2017\/04\/P1060109-001.jpg?w=244&amp;ssl=1 244w\" sizes=\"auto, (max-width: 276px) 100vw, 276px\" \/><\/a><figcaption id=\"caption-attachment-1672\" class=\"wp-caption-text\">Ce que pouvait \u00eatre le premier \u00e9tat de la peinture, apr\u00e8s celui du dessin.<\/figcaption><\/figure>\n<p>Point d\u2019aboutissement de l\u2019int\u00e9r\u00eat de Matisse pour les textiles, dont la collection \u2013 tissus, tapis et tentures \u2013 pr\u00e9sente dans l\u2019atelier accompagne la cr\u00e9ation artistique, la s\u00e9rie des \u00ab\u00a0blouses roumaines\u00a0\u00bb constitue aussi un moment o\u00f9, partant de l\u2019\u00e9tude sp\u00e9cifique de motifs,\u00a0 se noue pour l\u2019artiste une r\u00e9flexion plus g\u00e9n\u00e9rale sur le d\u00e9coratif.<\/p>\n<p>Matisse \u00e9voque ce que repr\u00e9sente pour lui le tableau de <em>La Blouse roumaine<\/em>\u00a0: \u00ab\u00a0<em>C\u2019est comme ces plantes qui courent en prenant racine\u00a0: l\u2019extr\u00e9mit\u00e9 suppose tout le reste<\/em>\u00a0\u00bb (rapport\u00e9 par le p\u00e8re Couturier). Matisse a travaill\u00e9 cette toile pendant six mois, du 5 octobre 1939 au 9 avril 1940. Il s\u2019av\u00e8re n\u00e9cessaire d\u2019en restituer l\u2019une des \u00e9tapes d\u00e9truites qui ont men\u00e9 \u00e0 ce tableau essentiel dans la carri\u00e8re de Matisse. Pour cela, nous utilisons les photos qui ont \u00e9t\u00e9 prises durant le travail. Un film documentaire montrant les quatorze \u00e9tats est r\u00e9alis\u00e9 en 1945-1946 par Fran\u00e7ois Campaux.<\/p>\n<p>Matisse fait de cette \u0153uvre une exp\u00e9rience d\u00e9monstrative de sa m\u00e9thode de travail.<\/p>\n<p>Apr\u00e8s avoir d\u00e9fini son sujet, Matisse \u00e9lague petit \u00e0 petit pour concentrer son effet. Les motifs floraux du fond sont d\u2019abord exalt\u00e9s, puis supprim\u00e9s, le canap\u00e9 volatilis\u00e9, les broderies de la blouse deviennent le centre d\u2019int\u00e9r\u00eat du tableau. \u00ab\u00a0<em>A chaque \u00e9tape, j\u2019ai un \u00e9quilibre, une conclusion. A la s\u00e9ance suivante, si je trouve qu\u2019il y a une faiblesse dans mon ensemble, je me r\u00e9introduis dans mon tableau par cette faiblesse \u2013 je rentre par la br\u00e8che \u2013 et je recon\u00e7ois le tout\u2026 Un noir peut tr\u00e8s bien remplacer un bleu puisqu\u2019au fond l\u2019expression vient des rapports. On n\u2019est pas esclave d\u2019un bleu, d\u2019un vert ou d\u2019un rouge. Vous pouvez changer les rapports en modifiant la quantit\u00e9 des \u00e9l\u00e9ments sans changer leur nature <\/em>\u00bb (rapport\u00e9 par T\u00e9riade, 1936).<\/p>\n<p style=\"text-align: right;\">(c) Daniel Lagoutte<\/p>\n<figure id=\"attachment_1752\" aria-describedby=\"caption-attachment-1752\" style=\"width: 275px\" class=\"wp-caption alignnone\"><a href=\"https:\/\/i0.wp.com\/tableauxdisparus.fr\/wp-content\/uploads\/2017\/04\/MATBR.jpg?ssl=1\"><img data-recalc-dims=\"1\" loading=\"lazy\" decoding=\"async\" class=\"wp-image-1752\" src=\"https:\/\/i0.wp.com\/tableauxdisparus.fr\/wp-content\/uploads\/2017\/04\/MATBR.jpg?resize=275%2C344&#038;ssl=1\" alt=\"\" width=\"275\" height=\"344\" srcset=\"https:\/\/i0.wp.com\/tableauxdisparus.fr\/wp-content\/uploads\/2017\/04\/MATBR.jpg?resize=240%2C300&amp;ssl=1 240w, https:\/\/i0.wp.com\/tableauxdisparus.fr\/wp-content\/uploads\/2017\/04\/MATBR.jpg?w=256&amp;ssl=1 256w\" sizes=\"auto, (max-width: 275px) 100vw, 275px\" \/><\/a><figcaption id=\"caption-attachment-1752\" class=\"wp-caption-text\">Matisse, <em>La Blouse roumaine<\/em>, tableau achev\u00e9 (14e \u00e9tat).<\/figcaption><\/figure>\n","protected":false},"excerpt":{"rendered":"<p>La Blouse roumaine (premier \u00e9tat), 1939, huile sur toile, 92 x 73 cm Point d\u2019aboutissement de l\u2019int\u00e9r\u00eat de Matisse pour les textiles, dont la collection \u2013 tissus, tapis et tentures \u2013 pr\u00e9sente dans l\u2019atelier accompagne la cr\u00e9ation artistique, la s\u00e9rie des \u00ab\u00a0blouses roumaines\u00a0\u00bb constitue aussi un moment o\u00f9, partant de l\u2019\u00e9tude sp\u00e9cifique de motifs,\u00a0 se &hellip; <a href=\"https:\/\/tableauxdisparus.fr\/?page_id=1780\" class=\"more-link\">Continuer la lecture de <span class=\"screen-reader-text\">MATISSE, Henri (1869-1954)<\/span><\/a><\/p>\n","protected":false},"author":2,"featured_media":0,"parent":0,"menu_order":0,"comment_status":"closed","ping_status":"closed","template":"","meta":{"footnotes":""},"class_list":["post-1780","page","type-page","status-publish","hentry"],"jetpack_sharing_enabled":true,"_links":{"self":[{"href":"https:\/\/tableauxdisparus.fr\/index.php?rest_route=\/wp\/v2\/pages\/1780","targetHints":{"allow":["GET"]}}],"collection":[{"href":"https:\/\/tableauxdisparus.fr\/index.php?rest_route=\/wp\/v2\/pages"}],"about":[{"href":"https:\/\/tableauxdisparus.fr\/index.php?rest_route=\/wp\/v2\/types\/page"}],"author":[{"embeddable":true,"href":"https:\/\/tableauxdisparus.fr\/index.php?rest_route=\/wp\/v2\/users\/2"}],"replies":[{"embeddable":true,"href":"https:\/\/tableauxdisparus.fr\/index.php?rest_route=%2Fwp%2Fv2%2Fcomments&post=1780"}],"version-history":[{"count":6,"href":"https:\/\/tableauxdisparus.fr\/index.php?rest_route=\/wp\/v2\/pages\/1780\/revisions"}],"predecessor-version":[{"id":1799,"href":"https:\/\/tableauxdisparus.fr\/index.php?rest_route=\/wp\/v2\/pages\/1780\/revisions\/1799"}],"wp:attachment":[{"href":"https:\/\/tableauxdisparus.fr\/index.php?rest_route=%2Fwp%2Fv2%2Fmedia&parent=1780"}],"curies":[{"name":"wp","href":"https:\/\/api.w.org\/{rel}","templated":true}]}}