{"id":1809,"date":"2017-05-07T15:36:30","date_gmt":"2017-05-07T14:36:30","guid":{"rendered":"http:\/\/tableauxdisparus.fr\/?page_id=1809"},"modified":"2017-05-07T16:04:02","modified_gmt":"2017-05-07T15:04:02","slug":"malevitch-kasimir-tete-de-paysan","status":"publish","type":"page","link":"https:\/\/tableauxdisparus.fr\/?page_id=1809","title":{"rendered":"MALEVITCH, Kasimir (1878-1935)"},"content":{"rendered":"<h2><em>T\u00eate de paysan<\/em>, 1913, huile sur toile, 20 x 20 cm<em><br \/>\n<\/em><\/h2>\n<figure id=\"attachment_1818\" aria-describedby=\"caption-attachment-1818\" style=\"width: 346px\" class=\"wp-caption alignnone\"><a href=\"https:\/\/i0.wp.com\/tableauxdisparus.fr\/wp-content\/uploads\/2017\/05\/P1060113.jpg?ssl=1\"><img data-recalc-dims=\"1\" loading=\"lazy\" decoding=\"async\" class=\"wp-image-1818 \" src=\"https:\/\/i0.wp.com\/tableauxdisparus.fr\/wp-content\/uploads\/2017\/05\/P1060113.jpg?resize=346%2C359&#038;ssl=1\" alt=\"\" width=\"346\" height=\"359\" srcset=\"https:\/\/i0.wp.com\/tableauxdisparus.fr\/wp-content\/uploads\/2017\/05\/P1060113.jpg?resize=289%2C300&amp;ssl=1 289w, https:\/\/i0.wp.com\/tableauxdisparus.fr\/wp-content\/uploads\/2017\/05\/P1060113.jpg?w=308&amp;ssl=1 308w\" sizes=\"auto, (max-width: 346px) 100vw, 346px\" \/><\/a><figcaption id=\"caption-attachment-1818\" class=\"wp-caption-text\">Le tableau d\u00e9truit est restitu\u00e9.<\/figcaption><\/figure>\n<p>Ce petit tableau d\u00e9truit de Mal\u00e9vitch est un t\u00e9moin des premi\u00e8res recherches qui vont mener l\u2019artiste au Supr\u00e9matisme, synth\u00e8se de deux cultures compl\u00e9mentaires\u00a0: tradition occidentale et vision orientale orthodoxe. Il permet de mieux comprendre la d\u00e9marche suivie.<\/p>\n<p>A partir de 1907, contre le raffinement du Symbolisme, Mal\u00e9vitch cultive les th\u00e8mes qu\u2019il veut primitifs, grossiers, vulgaires. Ce N\u00e9o-Primitivisme puise dans l\u2019art enfantin et les d\u00e9cors des objets d\u2019art populaires. Cette apparente gaucherie traduit une libert\u00e9 cr\u00e9atrice, en se r\u00e9f\u00e9rant volontiers \u00e0 Gauguin.<\/p>\n<p>Mal\u00e9vitch se tourne alors vers des th\u00e8mes li\u00e9s \u00e0 la campagne. Il simplifie les formes avec un contour fortement appuy\u00e9, r\u00e9duisant son sujet \u00e0 un arch\u00e9type, il souligne la robustesse des personnages, cherchant \u00e0 produire une impression monolithique. Ce visage du paysan est \u00e0 rapprocher de celui du Christ des peintures d\u2019ic\u00f4nes, les yeux regardant vers l\u2019int\u00e9rieur la vraie r\u00e9alit\u00e9. Il s\u2019agit bien s\u00fbr pour Mal\u00e9vitch de ne pas r\u00e9aliser un portrait, mais de faire un tableau. La lumi\u00e8re fuse de la peinture elle-m\u00eame. L\u2019art ne doit pas illustrer la vie mais \u00eatre un moteur de vie. D\u2019o\u00f9 l\u2019importance des couleurs, mais lib\u00e9r\u00e9es des contraintes de l\u2019imitation de la r\u00e9alit\u00e9.<\/p>\n<p style=\"text-align: right;\">(c) Daniel Lagoutte<\/p>\n","protected":false},"excerpt":{"rendered":"<p>T\u00eate de paysan, 1913, huile sur toile, 20 x 20 cm Ce petit tableau d\u00e9truit de Mal\u00e9vitch est un t\u00e9moin des premi\u00e8res recherches qui vont mener l\u2019artiste au Supr\u00e9matisme, synth\u00e8se de deux cultures compl\u00e9mentaires\u00a0: tradition occidentale et vision orientale orthodoxe. Il permet de mieux comprendre la d\u00e9marche suivie. A partir de 1907, contre le raffinement &hellip; <a href=\"https:\/\/tableauxdisparus.fr\/?page_id=1809\" class=\"more-link\">Continuer la lecture de <span class=\"screen-reader-text\">MALEVITCH, Kasimir (1878-1935)<\/span><\/a><\/p>\n","protected":false},"author":2,"featured_media":0,"parent":0,"menu_order":0,"comment_status":"closed","ping_status":"closed","template":"","meta":{"footnotes":""},"class_list":["post-1809","page","type-page","status-publish","hentry"],"jetpack_sharing_enabled":true,"_links":{"self":[{"href":"https:\/\/tableauxdisparus.fr\/index.php?rest_route=\/wp\/v2\/pages\/1809","targetHints":{"allow":["GET"]}}],"collection":[{"href":"https:\/\/tableauxdisparus.fr\/index.php?rest_route=\/wp\/v2\/pages"}],"about":[{"href":"https:\/\/tableauxdisparus.fr\/index.php?rest_route=\/wp\/v2\/types\/page"}],"author":[{"embeddable":true,"href":"https:\/\/tableauxdisparus.fr\/index.php?rest_route=\/wp\/v2\/users\/2"}],"replies":[{"embeddable":true,"href":"https:\/\/tableauxdisparus.fr\/index.php?rest_route=%2Fwp%2Fv2%2Fcomments&post=1809"}],"version-history":[{"count":8,"href":"https:\/\/tableauxdisparus.fr\/index.php?rest_route=\/wp\/v2\/pages\/1809\/revisions"}],"predecessor-version":[{"id":1823,"href":"https:\/\/tableauxdisparus.fr\/index.php?rest_route=\/wp\/v2\/pages\/1809\/revisions\/1823"}],"wp:attachment":[{"href":"https:\/\/tableauxdisparus.fr\/index.php?rest_route=%2Fwp%2Fv2%2Fmedia&parent=1809"}],"curies":[{"name":"wp","href":"https:\/\/api.w.org\/{rel}","templated":true}]}}