{"id":20,"date":"2015-06-17T17:19:29","date_gmt":"2015-06-17T16:19:29","guid":{"rendered":"http:\/\/td.kanoe.fr\/?page_id=20"},"modified":"2015-12-19T20:01:34","modified_gmt":"2015-12-19T19:01:34","slug":"les-chevreuils-a-l-oree-du-bois","status":"publish","type":"page","link":"https:\/\/tableauxdisparus.fr\/?page_id=20","title":{"rendered":"Marc, Franz  (1880-1916)"},"content":{"rendered":"<h2><em>Les Chevreuils \u00e0 l&rsquo;or\u00e9e du bois<\/em>, 1916, huile sur toile, 55 x 81 cm<\/h2>\n<figure id=\"attachment_38\" aria-describedby=\"caption-attachment-38\" style=\"width: 225px\" class=\"wp-caption alignright\"><a href=\"https:\/\/i0.wp.com\/tableauxdisparus.fr\/wp-content\/uploads\/2015\/06\/image021.jpg?ssl=1\"><img data-recalc-dims=\"1\" loading=\"lazy\" decoding=\"async\" class=\"size-medium wp-image-38\" src=\"https:\/\/i0.wp.com\/tableauxdisparus.fr\/wp-content\/uploads\/2015\/06\/image021.jpg?resize=225%2C300&#038;ssl=1\" alt=\"Extrait de l\u2019Album de croquis de Front.\" width=\"225\" height=\"300\" srcset=\"https:\/\/i0.wp.com\/tableauxdisparus.fr\/wp-content\/uploads\/2015\/06\/image021.jpg?resize=225%2C300&amp;ssl=1 225w, https:\/\/i0.wp.com\/tableauxdisparus.fr\/wp-content\/uploads\/2015\/06\/image021.jpg?w=586&amp;ssl=1 586w\" sizes=\"auto, (max-width: 225px) 100vw, 225px\" \/><\/a><figcaption id=\"caption-attachment-38\" class=\"wp-caption-text\">Extrait de l\u2019Album de croquis de Front.<\/figcaption><\/figure>\n<figure id=\"attachment_709\" aria-describedby=\"caption-attachment-709\" style=\"width: 217px\" class=\"wp-caption alignnone\"><a href=\"https:\/\/i0.wp.com\/tableauxdisparus.fr\/wp-content\/uploads\/2015\/09\/DSC02090.jpg?ssl=1\"><img data-recalc-dims=\"1\" loading=\"lazy\" decoding=\"async\" class=\"wp-image-709 \" src=\"https:\/\/i0.wp.com\/tableauxdisparus.fr\/wp-content\/uploads\/2015\/09\/DSC02090.jpg?resize=217%2C326&#038;ssl=1\" alt=\"DSC02090\" width=\"217\" height=\"326\" srcset=\"https:\/\/i0.wp.com\/tableauxdisparus.fr\/wp-content\/uploads\/2015\/09\/DSC02090.jpg?resize=200%2C300&amp;ssl=1 200w, https:\/\/i0.wp.com\/tableauxdisparus.fr\/wp-content\/uploads\/2015\/09\/DSC02090.jpg?w=213&amp;ssl=1 213w\" sizes=\"auto, (max-width: 217px) 100vw, 217px\" \/><\/a><figcaption id=\"caption-attachment-709\" class=\"wp-caption-text\">Restitution de ce qu\u2019aurait pu \u00eatre l\u2019un des tableaux imagin\u00e9 par Franz Marc juste avant sa mort.<\/figcaption><\/figure>\n<p style=\"text-align: justify;\">Le 4 mars 1916, \u00e0 Braquis, pr\u00e8s de Verdun, Franz Marc \u00e9crit \u00e0 sa femme Maria\u00a0: \u00ab\u00a0\u2026 oui, je reviendrai aussi cette ann\u00e9e dans mon cher foyer intact, vers toi et mon travail. Entre les abominables images de destruction sans limites, entre lesquelles je vis actuellement, cette id\u00e9e de retour au pays a une gloire que l\u2019on ne peut d\u00e9crire assez suavement.\u00a0\u00bb L\u2019apr\u00e8s-midi m\u00eame, Franz Marc fut touch\u00e9 par un obus alors qu\u2019il effectuait une reconnaissance.<\/p>\n<p style=\"text-align: justify;\">\u00a0\u00a0\u00a0\u00a0\u00a0\u00a0\u00a0\u00a0\u00a0\u00a0\u00a0 On retrouva son album de croquis avec trente-six dessins \u00e0 la mine de plomb, de 9,8 x 16 cm chacun. Il contenait ses projets de peintures \u00e0 r\u00e9aliser. Franz Marc emporta avec lui cette certitude : \u00ab L&rsquo;art trace une autre route qui m\u00e8ne \u00e0 la vie \u00e9ternelle&#8230; \u00bb<\/p>\n<p style=\"text-align: justify;\">\u00a0\u00a0\u00a0\u00a0\u00a0\u00a0\u00a0\u00a0\u00a0\u00a0\u00a0 Connaissant la relation existante chez Franz Marc entre dessin et peinture, il fallait respecter cette esth\u00e9tique. Il restait \u00e0 restituer les images de ces tableaux disparus avant m\u00eame d\u2019avoir exist\u00e9.<\/p>\n<p style=\"text-align: justify;\">\u00a0\u00a0\u00a0\u00a0\u00a0\u00a0\u00a0\u00a0\u00a0\u00a0\u00a0\u00a0 Chez Marc, l&rsquo;imminence de la mort semble seule propice \u00e0 l&rsquo;accumulation d&rsquo;\u00e9nergie mentale, \u00e0 la d\u00e9couverte de voies nouvelles. Pour lui, l\u2019animal a conserv\u00e9 une sensibilit\u00e9 aux valeurs perdue chez l\u2019homme. Le paysage dans lequel l\u2019animal \u00e9volue refl\u00e8te ces qualit\u00e9s par son organisation abstraite. L\u2019animal voit le monde dans sa puret\u00e9. Chaque couleur poss\u00e8de sa signification\u00a0: le bleu pour le masculin aust\u00e8re et le spirituel\u00a0; le jaune pour le f\u00e9minin, doux et gai\u00a0; et le rouge comme couleur de la violence combattue par les deux premi\u00e8res. Dans ce tableau disparu, il nous restait \u00e0 tirer parti de cette gamme color\u00e9e en r\u00e9partissant les couleurs comme on dispose des notes sur une port\u00e9e musicale avec le souffle qui convient en pareille circonstance.<\/p>\n<p>&nbsp;<\/p>\n<figure id=\"attachment_91\" aria-describedby=\"caption-attachment-91\" style=\"width: 225px\" class=\"wp-caption aligncenter\"><a href=\"https:\/\/i0.wp.com\/tableauxdisparus.fr\/wp-content\/uploads\/2015\/06\/image001-e1435326578220.jpg?ssl=1\"><img data-recalc-dims=\"1\" loading=\"lazy\" decoding=\"async\" class=\"size-medium wp-image-91\" src=\"https:\/\/i0.wp.com\/tableauxdisparus.fr\/wp-content\/uploads\/2015\/06\/image001-e1435326578220-225x300.jpg?resize=225%2C300&#038;ssl=1\" alt=\"La tombe provisoire de Franz Marc\" width=\"225\" height=\"300\" srcset=\"https:\/\/i0.wp.com\/tableauxdisparus.fr\/wp-content\/uploads\/2015\/06\/image001-e1435326578220.jpg?resize=225%2C300&amp;ssl=1 225w, https:\/\/i0.wp.com\/tableauxdisparus.fr\/wp-content\/uploads\/2015\/06\/image001-e1435326578220.jpg?w=609&amp;ssl=1 609w\" sizes=\"auto, (max-width: 225px) 100vw, 225px\" \/><\/a><figcaption id=\"caption-attachment-91\" class=\"wp-caption-text\">La tombe provisoire de Franz Marc.<\/figcaption><\/figure>\n<p style=\"text-align: right;\">\u00a0(c) Daniel Lagoutte<\/p>\n","protected":false},"excerpt":{"rendered":"<p>Les Chevreuils \u00e0 l&rsquo;or\u00e9e du bois, 1916, huile sur toile, 55 x 81 cm Le 4 mars 1916, \u00e0 Braquis, pr\u00e8s de Verdun, Franz Marc \u00e9crit \u00e0 sa femme Maria\u00a0: \u00ab\u00a0\u2026 oui, je reviendrai aussi cette ann\u00e9e dans mon cher foyer intact, vers toi et mon travail. Entre les abominables images de destruction sans limites, &hellip; <a href=\"https:\/\/tableauxdisparus.fr\/?page_id=20\" class=\"more-link\">Continuer la lecture de <span class=\"screen-reader-text\">Marc, Franz  (1880-1916)<\/span><\/a><\/p>\n","protected":false},"author":1,"featured_media":0,"parent":0,"menu_order":0,"comment_status":"closed","ping_status":"closed","template":"","meta":{"footnotes":""},"class_list":["post-20","page","type-page","status-publish","hentry"],"jetpack_sharing_enabled":true,"_links":{"self":[{"href":"https:\/\/tableauxdisparus.fr\/index.php?rest_route=\/wp\/v2\/pages\/20","targetHints":{"allow":["GET"]}}],"collection":[{"href":"https:\/\/tableauxdisparus.fr\/index.php?rest_route=\/wp\/v2\/pages"}],"about":[{"href":"https:\/\/tableauxdisparus.fr\/index.php?rest_route=\/wp\/v2\/types\/page"}],"author":[{"embeddable":true,"href":"https:\/\/tableauxdisparus.fr\/index.php?rest_route=\/wp\/v2\/users\/1"}],"replies":[{"embeddable":true,"href":"https:\/\/tableauxdisparus.fr\/index.php?rest_route=%2Fwp%2Fv2%2Fcomments&post=20"}],"version-history":[{"count":37,"href":"https:\/\/tableauxdisparus.fr\/index.php?rest_route=\/wp\/v2\/pages\/20\/revisions"}],"predecessor-version":[{"id":1069,"href":"https:\/\/tableauxdisparus.fr\/index.php?rest_route=\/wp\/v2\/pages\/20\/revisions\/1069"}],"wp:attachment":[{"href":"https:\/\/tableauxdisparus.fr\/index.php?rest_route=%2Fwp%2Fv2%2Fmedia&parent=20"}],"curies":[{"name":"wp","href":"https:\/\/api.w.org\/{rel}","templated":true}]}}