{"id":23,"date":"2015-06-17T17:11:48","date_gmt":"2015-06-17T16:11:48","guid":{"rendered":"http:\/\/td.kanoe.fr\/?page_id=23"},"modified":"2015-09-15T09:34:48","modified_gmt":"2015-09-15T08:34:48","slug":"portrait-d-un-jeune-homme","status":"publish","type":"page","link":"https:\/\/tableauxdisparus.fr\/?page_id=23","title":{"rendered":"Rapha\u00ebl (1483-1520)"},"content":{"rendered":"<h2><em>Portrait d&rsquo;un jeune homme<\/em>, vers 1513-1514, huile sur panneau, 59 x 75 cm<\/h2>\n<figure id=\"attachment_724\" aria-describedby=\"caption-attachment-724\" style=\"width: 266px\" class=\"wp-caption alignnone\"><a href=\"https:\/\/i0.wp.com\/tableauxdisparus.fr\/wp-content\/uploads\/2015\/09\/DSC02111.jpg?ssl=1\"><img data-recalc-dims=\"1\" loading=\"lazy\" decoding=\"async\" class=\"wp-image-724 size-medium\" src=\"https:\/\/i0.wp.com\/tableauxdisparus.fr\/wp-content\/uploads\/2015\/09\/DSC02111.jpg?resize=266%2C300&#038;ssl=1\" alt=\"DSC02111\" width=\"266\" height=\"300\" srcset=\"https:\/\/i0.wp.com\/tableauxdisparus.fr\/wp-content\/uploads\/2015\/09\/DSC02111.jpg?resize=266%2C300&amp;ssl=1 266w, https:\/\/i0.wp.com\/tableauxdisparus.fr\/wp-content\/uploads\/2015\/09\/DSC02111.jpg?w=284&amp;ssl=1 284w\" sizes=\"auto, (max-width: 266px) 100vw, 266px\" \/><\/a><figcaption id=\"caption-attachment-724\" class=\"wp-caption-text\">Restitution du tableau disparu.<\/figcaption><\/figure>\n<p style=\"text-align: justify;\">\u00a0\u00a0\u00a0\u00a0\u00a0\u00a0\u00a0\u00a0\u00a0 Certains historiens pensent que ce tableau disparu serait en fait un autoportrait de Rapha\u00ebl. Et c\u2019est ce qui en fit sa renomm\u00e9e. Il est caract\u00e9ristique du style de Rapha\u00ebl\u00a0: \u00e0 la fois d\u00e9dain et courtoisie animent le visage.<\/p>\n<p style=\"text-align: justify;\">\u00a0\u00a0\u00a0\u00a0\u00a0\u00a0\u00a0\u00a0\u00a0\u00a0\u00a0 Ce tableau disparu \u00e9tait autrefois conserv\u00e9 au <em>Mus\u00e9e Czartoryski<\/em> \u00e0 Cracovie. En septembre 1939, il fut r\u00e9cup\u00e9r\u00e9 par le gouverneur nazi de Pologne Hans Frank pour d\u00e9corer son chalet de Neuhaus. C\u2019est l\u00e0 qu\u2019il a \u00e9t\u00e9 vu pour la derni\u00e8re fois en janvier 1945. Frank fut pendu sans avoir pu indiquer o\u00f9 se trouvait la peinture consid\u00e9r\u00e9e aujourd\u2019hui comme d\u00e9finitivement perdue.<\/p>\n<p style=\"text-align: justify;\"><strong>\u00a0\u00a0\u00a0\u00a0\u00a0\u00a0\u00a0\u00a0\u00a0\u00a0\u00a0 <\/strong>Voici le tableau en train de br\u00fbler dans une mine de sel situ\u00e9e en Allemagne, o\u00f9 il aurait \u00e9t\u00e9 transport\u00e9. Cette photo fait partie d\u2019une reconstitution historique au cin\u00e9ma (<em>Monuments Men<\/em> de Georges Clooney, 2014).<\/p>\n<p style=\"text-align: justify;\"><strong>\u00a0\u00a0\u00a0\u00a0\u00a0\u00a0\u00a0\u00a0\u00a0\u00a0\u00a0 <\/strong>Pour reconstituer l\u2019aspect de l\u2019original, on ne disposait que d\u2019une ancienne photographie reproduisant partiellement ce tableau disparu. Nous avons restitu\u00e9 la dimension originelle en partant du fait que l\u2019\u0153il gauche du mod\u00e8le est situ\u00e9 sur l\u2019axe vertical du panneau (comme c\u2019est le cas pour les portraits de L\u00e9onard de Vinci).<\/p>\n<p style=\"text-align: justify;\">\u00a0\u00a0\u00a0\u00a0\u00a0\u00a0\u00a0\u00a0\u00a0\u00a0\u00a0 Dans ce travail, il s\u2019agit de montrer que le personnage respire. Pour cela, nous allons, comme Rapha\u00ebl, jouer sur des rapports duels :<\/p>\n<p style=\"text-align: justify;\">\u00a0\u00a0\u00a0\u00a0\u00a0\u00a0\u00a0 Rapports de couleurs froid\/chaud\u00a0: les couleurs froides (noir, bleus, gris) servent \u00e0 traduire la chaleur de la fourrure.<\/p>\n<p style=\"text-align: justify;\">\u00a0\u00a0\u00a0\u00a0\u00a0\u00a0\u00a0 Rapports formels\u00a0: La chevelure rappelle la ligne des arbres du paysage. On se souvient qu\u2019en \u00e9voquant la Gaule tr\u00e8s bois\u00e9e, Jules C\u00e9sar l\u2019avait nomm\u00e9e \u00ab\u00a0la Gaule chevelue\u00a0\u00bb.<\/p>\n<p style=\"text-align: justify;\">\u00a0\u00a0\u00a0\u00a0\u00a0 Rapports rythmiques\u00a0: La masse de cheveux situ\u00e9e \u00e0 gauche du visage, qui part horizontalement pour descendre presqu\u2019\u00e0 la verticale, dessine un cadre qui met en \u00e9vidence la subtilit\u00e9 des traits du visage. Rapha\u00ebl applique le principe de contrepoint cher aux artistes de l\u2019\u00e9poque\u00a0; au contour peu d\u00e9coup\u00e9 et statique de la figure du c\u00f4t\u00e9 droit r\u00e9pond un ensemble d\u2019\u00e9l\u00e9ments expressifs du c\u00f4t\u00e9 gauche.<\/p>\n<p style=\"text-align: justify;\">\u00a0\u00a0\u00a0 Rapports devant\/derri\u00e8re\u00a0: Le paysage implique une focalisation lointaine, le portrait, une focalisation rapproch\u00e9e, le mur le point interm\u00e9diaire\u00a0; les horizontales invitent \u00e0 \u00e9tablir cette relation. Un autre d\u00e9tail confirme cette intention\u00a0: le n\u0153ud du lacet plac\u00e9 au poignet, il ressort derri\u00e8re un pli de la manche. Le regard du spectateur est invit\u00e9 \u00e0 effectuer des mises au point\u00a0successives pour percevoir ce que l\u2019artiste traduit\u00a0: les mouvements de l\u2019\u00e2me. Le motif respire\u2026 Rapha\u00ebl connaissait ce texte de P\u00e9trarque\u00a0dont le contenu a inspir\u00e9 notre travail : \u00ab\u00a0Les gestes anim\u00e9s des images exangues et les mouvements des figures immobiles semblent jaillir de leurs cadres et les traits expirants des visages te tiennent en haleine, comme si tu t\u2019attendais plus ou moins \u00e0 ce que leur voix en jaillisse aussi.\u00a0\u00bb<\/p>\n<p>&nbsp;<\/p>\n<figure id=\"attachment_17\" aria-describedby=\"caption-attachment-17\" style=\"width: 208px\" class=\"wp-caption alignnone\"><a href=\"https:\/\/i0.wp.com\/tableauxdisparus.fr\/wp-content\/uploads\/2015\/06\/cropped-image06.jpg?ssl=1\"><img data-recalc-dims=\"1\" loading=\"lazy\" decoding=\"async\" class=\"wp-image-17\" src=\"https:\/\/i0.wp.com\/tableauxdisparus.fr\/wp-content\/uploads\/2015\/06\/cropped-image06.jpg?resize=208%2C284&#038;ssl=1\" alt=\"cropped-image06.jpg\" width=\"208\" height=\"284\" srcset=\"https:\/\/i0.wp.com\/tableauxdisparus.fr\/wp-content\/uploads\/2015\/06\/cropped-image06.jpg?resize=220%2C300&amp;ssl=1 220w, https:\/\/i0.wp.com\/tableauxdisparus.fr\/wp-content\/uploads\/2015\/06\/cropped-image06.jpg?resize=751%2C1024&amp;ssl=1 751w, https:\/\/i0.wp.com\/tableauxdisparus.fr\/wp-content\/uploads\/2015\/06\/cropped-image06.jpg?w=954&amp;ssl=1 954w\" sizes=\"auto, (max-width: 208px) 100vw, 208px\" \/><\/a><figcaption id=\"caption-attachment-17\" class=\"wp-caption-text\">Voici le tableau en train de br\u00fbler dans une mine de sel situ\u00e9e en Allemagne, o\u00f9 il aurait \u00e9t\u00e9 transport\u00e9. Cette photo fait partie d\u2019une reconstitution historique au cin\u00e9ma (<em>Monuments Men<\/em> de Georges Clooney, 2014).<\/figcaption><\/figure>\n<p style=\"text-align: right;\">\u00a0(c) Daniel Lagoutte<\/p>\n<p>&nbsp;<\/p>\n","protected":false},"excerpt":{"rendered":"<p>Portrait d&rsquo;un jeune homme, vers 1513-1514, huile sur panneau, 59 x 75 cm \u00a0\u00a0\u00a0\u00a0\u00a0\u00a0\u00a0\u00a0\u00a0 Certains historiens pensent que ce tableau disparu serait en fait un autoportrait de Rapha\u00ebl. Et c\u2019est ce qui en fit sa renomm\u00e9e. Il est caract\u00e9ristique du style de Rapha\u00ebl\u00a0: \u00e0 la fois d\u00e9dain et courtoisie animent le visage. \u00a0\u00a0\u00a0\u00a0\u00a0\u00a0\u00a0\u00a0\u00a0\u00a0\u00a0 Ce tableau &hellip; <a href=\"https:\/\/tableauxdisparus.fr\/?page_id=23\" class=\"more-link\">Continuer la lecture de <span class=\"screen-reader-text\">Rapha\u00ebl (1483-1520)<\/span><\/a><\/p>\n","protected":false},"author":1,"featured_media":0,"parent":0,"menu_order":0,"comment_status":"closed","ping_status":"closed","template":"","meta":{"footnotes":""},"class_list":["post-23","page","type-page","status-publish","hentry"],"jetpack_sharing_enabled":true,"_links":{"self":[{"href":"https:\/\/tableauxdisparus.fr\/index.php?rest_route=\/wp\/v2\/pages\/23","targetHints":{"allow":["GET"]}}],"collection":[{"href":"https:\/\/tableauxdisparus.fr\/index.php?rest_route=\/wp\/v2\/pages"}],"about":[{"href":"https:\/\/tableauxdisparus.fr\/index.php?rest_route=\/wp\/v2\/types\/page"}],"author":[{"embeddable":true,"href":"https:\/\/tableauxdisparus.fr\/index.php?rest_route=\/wp\/v2\/users\/1"}],"replies":[{"embeddable":true,"href":"https:\/\/tableauxdisparus.fr\/index.php?rest_route=%2Fwp%2Fv2%2Fcomments&post=23"}],"version-history":[{"count":22,"href":"https:\/\/tableauxdisparus.fr\/index.php?rest_route=\/wp\/v2\/pages\/23\/revisions"}],"predecessor-version":[{"id":389,"href":"https:\/\/tableauxdisparus.fr\/index.php?rest_route=\/wp\/v2\/pages\/23\/revisions\/389"}],"wp:attachment":[{"href":"https:\/\/tableauxdisparus.fr\/index.php?rest_route=%2Fwp%2Fv2%2Fmedia&parent=23"}],"curies":[{"name":"wp","href":"https:\/\/api.w.org\/{rel}","templated":true}]}}