{"id":51,"date":"2015-06-26T10:58:46","date_gmt":"2015-06-26T09:58:46","guid":{"rendered":"http:\/\/td.kanoe.fr\/?page_id=51"},"modified":"2017-07-04T15:10:54","modified_gmt":"2017-07-04T14:10:54","slug":"les-deux-amies-191617-huile-sur-toile-99-x-99-cm","status":"publish","type":"page","link":"https:\/\/tableauxdisparus.fr\/?page_id=51","title":{"rendered":"Klimt, Gustav (1862-1918)"},"content":{"rendered":"<h2><em>Les deux amies<\/em>, 1916\/17, huile sur toile, 99 x 99 cm<\/h2>\n<figure id=\"attachment_1220\" aria-describedby=\"caption-attachment-1220\" style=\"width: 300px\" class=\"wp-caption alignnone\"><a href=\"https:\/\/i0.wp.com\/tableauxdisparus.fr\/wp-content\/uploads\/2016\/06\/034.jpg?ssl=1\"><img data-recalc-dims=\"1\" loading=\"lazy\" decoding=\"async\" class=\"wp-image-1220 size-medium\" src=\"https:\/\/i0.wp.com\/tableauxdisparus.fr\/wp-content\/uploads\/2016\/06\/034.jpg?resize=300%2C300&#038;ssl=1\" alt=\"034\" width=\"300\" height=\"300\" srcset=\"https:\/\/i0.wp.com\/tableauxdisparus.fr\/wp-content\/uploads\/2016\/06\/034.jpg?resize=300%2C300&amp;ssl=1 300w, https:\/\/i0.wp.com\/tableauxdisparus.fr\/wp-content\/uploads\/2016\/06\/034.jpg?resize=150%2C150&amp;ssl=1 150w, https:\/\/i0.wp.com\/tableauxdisparus.fr\/wp-content\/uploads\/2016\/06\/034.jpg?w=319&amp;ssl=1 319w\" sizes=\"auto, (max-width: 300px) 100vw, 300px\" \/><\/a><figcaption id=\"caption-attachment-1220\" class=\"wp-caption-text\">Le tableau de Klimt restitu\u00e9.<\/figcaption><\/figure>\n<p style=\"text-align: justify;\">Indiff\u00e9rent au bouillonnant XXe si\u00e8cle qu&rsquo;il est en train de vivre, Klimt n&rsquo;est le peintre ni de la femme, ni de l&rsquo;\u00e9rotisme, il est celui d&rsquo;une obsession. La fille qui attise le feu, la m\u00e8re qui l&rsquo;\u00e9teint. Cette peinture montre une f\u00e9minit\u00e9 qui a du mal \u00e0 exister dans la t\u00eate d&rsquo;un homme immature. S&rsquo;il a\u00a0le g\u00e9nie de la forme et de la couleur, des id\u00e9es qui sont celles de son temps, il est meurtri par une sexualit\u00e9 coupable et inavouable.<\/p>\n<p style=\"text-align: justify;\">Les nazis ont transf\u00e9r\u00e9 la collection d&rsquo;August Lederer (ce dernier d\u00e9c\u00e9d\u00e9 en 1937), \u00e0 laquelle appartenait ce tableau, au ch\u00e2teau d&rsquo;Immendorf, dans le sud de l&rsquo;Autriche, pour la prot\u00e9ger des bombardements alli\u00e9s sur Vienne. Nous sommes le 8 mai 1945. Les unit\u00e9s SS en d\u00e9route commettent alors les pires exactions. Les officiers SS organisent une orgie toute la nuit dans les appartements du ch\u00e2teau. Le lendemain, des explosifs sont pos\u00e9s et mis \u00e0 feu. Le ch\u00e2teau d&rsquo;Immendorf a br\u00fbl\u00e9 pendant quatre jours, ses ruines ont ensuite \u00e9t\u00e9 d\u00e9molies&#8230;<\/p>\n<p style=\"text-align: justify;\">La sensualit\u00e9 g\u00ean\u00e9e qui se d\u00e9gage de cette \u0153uvre est li\u00e9e au pouvoir de la ligne des contours sur de vastes champs color\u00e9s. Chaque \u00e9l\u00e9ment agit comme d\u00e9tail qui attire l&rsquo;attention sans la retenir bien longtemps. Notre\u00a0\u0153il de spectateur\u00a0circule donc d&rsquo;un endroit \u00e0 l&rsquo;autre, pris dans ce jeu frivole. Le format carr\u00e9 de la toile participe \u00e0 cette ind\u00e9cision du regard.<\/p>\n<figure id=\"attachment_212\" aria-describedby=\"caption-attachment-212\" style=\"width: 300px\" class=\"wp-caption alignnone\"><a href=\"https:\/\/i0.wp.com\/tableauxdisparus.fr\/wp-content\/uploads\/2015\/07\/P1040680.jpg?ssl=1\"><img data-recalc-dims=\"1\" loading=\"lazy\" decoding=\"async\" class=\"wp-image-212 size-medium\" src=\"https:\/\/i0.wp.com\/tableauxdisparus.fr\/wp-content\/uploads\/2015\/07\/P1040680.jpg?resize=300%2C225&#038;ssl=1\" alt=\"P1040680\" width=\"300\" height=\"225\" srcset=\"https:\/\/i0.wp.com\/tableauxdisparus.fr\/wp-content\/uploads\/2015\/07\/P1040680.jpg?resize=300%2C225&amp;ssl=1 300w, https:\/\/i0.wp.com\/tableauxdisparus.fr\/wp-content\/uploads\/2015\/07\/P1040680.jpg?w=320&amp;ssl=1 320w\" sizes=\"auto, (max-width: 300px) 100vw, 300px\" \/><\/a><figcaption id=\"caption-attachment-212\" class=\"wp-caption-text\">Le ch\u00e2teau d&rsquo;Immendorf o\u00f9 \u00e9tait conserv\u00e9 le tableau disparu.<\/figcaption><\/figure>\n<p style=\"text-align: right;\">(c) Daniel Lagoutte<\/p>\n","protected":false},"excerpt":{"rendered":"<p>Les deux amies, 1916\/17, huile sur toile, 99 x 99 cm Indiff\u00e9rent au bouillonnant XXe si\u00e8cle qu&rsquo;il est en train de vivre, Klimt n&rsquo;est le peintre ni de la femme, ni de l&rsquo;\u00e9rotisme, il est celui d&rsquo;une obsession. La fille qui attise le feu, la m\u00e8re qui l&rsquo;\u00e9teint. Cette peinture montre une f\u00e9minit\u00e9 qui a &hellip; <a href=\"https:\/\/tableauxdisparus.fr\/?page_id=51\" class=\"more-link\">Continuer la lecture de <span class=\"screen-reader-text\">Klimt, Gustav (1862-1918)<\/span><\/a><\/p>\n","protected":false},"author":1,"featured_media":0,"parent":0,"menu_order":0,"comment_status":"closed","ping_status":"closed","template":"","meta":{"footnotes":""},"class_list":["post-51","page","type-page","status-publish","hentry"],"jetpack_sharing_enabled":true,"_links":{"self":[{"href":"https:\/\/tableauxdisparus.fr\/index.php?rest_route=\/wp\/v2\/pages\/51","targetHints":{"allow":["GET"]}}],"collection":[{"href":"https:\/\/tableauxdisparus.fr\/index.php?rest_route=\/wp\/v2\/pages"}],"about":[{"href":"https:\/\/tableauxdisparus.fr\/index.php?rest_route=\/wp\/v2\/types\/page"}],"author":[{"embeddable":true,"href":"https:\/\/tableauxdisparus.fr\/index.php?rest_route=\/wp\/v2\/users\/1"}],"replies":[{"embeddable":true,"href":"https:\/\/tableauxdisparus.fr\/index.php?rest_route=%2Fwp%2Fv2%2Fcomments&post=51"}],"version-history":[{"count":25,"href":"https:\/\/tableauxdisparus.fr\/index.php?rest_route=\/wp\/v2\/pages\/51\/revisions"}],"predecessor-version":[{"id":1844,"href":"https:\/\/tableauxdisparus.fr\/index.php?rest_route=\/wp\/v2\/pages\/51\/revisions\/1844"}],"wp:attachment":[{"href":"https:\/\/tableauxdisparus.fr\/index.php?rest_route=%2Fwp%2Fv2%2Fmedia&parent=51"}],"curies":[{"name":"wp","href":"https:\/\/api.w.org\/{rel}","templated":true}]}}