{"id":57,"date":"2015-06-26T11:06:25","date_gmt":"2015-06-26T10:06:25","guid":{"rendered":"http:\/\/td.kanoe.fr\/?page_id=57"},"modified":"2016-12-12T14:00:30","modified_gmt":"2016-12-12T13:00:30","slug":"les-quatre-saisons-vers-1485-1490-peintures-sur-bois-78-x-21-cm-chacune","status":"publish","type":"page","link":"https:\/\/tableauxdisparus.fr\/?page_id=57","title":{"rendered":"Botticelli, Sandro (1445-1510)"},"content":{"rendered":"<h2><em>Les quatre saisons<\/em>, vers 1485 &#8211; 1490, peintures sur bois, 78 x 21 cm chacune<\/h2>\n<p style=\"text-align: justify;\"><a href=\"https:\/\/i0.wp.com\/tableauxdisparus.fr\/wp-content\/uploads\/2015\/09\/DSC02121.jpg?ssl=1\"><img data-recalc-dims=\"1\" loading=\"lazy\" decoding=\"async\" class=\"alignnone size-medium wp-image-772\" src=\"https:\/\/i0.wp.com\/tableauxdisparus.fr\/wp-content\/uploads\/2015\/09\/DSC02121.jpg?resize=300%2C209&#038;ssl=1\" alt=\"DSC02121\" width=\"300\" height=\"209\" srcset=\"https:\/\/i0.wp.com\/tableauxdisparus.fr\/wp-content\/uploads\/2015\/09\/DSC02121.jpg?resize=300%2C209&amp;ssl=1 300w, https:\/\/i0.wp.com\/tableauxdisparus.fr\/wp-content\/uploads\/2015\/09\/DSC02121.jpg?w=320&amp;ssl=1 320w\" sizes=\"auto, (max-width: 300px) 100vw, 300px\" \/><\/a><\/p>\n<p style=\"text-align: justify;\">\u00a0\u00a0\u00a0\u00a0\u00a0\u00a0\u00a0\u00a0 Plusieurs fois perdus et retrouv\u00e9s, ces quatre panneaux servant de d\u00e9corations murales ont de nouveau myst\u00e9rieusement et d\u00e9finitivement disparus depuis la fin des ann\u00e9es cinquante. Aucune recherche pour les retrouver n\u2019a pu aboutir. Les historiens les consid\u00e8rent comme d\u00e9finitivement d\u00e9truits. Cette s\u00e9rie de tableaux disparus pr\u00e9sente un int\u00e9r\u00eat historique particulier parce que c\u2019est la premi\u00e8re suite homog\u00e8ne d\u2019all\u00e9gories des saisons attest\u00e9e dans la peinture de la Renaissance. On poss\u00e8de seulement les photographies en noir et blanc des peintures. Elles sont ici restitu\u00e9es en tenant compte de l\u2019utilisation des couleurs par Botticelli.<\/p>\n<p style=\"text-align: justify;\">\u00a0\u00a0\u00a0\u00a0\u00a0\u00a0\u00a0\u00a0\u00a0\u00a0\u00a0 L\u2019int\u00e9r\u00eat de ces tableaux r\u00e9side dans le fait que les couleurs comme les lignes suivent une spirale sur un plan frontal. Botticelli conna\u00eet bien <em>La Divine Com\u00e9die<\/em> de Dante puisqu\u2019il l\u2019a illustr\u00e9e. En voici la structure\u00a0: deux c\u00f4nes spiral\u00e9s, la tour de Babel au-dessus de la terre, l\u2019enfer en-dessous. Cette spirale fait partie d\u2019une longue tradition chez les artistes. Elle est nomm\u00e9e spirale de vie, ou ligne serpentine. C\u2019est ce principe qui a guid\u00e9 ici la reconstitution des tableaux disparus.<\/p>\n<p style=\"text-align: justify;\">\u00a0\u00a0\u00a0\u00a0\u00a0\u00a0\u00a0\u00a0\u00a0\u00a0\u00a0 Dans <em>l\u2019Automne<\/em>, des fruits, on passe au ventre de la figure que l\u2019enfant soutient de ses mains. La m\u00e8re pourrait \u00eatre enceinte. Un d\u00e9tail qui ne peut \u00eatre anodin\u00a0: cet enfant poss\u00e8de un pied chauss\u00e9, l\u2019autre nu, son pied gauche. En \u00e9sot\u00e9risme, c\u2019est l\u00e0 le signe que nous avons affaire \u00e0 un initi\u00e9.<\/p>\n<p style=\"text-align: justify;\">\u00a0\u00a0\u00a0\u00a0\u00a0\u00a0\u00a0\u00a0\u00a0\u00a0\u00a0 Alors, \u00e0 partir de <em>l\u2019Automne<\/em>, se pr\u00e9cisent des relations entre les quatre panneaux. On s\u2019attachera \u00e0 les relier par les rythmes color\u00e9s jaunes, noirs, roses, rouges.<\/p>\n<p>&nbsp;<\/p>\n<table>\n<tbody>\n<tr>\n<td width=\"83\"><strong><em>Saisons<\/em><\/strong><\/td>\n<td width=\"104\"><strong><em>Ages de la vie<\/em><\/strong><\/td>\n<td width=\"94\"><strong><em>Caract\u00e8res<\/em><\/strong><\/td>\n<td width=\"76\"><strong><em>El\u00e9ments<\/em><\/strong><\/td>\n<td width=\"97\"><strong><em>Signification \u00e9sot\u00e9rique<\/em><\/strong><\/td>\n<\/tr>\n<tr>\n<td width=\"83\">Automne<\/p>\n<p>&nbsp;<\/td>\n<td width=\"104\">Pl\u00e9nitude<\/td>\n<td width=\"94\">Atrabilaire<\/p>\n<p>(jaune)<\/td>\n<td width=\"76\">Eau<\/td>\n<td width=\"97\">Retraite pour couver<\/td>\n<\/tr>\n<tr>\n<td width=\"83\">Hiver<\/td>\n<td width=\"104\">Vieillesse<\/td>\n<td width=\"94\">Flegmatique<\/p>\n<p>(noir)<\/td>\n<td width=\"76\">Feu<\/p>\n<p>&nbsp;<\/td>\n<td width=\"97\">Meurs pour rena\u00eetre<\/td>\n<\/tr>\n<tr>\n<td width=\"83\">Printemps<\/p>\n<p>&nbsp;<\/td>\n<td width=\"104\">Enfance<\/td>\n<td width=\"94\">Sanguin<\/p>\n<p>(rose)<\/td>\n<td width=\"76\">Air<\/td>\n<td width=\"97\">S\u00e9duire<\/td>\n<\/tr>\n<tr>\n<td width=\"83\">Et\u00e9<\/p>\n<p>&nbsp;<\/td>\n<td width=\"104\">Adolescence<\/td>\n<td width=\"94\">Bilieux<\/p>\n<p>(rouge)<\/td>\n<td width=\"76\">Terre<\/td>\n<td width=\"97\">Produire, r\u00e9aliser<\/p>\n<p>Engranger<\/td>\n<\/tr>\n<\/tbody>\n<\/table>\n<p>&nbsp;<\/p>\n<p style=\"text-align: justify;\">\u00a0\u00a0\u00a0\u00a0\u00a0\u00a0\u00a0\u00a0\u00a0\u00a0\u00a0 Avec <em>l\u2019Hiver<\/em>, la spirale se fait sinuso\u00efde, de la t\u00eate au genou droit de la vieille femme, puis vers son pied gauche. Les flammes du b\u00fbcher montent en spirales. Avec <em>le Printemps<\/em>, on retrouve la sinuso\u00efde reprise m\u00eame dans le d\u00e9tail des drap\u00e9s. C\u2019est enfin dans la figure de <em>l\u2019Et\u00e9<\/em> que s\u2019affirme avec le plus de dynamisme cette sinuso\u00efde.<\/p>\n<p style=\"text-align: justify;\">\u00a0\u00a0\u00a0\u00a0\u00a0\u00a0\u00a0\u00a0\u00a0\u00a0\u00a0 De <em>l\u2019Automne<\/em> \u00e0 <em>l\u2019Et\u00e9<\/em>, nous avons successivement appliqu\u00e9 les couleurs dans l\u2019ordre, selon les principes de l\u2019alchimie\u00a0: depuis le jaune jusqu\u2019au rouge, le dernier panneau superposant les quatre couleurs pour sa r\u00e9alisation.<\/p>\n<figure id=\"attachment_205\" aria-describedby=\"caption-attachment-205\" style=\"width: 300px\" class=\"wp-caption alignnone\"><a href=\"https:\/\/i0.wp.com\/tableauxdisparus.fr\/wp-content\/uploads\/2015\/07\/P1040663.jpg?ssl=1\"><img data-recalc-dims=\"1\" loading=\"lazy\" decoding=\"async\" class=\"wp-image-205 size-medium\" src=\"https:\/\/i0.wp.com\/tableauxdisparus.fr\/wp-content\/uploads\/2015\/07\/P1040663.jpg?resize=300%2C225&#038;ssl=1\" alt=\"P1040663\" width=\"300\" height=\"225\" srcset=\"https:\/\/i0.wp.com\/tableauxdisparus.fr\/wp-content\/uploads\/2015\/07\/P1040663.jpg?resize=300%2C225&amp;ssl=1 300w, https:\/\/i0.wp.com\/tableauxdisparus.fr\/wp-content\/uploads\/2015\/07\/P1040663.jpg?w=320&amp;ssl=1 320w\" sizes=\"auto, (max-width: 300px) 100vw, 300px\" \/><\/a><figcaption id=\"caption-attachment-205\" class=\"wp-caption-text\">La Knoedler Gallery \u00e0 New York o\u00f9 les tableaux disparus ont \u00e9t\u00e9 vus pour la derni\u00e8re fois en 1958.<\/figcaption><\/figure>\n<p>&nbsp;<\/p>\n<p>&nbsp;<\/p>\n<p>&nbsp;<\/p>\n<p style=\"text-align: right;\">(c) Daniel Lagoutte<\/p>\n","protected":false},"excerpt":{"rendered":"<p>Les quatre saisons, vers 1485 &#8211; 1490, peintures sur bois, 78 x 21 cm chacune \u00a0\u00a0\u00a0\u00a0\u00a0\u00a0\u00a0\u00a0 Plusieurs fois perdus et retrouv\u00e9s, ces quatre panneaux servant de d\u00e9corations murales ont de nouveau myst\u00e9rieusement et d\u00e9finitivement disparus depuis la fin des ann\u00e9es cinquante. Aucune recherche pour les retrouver n\u2019a pu aboutir. Les historiens les consid\u00e8rent comme d\u00e9finitivement &hellip; <a href=\"https:\/\/tableauxdisparus.fr\/?page_id=57\" class=\"more-link\">Continuer la lecture de <span class=\"screen-reader-text\">Botticelli, Sandro (1445-1510)<\/span><\/a><\/p>\n","protected":false},"author":1,"featured_media":0,"parent":0,"menu_order":0,"comment_status":"closed","ping_status":"closed","template":"","meta":{"footnotes":""},"class_list":["post-57","page","type-page","status-publish","hentry"],"jetpack_sharing_enabled":true,"_links":{"self":[{"href":"https:\/\/tableauxdisparus.fr\/index.php?rest_route=\/wp\/v2\/pages\/57","targetHints":{"allow":["GET"]}}],"collection":[{"href":"https:\/\/tableauxdisparus.fr\/index.php?rest_route=\/wp\/v2\/pages"}],"about":[{"href":"https:\/\/tableauxdisparus.fr\/index.php?rest_route=\/wp\/v2\/types\/page"}],"author":[{"embeddable":true,"href":"https:\/\/tableauxdisparus.fr\/index.php?rest_route=\/wp\/v2\/users\/1"}],"replies":[{"embeddable":true,"href":"https:\/\/tableauxdisparus.fr\/index.php?rest_route=%2Fwp%2Fv2%2Fcomments&post=57"}],"version-history":[{"count":32,"href":"https:\/\/tableauxdisparus.fr\/index.php?rest_route=\/wp\/v2\/pages\/57\/revisions"}],"predecessor-version":[{"id":1517,"href":"https:\/\/tableauxdisparus.fr\/index.php?rest_route=\/wp\/v2\/pages\/57\/revisions\/1517"}],"wp:attachment":[{"href":"https:\/\/tableauxdisparus.fr\/index.php?rest_route=%2Fwp%2Fv2%2Fmedia&parent=57"}],"curies":[{"name":"wp","href":"https:\/\/api.w.org\/{rel}","templated":true}]}}