{"id":63,"date":"2015-06-26T11:16:12","date_gmt":"2015-06-26T10:16:12","guid":{"rendered":"http:\/\/td.kanoe.fr\/?page_id=63"},"modified":"2016-12-13T19:51:06","modified_gmt":"2016-12-13T18:51:06","slug":"saint-matthieu-et-lange-vers-1602-huile-sur-toile-232-x-183-cm","status":"publish","type":"page","link":"https:\/\/tableauxdisparus.fr\/?page_id=63","title":{"rendered":"Caravage, Michelangelo, dit Le Caravage (1571-1610), Saint Matthieu"},"content":{"rendered":"<h2><em>Saint Matthieu et l&rsquo;ange<\/em>, vers 1602, huile sur toile, 232 x 183 cm<\/h2>\n<p><a href=\"https:\/\/i0.wp.com\/tableauxdisparus.fr\/wp-content\/uploads\/2016\/12\/P1050724.jpg?ssl=1\"><img data-recalc-dims=\"1\" loading=\"lazy\" decoding=\"async\" class=\"alignnone  wp-image-1526\" src=\"https:\/\/i0.wp.com\/tableauxdisparus.fr\/wp-content\/uploads\/2016\/12\/P1050724.jpg?resize=408%2C499&#038;ssl=1\" alt=\"\" width=\"408\" height=\"499\" srcset=\"https:\/\/i0.wp.com\/tableauxdisparus.fr\/wp-content\/uploads\/2016\/12\/P1050724.jpg?resize=245%2C300&amp;ssl=1 245w, https:\/\/i0.wp.com\/tableauxdisparus.fr\/wp-content\/uploads\/2016\/12\/P1050724.jpg?w=261&amp;ssl=1 261w\" sizes=\"auto, (max-width: 408px) 100vw, 408px\" \/><\/a><\/p>\n<p style=\"text-align: justify;\">Le clerg\u00e9 de Saint-Louis des Fran\u00e7ais \u00e0 Rome avait command\u00e9 ce tableau au Caravage. Le tableau est refus\u00e9 en raison de la vulgarit\u00e9 du personnage jug\u00e9 comme \u00e9tant un rustre aux pieds sales. Une seconde version sera accept\u00e9e. Cette premi\u00e8re version de saint Matthieu avec l&rsquo;Ange a \u00e9t\u00e9 achet\u00e9e par le Marquis Vincenzo Giustiniani. Le tableau a ensuite \u00e9t\u00e9 emport\u00e9 \u00e0 Berlin, o\u00f9 il a \u00e9t\u00e9 vendu en 1815 au Friedrich Museum.<\/p>\n<p style=\"text-align: justify;\">En 1941, les nazis construisent cinq tours dans Berlin pour prot\u00e9ger la ville contre d\u2019\u00e9ventuels raids a\u00e9riens. Sous l\u2019une d\u2019elles, ont \u00e9t\u00e9 enferm\u00e9es pour raison de s\u00e9curit\u00e9 des \u0153uvres du mus\u00e9e de Berlin, dont le fameux <em>Saint Matthieu<\/em> du Caravage. En mai 1945, les Russes ont pilonn\u00e9 ce bunker, mais les Allemands l\u2019ont incendi\u00e9 et l\u2019ont fait exploser. En fin de compte les Russes, ne pouvant rien r\u00e9cup\u00e9rer des \u0153uvres ensevelies l\u00e0, ont recouvert l\u2019ensemble de gravats. Ce qui en fait une colline de 45 m\u00e8tres aujourd\u2019hui bois\u00e9 qui se nomme le parc Friedrichshain.<\/p>\n<p style=\"text-align: justify;\">Aucune reproduction color\u00e9e n&rsquo;existe de ce tableau disparu.<\/p>\n<p style=\"text-align: justify;\">Le Caravage utilise une harmonie color\u00e9e bien sp\u00e9cifique fond\u00e9e sur un bleu vert et un rouge. Pas de d\u00e9cor. La lumi\u00e8re hi\u00e9rarchise les \u00e9l\u00e9ments d\u00e9terminants du sujet. Il semble \u00e9vident que l\u2019artiste a utilis\u00e9 une chambre noire pour la mise en place de sa composition. Les figures fortement \u00e9clair\u00e9es posaient devant l\u2019objectif de l\u2019appareil, ce qui permettait de tracer les contours avec assez de pr\u00e9cision pour cr\u00e9er cet effet puissant de pr\u00e9sence des personnages. Nous avons appr\u00e9ci\u00e9 de traduire l\u2019opposition entre l\u2019attitude gracieuse de l\u2019Ange, comme en sustentation au-dessus du sol et la gaucherie de l\u2019\u00e9vang\u00e9liste, bien attach\u00e9 \u00e0 la mat\u00e9rialit\u00e9, appliqu\u00e9 \u00e0 transcrire ce que l\u2019Ange lui dicte. Pour impressionner le spectateur, il a paru n\u00e9cessaire de travailler la restitution dans des dimensions voisines de celles du tableau original.<\/p>\n<figure id=\"attachment_249\" aria-describedby=\"caption-attachment-249\" style=\"width: 300px\" class=\"wp-caption alignnone\"><a href=\"https:\/\/i0.wp.com\/tableauxdisparus.fr\/wp-content\/uploads\/2015\/07\/P1040681.jpg?ssl=1\"><img data-recalc-dims=\"1\" loading=\"lazy\" decoding=\"async\" class=\"wp-image-249 size-medium\" src=\"https:\/\/i0.wp.com\/tableauxdisparus.fr\/wp-content\/uploads\/2015\/07\/P1040681.jpg?resize=300%2C225&#038;ssl=1\" alt=\"P1040681\" width=\"300\" height=\"225\" srcset=\"https:\/\/i0.wp.com\/tableauxdisparus.fr\/wp-content\/uploads\/2015\/07\/P1040681.jpg?resize=300%2C225&amp;ssl=1 300w, https:\/\/i0.wp.com\/tableauxdisparus.fr\/wp-content\/uploads\/2015\/07\/P1040681.jpg?w=320&amp;ssl=1 320w\" sizes=\"auto, (max-width: 300px) 100vw, 300px\" \/><\/a><figcaption id=\"caption-attachment-249\" class=\"wp-caption-text\">Etat du bunker o\u00f9 se trouvait le tableau en 1945.<\/figcaption><\/figure>\n<p>&nbsp;<\/p>\n<p>&nbsp;<\/p>\n<p style=\"text-align: right;\">\u00a0(c) Daniel Lagoutte<\/p>\n","protected":false},"excerpt":{"rendered":"<p>Saint Matthieu et l&rsquo;ange, vers 1602, huile sur toile, 232 x 183 cm Le clerg\u00e9 de Saint-Louis des Fran\u00e7ais \u00e0 Rome avait command\u00e9 ce tableau au Caravage. Le tableau est refus\u00e9 en raison de la vulgarit\u00e9 du personnage jug\u00e9 comme \u00e9tant un rustre aux pieds sales. Une seconde version sera accept\u00e9e. Cette premi\u00e8re version de &hellip; <a href=\"https:\/\/tableauxdisparus.fr\/?page_id=63\" class=\"more-link\">Continuer la lecture de <span class=\"screen-reader-text\">Caravage, Michelangelo, dit Le Caravage (1571-1610), Saint Matthieu<\/span><\/a><\/p>\n","protected":false},"author":1,"featured_media":0,"parent":0,"menu_order":0,"comment_status":"closed","ping_status":"closed","template":"","meta":{"footnotes":""},"class_list":["post-63","page","type-page","status-publish","hentry"],"jetpack_sharing_enabled":true,"_links":{"self":[{"href":"https:\/\/tableauxdisparus.fr\/index.php?rest_route=\/wp\/v2\/pages\/63","targetHints":{"allow":["GET"]}}],"collection":[{"href":"https:\/\/tableauxdisparus.fr\/index.php?rest_route=\/wp\/v2\/pages"}],"about":[{"href":"https:\/\/tableauxdisparus.fr\/index.php?rest_route=\/wp\/v2\/types\/page"}],"author":[{"embeddable":true,"href":"https:\/\/tableauxdisparus.fr\/index.php?rest_route=\/wp\/v2\/users\/1"}],"replies":[{"embeddable":true,"href":"https:\/\/tableauxdisparus.fr\/index.php?rest_route=%2Fwp%2Fv2%2Fcomments&post=63"}],"version-history":[{"count":18,"href":"https:\/\/tableauxdisparus.fr\/index.php?rest_route=\/wp\/v2\/pages\/63\/revisions"}],"predecessor-version":[{"id":1929,"href":"https:\/\/tableauxdisparus.fr\/index.php?rest_route=\/wp\/v2\/pages\/63\/revisions\/1929"}],"wp:attachment":[{"href":"https:\/\/tableauxdisparus.fr\/index.php?rest_route=%2Fwp%2Fv2%2Fmedia&parent=63"}],"curies":[{"name":"wp","href":"https:\/\/api.w.org\/{rel}","templated":true}]}}