{"id":645,"date":"2015-09-03T08:20:35","date_gmt":"2015-09-03T07:20:35","guid":{"rendered":"http:\/\/tableauxdisparus.fr\/?page_id=645"},"modified":"2016-02-13T17:20:08","modified_gmt":"2016-02-13T16:20:08","slug":"le-peintre-bis","status":"publish","type":"page","link":"https:\/\/tableauxdisparus.fr\/","title":{"rendered":"RESTITUER DES OEUVRES D\u00c9TRUITES"},"content":{"rendered":"<p style=\"text-align: justify;\">Devant le mus\u00e9e du Louvre, sous la pluie, une foule attend patiemment d\u2019entrer. Nous sommes le mercredi 23 ao\u00fbt 1911. Deux jours plus t\u00f4t, les salles du mus\u00e9e \u00e9taient d\u00e9sertes. Que s\u2019\u00e9tait-il donc pass\u00e9\u00a0entre ces deux moments ? On avait vol\u00e9 <em>La Joconde<\/em> le lundi 21. Sa disparition est signal\u00e9e le lendemain. Ameut\u00e9 par les journaux, le public se presse d\u00e8s l\u2019ouverture, pour contempler\u2026 un emplacement vide, l\u00e0 o\u00f9 \u00e9tait auparavant accroch\u00e9 le tableau. Les visiteurs se pr\u00e9cipitent vers le stand de vente de cartes postales reproduisant le tableau dont le stock est vite \u00e9puis\u00e9\u00a0! La l\u00e9gende de <em>La Joconde,<\/em> comme tableau le plus admir\u00e9 au monde, \u00e9tait n\u00e9e.<\/p>\n<p style=\"text-align: justify;\">Serait-ce quelque chose de l\u2019ordre de l\u2019absence qui motiverait notre passion de l\u2019art\u00a0?<\/p>\n<p style=\"text-align: justify;\">Dans le pass\u00e9, de nombreuses \u0153uvres ont disparu, mais d\u00e9finitivement celles-ci. Confront\u00e9s \u00e0 ce vide, nous les imaginons, les magnifions. Elles y gagnent ainsi en notori\u00e9t\u00e9. Ce qui nous attire en elles se r\u00e9sume \u00e0 un jeu subtil entre l\u2019absence et de la pr\u00e9sence. Et puis, ce qu\u2019a dit l\u2019artiste en son temps nous manque cruellement, la nostalgie se m\u00eale au regret de ne pas avoir retenu l\u2019objet aim\u00e9. D\u00e8s lors, comment r\u00e9sister au d\u00e9sir de rem\u00e9dier \u00e0 cette privation, de redonner vie \u00e0 ce que nous ne pouvons plus voir\u00a0? Il suffit de refaire le tableau. Au Louvre, imm\u00e9diatement apr\u00e8s le constat du vol, on pensa exposer \u00e0 la place une copie de <em>La Joconde<\/em> qui se trouve au mus\u00e9e de Quimper.<\/p>\n<p style=\"text-align: justify;\">Pour op\u00e9rer une telle r\u00e9surrection, il faut travailler en artiste, mais aussi en historien. A partir d\u2019une patiente recherche documentaire, il s\u2019agit de recr\u00e9er, de recomposer, de reconstituer, de restituer en l\u2019\u00e9tat des tableaux de tout temps en leur redonnant une v\u00e9ritable pr\u00e9sence mat\u00e9rielle. Cette pratique ne fait pas seulement appel \u00e0 la ma\u00eetrise manuelle et technique. On devra acqu\u00e9rir l\u2019\u00e9criture de l\u2019artiste, travailler comme lui, conna\u00eetre ses motivations les plus intimes.<\/p>\n<p style=\"text-align: justify;\">Car ce qui se passe l\u00e0, dans l\u2019\u0153uvre, c\u2019est ce qui fait son \u00e2me. Nous devons donc nous identifier \u00e0 l\u2019artiste lui-m\u00eame, c\u2019est-\u00e0-dire \u00e0 l\u2019homme et \u00e0 son milieu. D\u2019une \u00e9poque \u00e0 l\u2019autre, la notion de temps est radicalement diff\u00e9rente, les bruits, les odeurs, les contraintes sociales marquent profond\u00e9ment l\u2019humeur de l\u2019homme.<\/p>\n<p style=\"text-align: justify;\"><strong>\u00a0<\/strong>Alors, on peut avancer que toute peinture est un \u00ab\u00a0dit\u00a0\u00bb de l\u2019artiste, un instant de sa vie dans l\u2019\u00e9ternit\u00e9 du temps qui s\u2019\u00e9coule. Ce qu\u2019il nous faut traduire c\u2019est cette puissance en suspens \u00e0 r\u00e9actualiser, un dit \u00e0 r\u00e9activer. Notre objectif est donc ici de redonner vie aux \u0153uvres que nous admirons parce qu\u2019elles ont particip\u00e9 \u00e0 mettre les hommes sur la voie de la spiritualit\u00e9.<\/p>\n<figure id=\"attachment_724\" aria-describedby=\"caption-attachment-724\" style=\"width: 204px\" class=\"wp-caption alignleft\"><a href=\"https:\/\/i0.wp.com\/tableauxdisparus.fr\/wp-content\/uploads\/2015\/09\/DSC02111.jpg?ssl=1\"><img data-recalc-dims=\"1\" loading=\"lazy\" decoding=\"async\" class=\"wp-image-724\" src=\"https:\/\/i0.wp.com\/tableauxdisparus.fr\/wp-content\/uploads\/2015\/09\/DSC02111.jpg?resize=204%2C230&#038;ssl=1\" alt=\"DSC02111\" width=\"204\" height=\"230\" srcset=\"https:\/\/i0.wp.com\/tableauxdisparus.fr\/wp-content\/uploads\/2015\/09\/DSC02111.jpg?resize=266%2C300&amp;ssl=1 266w, https:\/\/i0.wp.com\/tableauxdisparus.fr\/wp-content\/uploads\/2015\/09\/DSC02111.jpg?w=284&amp;ssl=1 284w\" sizes=\"auto, (max-width: 204px) 100vw, 204px\" \/><\/a><figcaption id=\"caption-attachment-724\" class=\"wp-caption-text\">Rapha\u00ebl, <em>Portrait d&rsquo;un jeune homme<\/em>, tableau restitu\u00e9 par nos soins.<\/figcaption><\/figure>\n<p>&nbsp;<\/p>\n<figure id=\"attachment_10\" aria-describedby=\"caption-attachment-10\" style=\"width: 214px\" class=\"wp-caption alignright\"><a href=\"https:\/\/i0.wp.com\/tableauxdisparus.fr\/wp-content\/uploads\/2015\/06\/image06.jpg?ssl=1\"><img data-recalc-dims=\"1\" loading=\"lazy\" decoding=\"async\" class=\"wp-image-10\" src=\"https:\/\/i0.wp.com\/tableauxdisparus.fr\/wp-content\/uploads\/2015\/06\/image06.jpg?resize=214%2C113&#038;ssl=1\" alt=\"Le tableau en train de br\u00fbler au lance-flammes\" width=\"214\" height=\"113\" srcset=\"https:\/\/i0.wp.com\/tableauxdisparus.fr\/wp-content\/uploads\/2015\/06\/image06.jpg?resize=300%2C158&amp;ssl=1 300w, https:\/\/i0.wp.com\/tableauxdisparus.fr\/wp-content\/uploads\/2015\/06\/image06.jpg?w=813&amp;ssl=1 813w\" sizes=\"auto, (max-width: 214px) 100vw, 214px\" \/><\/a><figcaption id=\"caption-attachment-10\" class=\"wp-caption-text\">La destruction d\u00e9finitive : le tableau en train de br\u00fbler en 1945.<\/figcaption><\/figure>\n<p style=\"text-align: left;\">Pour justifier notre travail, la destruction doit \u00eatre effective, connue ou reconnue par les historiens d\u2019art. C\u2019est l\u2019occasion d\u2019\u00e9voquer plusieurs raisons qui ont entra\u00een\u00e9 les disparitions\u00a0:<\/p>\n<p style=\"text-align: justify;\"><strong>Des tableaux disparus victimes du bien-pensant<\/strong><\/p>\n<p style=\"text-align: justify;\"><strong>\u00a0<\/strong>Des \u0153uvres ont \u00e9t\u00e9 d\u00e9truites pour des raisons politiques\u00a0: Ainsi, le <em>Portrait de Lepeletier de Saint Fargeau<\/em> peint par David, un magnifique pendant au <em>Marat<\/em> du mus\u00e9e de Bruxelles, a \u00e9t\u00e9 achet\u00e9 par sa famille et br\u00fbl\u00e9 en cachette pour supprimer d\u00e9finitivement ce qui rappelait celui que ses descendants consid\u00e9raient comme \u00e9tant un indigne r\u00e9gicide.<\/p>\n<p style=\"text-align: justify;\">D\u2019autres disparurent parce qu\u2019elles choquaient les bonnes m\u0153urs\u00a0: C\u2019est le cas du<em> Retour de la conf\u00e9rence<\/em> par Courbet qui a \u00e9t\u00e9 aussi achet\u00e9 pour \u00eatre officiellement d\u00e9truit, la grande toile \u00e9tant jug\u00e9e trop blasph\u00e9matoire par de fervents catholiques qui s\u2019acharn\u00e8rent contre elle.<\/p>\n<p style=\"text-align: justify;\"><strong>Des tableaux disparus victimes des guerres<\/strong><\/p>\n<p style=\"text-align: justify;\"><strong>\u00a0<\/strong>Des tableaux d\u00e9finitivement perdus\u00a0dans des r\u00e9voltes, \u00e9meutes, r\u00e9volutions : Le <em>Portrait d\u2019Isabelle du Portugal<\/em> par Jan Van Eyck ne repr\u00e9sentait personne d\u2019int\u00e9ressant pour les hordes de pillards qui saccag\u00e8rent en 1798 le palais flamand o\u00f9 il \u00e9tait conserv\u00e9. Il fut r\u00e9duit \u00e0 quelques fragments de bois n\u00e9gligemment pi\u00e9tin\u00e9s et balay\u00e9s sans scrupules.<\/p>\n<p style=\"text-align: justify;\">De nombreux chefs-d\u2019\u0153uvre ont \u00e9t\u00e9 d\u00e9truits lors de la Seconde Guerre mondiale, par diff\u00e9rents raids a\u00e9riens aux bombes incendiaires sur l\u2019Angleterre et le Japon, et surtout en Allemagne en 1945 lors du si\u00e8ge de Berlin, ou dans les mines de sel, dans les ch\u00e2teaux et demeures dynamit\u00e9s par les nazis \u00e0 l\u2019approche des troupes alli\u00e9es. Le <em>Saint Matthieu et l\u2019Ange<\/em> du Caravage repose \u00e9cras\u00e9 dans le bunker que les nazis ont fait exploser, et aujourd\u2019hui sous une colline du parc Friedrichshain, \u00e0 Berlin.<\/p>\n<p style=\"text-align: justify;\"><strong>Des tableaux disparus victimes du temps (pertes, oublis, d\u00e9gradations) <\/strong><\/p>\n<p style=\"text-align: justify;\"><strong>\u00a0<\/strong>\u00a0Il subsiste des cartons de tableaux qui ont manifestement exist\u00e9 puisqu\u2019il reste sur ces cartons les traces de la premi\u00e8re phase de travail de report sur toile\u00a0: On conserve un dessin de la <em>Joconde nue<\/em>, mais le tableau a disparu. Opposer une <em>Joconde nue<\/em> \u00e0 la \u00ab\u00a0vraie\u00a0\u00bb Joconde, n\u2019est-ce pas fascinant\u00a0?<\/p>\n<p style=\"text-align: justify;\">Parfois la couleur s\u2019est lentement d\u00e9grad\u00e9e au fil du temps\u00a0: La laque g\u00e9ranium abondamment utilis\u00e9e par Van Gogh a vir\u00e9 au blanc, ce qui a rendu certaines \u0153uvres bien diff\u00e9rentes de ce qu\u2019avait voulu leur auteur. L\u2019harmonie d\u2019origine \u00e9tant perdue, il s\u2019agit de la retrouver, de redonner \u00e0 voir un Van Gogh.<\/p>\n<p style=\"text-align: justify;\"><strong>Des tableaux disparus victimes mort-n\u00e9es<\/strong><\/p>\n<p style=\"text-align: justify;\"><strong>\u00a0<\/strong>Des peintures sont disparues avant m\u00eame d\u2019avoir exist\u00e9\u00a0: Dans les tranch\u00e9es de 14-18, Franz Marc dessine des projets de tableaux, se promettant de les r\u00e9aliser avant d\u2019\u00eatre fauch\u00e9 par un obus. Le tableau mort-n\u00e9, est une image en puissance que nous continuons \u00e0 regretter d\u2019un artiste aux sources de l\u2019Abstraction.<\/p>\n<p style=\"text-align: justify;\">Les \u00e9tats transitoires d\u2019une peinture peuvent \u00eatre d\u00e9lib\u00e9r\u00e9ment d\u00e9truits par l\u2019artiste lui-m\u00eame pour r\u00e9aliser \u00e0 partir d\u2019eux une nouvelle peinture\u00a0: Picasso d\u00e9truit pour cr\u00e9er une \u0153uvre devant la cam\u00e9ra du documentaire intitul\u00e9 <em>Le Myst\u00e8re Picasso<\/em>. Il faut accepter ici de mourir pour devenir.<\/p>\n<p style=\"text-align: justify;\"><strong>Des tableaux disparus victimes d\u2019accidents et d\u00e9lits <\/strong><\/p>\n<p style=\"text-align: justify;\"><strong>\u00a0<\/strong>Aucun tableau n\u2019est \u00e0 l\u2019abri d\u2019accident, incendie ou inondation\u00a0: des petits tableaux de Chardin ont disparus \u00e0 Batz dans l\u2019inondation provoqu\u00e9e par des conduites d\u2019eau crev\u00e9es lors d\u2019un bombardement. Plusieurs peintures disparaissent dans des crashs d\u2019avions. Lors du 11 septembre 2001, des \u0153uvres sont \u00e9cras\u00e9es sous les gravats. Cette fois-ci, c\u2019est l\u2019histoire, qui, par ce qu\u2019elle \u00e9voque de dramatique, impose sa marque \u00e0 l\u2019\u0153uvre per\u00e7ue comme t\u00e9moin d\u2019un \u00e9v\u00e9nement.<\/p>\n<p style=\"text-align: justify;\">Bien des \u0153uvres ont \u00e9t\u00e9 vol\u00e9es puis d\u00e9truites pour faire dispara\u00eetre la preuve du d\u00e9lit au moment o\u00f9 la police intervenait. C\u2019est le cas d\u2019un tableau de Boucher, <em>Le Berger endormi<\/em> du mus\u00e9e de Chartres que les gendarmes n\u2019ont jamais retrouv\u00e9 dans le canal consciencieusement sond\u00e9.<\/p>\n<p><strong>Des tableaux disparus victimes de soucis \u00e9conomiques ou de changement d&rsquo;orientation dans le travail du peintre<br \/>\n<\/strong><\/p>\n<p style=\"text-align: justify;\">Dans sa h\u00e2te de r\u00e9aliser une nouvelle \u0153uvre, mais ne disposant pas d\u2019une toile disponible, un artiste est amen\u00e9 \u00e0 utiliser un ancien tableau dont il devra faire dispara\u00eetre toute trace en le recouvrant de couches de couleurs opacifiantes pour repr\u00e9senter une autre sc\u00e8ne. C\u2019est le cas, entre autres, de Rembrandt. Cette mani\u00e8re de faire peut s\u2019expliquer par souci d&rsquo;\u00e9conomie. Parfois aussi, l&rsquo;artiste prend la d\u00e9cision de modifier ses intentions d&rsquo;origine.\u00a0 L\u2019ancien tableau redevient visible gr\u00e2ce \u00e0 la radiographie. En restituer l\u2019image apparente cette action \u00e0 celle d\u2019une d\u00e9couverte arch\u00e9ologique.<\/p>\n<p style=\"text-align: justify;\"><strong>Des tableaux disparus victimes de ruptures amoureuses<\/strong><\/p>\n<p style=\"text-align: justify;\">Il est urgent pour le peintre amoureux \u00e9conduit d\u2019\u00e9liminer tout ce qui lui rappelle la femme qui l\u2019a fait souffrir par son infid\u00e9lit\u00e9 ou par son d\u00e9part inopin\u00e9. C\u2019est alors de mani\u00e8re rageuse qu\u2019il efface l\u2019image de cette femme, en maquillant son portrait (cas probable de G\u00e9ricault), ou bien en modifiant le tableau (cas de Courbet). On se sent alors un peu coupable d\u2019indiscr\u00e9tion en montrant ce que l\u2019artiste a d\u00e9lib\u00e9r\u00e9ment voulu faire dispara\u00eetre. Au lieu de d\u00e9truire un tableau, il arrive aussi qu\u2019un commanditaire demande \u00e0 un artiste\u00a0de faire oublier sous une autre peinture l\u2019image de la femme r\u00e9pudi\u00e9e.<\/p>\n<p style=\"text-align: justify;\"><strong>Des tableaux disparus victimes d\u2019une restauration rat\u00e9e<\/strong><\/p>\n<p style=\"text-align: justify;\">La question se pose lors de chaque restauration de peinture : jusqu\u2019o\u00f9 doit-on se permettre la suppression des repeints, le nettoyage des vernis ? Non-interventionniste et partisans d\u2019une restauration s\u2019affrontent. En 1994, de nombreuses critiques ont \u00e9t\u00e9 \u00e9mises \u00e0 propos de la restauration du plafond de la Chapelle Sixtine. La restauration de la <em>Sainte Anne<\/em> de L\u00e9onard de Vinci a suscit\u00e9 la m\u00eame controverse, Certains critiques reprochant d\u2019avoir produit une duret\u00e9 non voulue par l\u2019artiste dans le model\u00e9 du visage de la sainte. En 2012, une octog\u00e9naire entreprenait de repeindre maladroitement sur l\u2019image d\u00e9labr\u00e9e d\u2019un Christ du XIXe si\u00e8cle de son \u00e9glise de Borja en Espagne, provoquant ainsi la destruction de l\u2019original.<\/p>\n<p style=\"text-align: justify;\"><strong>Des tableaux disparus victimes de leurs auteurs<\/strong><\/p>\n<p style=\"text-align: justify;\">En 1948, Georges Rouault br\u00fble 315 tableaux en pr\u00e9sence d\u2019un huissier. Apr\u00e8s sa d\u00e9couverte de la calligraphie et de l\u2019\u00e9criture automatique, Jean Degottex fait de m\u00eame en 1955. De son c\u00f4t\u00e9, G\u00e9rard Richter br\u00fble ses \u0153uvres en 1962 avant de donner une nouvelle orientation \u00e0 son travail. Francis Bacon avoue ne pas avoir assez d\u00e9truit. Renoir d\u00e9truit son <em>Esm\u00e9ralda dansant avec sa ch\u00e8vre<\/em> au lendemain de son exposition en 1864, alors qu\u2019elle avait connu un certain succ\u00e8s.<br \/>\nAutre type de destruction par l\u2019auteur : quand l\u2019artiste renonce \u00e0 conserver une peinture qu\u2019il juge insatisfaisante. C\u2019est le cas, par exemple de Victor Brauner qui en 1941 \u00e9labore longuement <em>La rage des Conglomers<\/em> avant de recouvrir en 1943 la toile par <em>La Palladiste<\/em>.<\/p>\n<p style=\"text-align: justify;\">Pour chaque cas, l\u2019\u0153uvre doit \u00eatre int\u00e9gralement reconstitu\u00e9e. Par exemple, on ne pouvait jusqu\u2019ici prendre connaissance du tableau mythique <em>La Tour des chevaux<\/em> <em>bleus<\/em> de Franz Marc, qui faisait 2 m\u00e8tres de haut, que par des images aux modestes dimensions de cartes postales. Or, \u00e0 l\u2019\u00e9poque, le public s\u2019\u00e9tait d\u00e9clar\u00e9 fortement impressionn\u00e9 par la taille des chevaux semblant surgir de la toile. Certains tableaux d\u00e9truits ne sont connus que par des photographies ou d\u2019anciennes gravures\u00a0; les restituer en leur \u00e9tat, dimensions et mat\u00e9riaux d\u2019origine, a constitu\u00e9 une v\u00e9ritable r\u00e9surrection.<\/p>\n<p style=\"text-align: justify;\"><a href=\"https:\/\/www.youtube.com\/watch?v=tIxSUZ7MzJw\">Vid\u00e9o sur Youtube de pr\u00e9sentation du projet<\/a><\/p>\n<p style=\"text-align: right;\">(c) Daniel Lagoutte<\/p>\n","protected":false},"excerpt":{"rendered":"<p>Devant le mus\u00e9e du Louvre, sous la pluie, une foule attend patiemment d\u2019entrer. Nous sommes le mercredi 23 ao\u00fbt 1911. Deux jours plus t\u00f4t, les salles du mus\u00e9e \u00e9taient d\u00e9sertes. Que s\u2019\u00e9tait-il donc pass\u00e9\u00a0entre ces deux moments ? On avait vol\u00e9 La Joconde le lundi 21. Sa disparition est signal\u00e9e le lendemain. Ameut\u00e9 par les &hellip; <a href=\"https:\/\/tableauxdisparus.fr\/\" class=\"more-link\">Continuer la lecture de <span class=\"screen-reader-text\">RESTITUER DES OEUVRES D\u00c9TRUITES<\/span><\/a><\/p>\n","protected":false},"author":2,"featured_media":0,"parent":0,"menu_order":0,"comment_status":"closed","ping_status":"closed","template":"","meta":{"footnotes":""},"class_list":["post-645","page","type-page","status-publish","hentry"],"jetpack_sharing_enabled":true,"_links":{"self":[{"href":"https:\/\/tableauxdisparus.fr\/index.php?rest_route=\/wp\/v2\/pages\/645","targetHints":{"allow":["GET"]}}],"collection":[{"href":"https:\/\/tableauxdisparus.fr\/index.php?rest_route=\/wp\/v2\/pages"}],"about":[{"href":"https:\/\/tableauxdisparus.fr\/index.php?rest_route=\/wp\/v2\/types\/page"}],"author":[{"embeddable":true,"href":"https:\/\/tableauxdisparus.fr\/index.php?rest_route=\/wp\/v2\/users\/2"}],"replies":[{"embeddable":true,"href":"https:\/\/tableauxdisparus.fr\/index.php?rest_route=%2Fwp%2Fv2%2Fcomments&post=645"}],"version-history":[{"count":30,"href":"https:\/\/tableauxdisparus.fr\/index.php?rest_route=\/wp\/v2\/pages\/645\/revisions"}],"predecessor-version":[{"id":1172,"href":"https:\/\/tableauxdisparus.fr\/index.php?rest_route=\/wp\/v2\/pages\/645\/revisions\/1172"}],"wp:attachment":[{"href":"https:\/\/tableauxdisparus.fr\/index.php?rest_route=%2Fwp%2Fv2%2Fmedia&parent=645"}],"curies":[{"name":"wp","href":"https:\/\/api.w.org\/{rel}","templated":true}]}}