{"id":70,"date":"2015-06-26T11:29:39","date_gmt":"2015-06-26T10:29:39","guid":{"rendered":"http:\/\/td.kanoe.fr\/?page_id=70"},"modified":"2016-12-12T14:05:32","modified_gmt":"2016-12-12T13:05:32","slug":"la-petite-fille-aux-cerises-vers-173637-huile-sur-bois-18-x-18-cm-le-jeune-soldat-vers-173637-huile-sur-bois-20-x-18-cm","status":"publish","type":"page","link":"https:\/\/tableauxdisparus.fr\/?page_id=70","title":{"rendered":"Chardin, Jean Sim\u00e9on (1699-1779)"},"content":{"rendered":"<h2><em>La Petite Fille aux cerises<\/em>, vers 1736\/37, huile sur bois, 18 x 18 cm;<\/h2>\n<h2><a href=\"https:\/\/i0.wp.com\/tableauxdisparus.fr\/wp-content\/uploads\/2015\/09\/DSC02097.jpg?ssl=1\"><img data-recalc-dims=\"1\" loading=\"lazy\" decoding=\"async\" class=\"alignnone size-medium wp-image-713\" src=\"https:\/\/i0.wp.com\/tableauxdisparus.fr\/wp-content\/uploads\/2015\/09\/DSC02097.jpg?resize=300%2C200&#038;ssl=1\" alt=\"DSC02097\" width=\"300\" height=\"200\" srcset=\"https:\/\/i0.wp.com\/tableauxdisparus.fr\/wp-content\/uploads\/2015\/09\/DSC02097.jpg?resize=300%2C200&amp;ssl=1 300w, https:\/\/i0.wp.com\/tableauxdisparus.fr\/wp-content\/uploads\/2015\/09\/DSC02097.jpg?w=320&amp;ssl=1 320w\" sizes=\"auto, (max-width: 300px) 100vw, 300px\" \/><\/a><\/h2>\n<p>&nbsp;<\/p>\n<h2><strong>Le Jeune Soldat, vers 1736\/37, huile sur bois, 20 x 18 cm<\/strong><\/h2>\n<p><a href=\"https:\/\/i0.wp.com\/tableauxdisparus.fr\/wp-content\/uploads\/2015\/09\/DSC02100.jpg?ssl=1\"><img data-recalc-dims=\"1\" loading=\"lazy\" decoding=\"async\" class=\"alignnone size-medium wp-image-715\" src=\"https:\/\/i0.wp.com\/tableauxdisparus.fr\/wp-content\/uploads\/2015\/09\/DSC02100.jpg?resize=300%2C200&#038;ssl=1\" alt=\"DSC02100\" width=\"300\" height=\"200\" srcset=\"https:\/\/i0.wp.com\/tableauxdisparus.fr\/wp-content\/uploads\/2015\/09\/DSC02100.jpg?resize=300%2C200&amp;ssl=1 300w, https:\/\/i0.wp.com\/tableauxdisparus.fr\/wp-content\/uploads\/2015\/09\/DSC02100.jpg?w=320&amp;ssl=1 320w\" sizes=\"auto, (max-width: 300px) 100vw, 300px\" \/><\/a><\/p>\n<p>&nbsp;<\/p>\n<figure id=\"attachment_207\" aria-describedby=\"caption-attachment-207\" style=\"width: 300px\" class=\"wp-caption alignnone\"><a href=\"https:\/\/i0.wp.com\/tableauxdisparus.fr\/wp-content\/uploads\/2015\/07\/P1040667.jpg?ssl=1\"><img data-recalc-dims=\"1\" loading=\"lazy\" decoding=\"async\" class=\"wp-image-207 size-medium\" src=\"https:\/\/i0.wp.com\/tableauxdisparus.fr\/wp-content\/uploads\/2015\/07\/P1040667.jpg?resize=300%2C225&#038;ssl=1\" alt=\"P1040667\" width=\"300\" height=\"225\" srcset=\"https:\/\/i0.wp.com\/tableauxdisparus.fr\/wp-content\/uploads\/2015\/07\/P1040667.jpg?resize=300%2C225&amp;ssl=1 300w, https:\/\/i0.wp.com\/tableauxdisparus.fr\/wp-content\/uploads\/2015\/07\/P1040667.jpg?w=320&amp;ssl=1 320w\" sizes=\"auto, (max-width: 300px) 100vw, 300px\" \/><\/a><figcaption id=\"caption-attachment-207\" class=\"wp-caption-text\"><a href=\"https:\/\/i0.wp.com\/tableauxdisparus.fr\/wp-content\/uploads\/2015\/07\/P1040668.jpg?ssl=1\"><img data-recalc-dims=\"1\" loading=\"lazy\" decoding=\"async\" class=\"alignnone wp-image-208\" src=\"https:\/\/i0.wp.com\/tableauxdisparus.fr\/wp-content\/uploads\/2015\/07\/P1040668.jpg?resize=225%2C300&#038;ssl=1\" alt=\"P1040668\" width=\"225\" height=\"300\" srcset=\"https:\/\/i0.wp.com\/tableauxdisparus.fr\/wp-content\/uploads\/2015\/07\/P1040668.jpg?resize=225%2C300&amp;ssl=1 225w, https:\/\/i0.wp.com\/tableauxdisparus.fr\/wp-content\/uploads\/2015\/07\/P1040668.jpg?w=240&amp;ssl=1 240w\" sizes=\"auto, (max-width: 225px) 100vw, 225px\" \/><\/a> Les gravures du XVIIIe si\u00e8cle.<\/figcaption><\/figure>\n<p style=\"text-align: justify;\">\u00a0\u00a0\u00a0\u00a0\u00a0\u00a0 Chardin repr\u00e9sente souvent des enfants. Ici, un gar\u00e7onnet et une fillette sont absorb\u00e9s dans leurs jeux, \u00e0 la fois absents et pr\u00e9sents, plong\u00e9s dans leur monde. Ce sont peut-\u00eatre des portraits, mais c\u2019est l\u2019occasion de livrer un message sur la pr\u00e9carit\u00e9 de la vie humaine. Chaque enfant est arr\u00eat\u00e9 dans sa m\u00e9ditation. Le gar\u00e7onnet vient de jouer, ou bien il va jouer, la fillette est occup\u00e9e \u00e0 observer des cerises, mais un panier \u00e0 ouvrage et un ruban d\u00e9nou\u00e9 \u00e9voquent une occupation de couture d\u00e9laiss\u00e9e ou \u00e0 entreprendre. Durant l\u2019intervalle de temps d\u00e9sign\u00e9 par la toile, qui peut \u00eatre tr\u00e8s court, le personnage se trouve de fait immobile. Ce temps mort donne le sentiment d\u2019une dur\u00e9e ind\u00e9finie, les personnages \u00e9tant \u00e0 la fois engag\u00e9s dans l\u2019action et d\u00e9tach\u00e9s d\u2019elle. C\u2019est le temps de l\u2019enfance, le temps de la peinture.<\/p>\n<p style=\"text-align: justify;\">\u00a0\u00a0\u00a0\u00a0\u00a0\u00a0\u00a0\u00a0\u00a0\u00a0\u00a0 Jusqu\u2019\u00e0 la guerre, la plupart des Chardin de Henri de Rothschild (1872-1947) \u00e9taient dans sa r\u00e9sidence de Paris, dans le ch\u00e2teau de la Muette. Aussit\u00f4t apr\u00e8s le d\u00e9but de la guerre, la plupart de ses Chardin ont \u00e9t\u00e9 envoy\u00e9s en Angleterre pour les sauvegarder. L\u2019actuel Lord Rothschild affirme que les Chardin furent \u00ab\u00a0<em>d\u00e9truits en 1942 par une bombe allemande quand ils \u00e9taient stock\u00e9s \u00e0 Bath durant la guerre<\/em>\u00a0\u00bb. Pierre Rosenberg, sp\u00e9cialiste de Chardin, pr\u00e9cise\u00a0: \u00ab\u00a0<em>Les bombes n\u2019ont pas d\u00e9truit les peintures qui \u00e9taient dans la cave, mais elles furent endommag\u00e9es par les tuyaux d\u2019eau. L\u2019eau s\u2019engouffra dans la cave et d\u00e9truisit les peintures.<\/em> \u00bb<\/p>\n<p style=\"text-align: justify;\">\u00a0\u00a0\u00a0\u00a0\u00a0\u00a0\u00a0\u00a0\u00a0\u00a0\u00a0 Expos\u00e9es au Salon de 1737, ces deux peintures sont connues par des gravures. Il suffit de retourner l\u2019image et de retrouver la qualit\u00e9 optique et tactile de la mati\u00e8re color\u00e9e. Un long travail de maturation permet par couches successives transparentes de retrouver les bruns chauds sur lesquels se d\u00e9tachent les \u00e9l\u00e9ments. Ce sont des fonds unis, abstraits. La touche est rugueuse\u00a0: \u00ab\u00a0<em>Il repeignait ses tableaux jusqu\u2019\u00e0 ce qu\u2019il fut parvenu \u00e0 cette rupture de tons que produit l\u2019\u00e9loignement de l\u2019objet et les renvois de tous ceux qui l\u2019environnent et qu\u2019enfin il e\u00fbt obtenu cet accord magique qui l\u2019a si sup\u00e9rieurement distingu\u00e9\u2026<\/em>\u00a0\u00bb \u00ab\u00a0<em>Il avait pour principe que les ombres \u00e9taient une et qu\u2019en quelque mani\u00e8re le m\u00eame ton devait servir \u00e0 les rompre toutes\u00a0\u00bb. Dans ces deux tableaux disparus, il nous fallait restituer ce qu\u2019admirait tant Diderot\u00a0: \u00ab\u00a0On n\u2019entend rien \u00e0 cette magie\u2026 C\u2019est une vapeur qu\u2019on a souffl\u00e9e sur la toile\u2026 Approchez-vous, tout se brouille, s\u2019aplatit et dispara\u00eet ; \u00e9loignez-vous, tout se cr\u00e9e et se reproduit.<\/em>\u00a0\u00bb<\/p>\n<figure id=\"attachment_247\" aria-describedby=\"caption-attachment-247\" style=\"width: 300px\" class=\"wp-caption alignnone\"><a href=\"https:\/\/i0.wp.com\/tableauxdisparus.fr\/wp-content\/uploads\/2015\/07\/P1040666.jpg?ssl=1\"><img data-recalc-dims=\"1\" loading=\"lazy\" decoding=\"async\" class=\"wp-image-247 size-medium\" src=\"https:\/\/i0.wp.com\/tableauxdisparus.fr\/wp-content\/uploads\/2015\/07\/P1040666.jpg?resize=300%2C225&#038;ssl=1\" alt=\"P1040666\" width=\"300\" height=\"225\" srcset=\"https:\/\/i0.wp.com\/tableauxdisparus.fr\/wp-content\/uploads\/2015\/07\/P1040666.jpg?resize=300%2C225&amp;ssl=1 300w, https:\/\/i0.wp.com\/tableauxdisparus.fr\/wp-content\/uploads\/2015\/07\/P1040666.jpg?w=320&amp;ssl=1 320w\" sizes=\"auto, (max-width: 300px) 100vw, 300px\" \/><\/a><figcaption id=\"caption-attachment-247\" class=\"wp-caption-text\">L&rsquo;incendie de Bath lors du raid a\u00e9rien dans la nuit du 28\/29 mars 1942.<\/figcaption><\/figure>\n<p style=\"text-align: right;\">\u00a0(c) Daniel Lagoutte<\/p>\n","protected":false},"excerpt":{"rendered":"<p>La Petite Fille aux cerises, vers 1736\/37, huile sur bois, 18 x 18 cm; &nbsp; Le Jeune Soldat, vers 1736\/37, huile sur bois, 20 x 18 cm &nbsp; \u00a0\u00a0\u00a0\u00a0\u00a0\u00a0 Chardin repr\u00e9sente souvent des enfants. Ici, un gar\u00e7onnet et une fillette sont absorb\u00e9s dans leurs jeux, \u00e0 la fois absents et pr\u00e9sents, plong\u00e9s dans leur monde. &hellip; <a href=\"https:\/\/tableauxdisparus.fr\/?page_id=70\" class=\"more-link\">Continuer la lecture de <span class=\"screen-reader-text\">Chardin, Jean Sim\u00e9on (1699-1779)<\/span><\/a><\/p>\n","protected":false},"author":1,"featured_media":0,"parent":0,"menu_order":0,"comment_status":"closed","ping_status":"closed","template":"","meta":{"footnotes":""},"class_list":["post-70","page","type-page","status-publish","hentry"],"jetpack_sharing_enabled":true,"_links":{"self":[{"href":"https:\/\/tableauxdisparus.fr\/index.php?rest_route=\/wp\/v2\/pages\/70","targetHints":{"allow":["GET"]}}],"collection":[{"href":"https:\/\/tableauxdisparus.fr\/index.php?rest_route=\/wp\/v2\/pages"}],"about":[{"href":"https:\/\/tableauxdisparus.fr\/index.php?rest_route=\/wp\/v2\/types\/page"}],"author":[{"embeddable":true,"href":"https:\/\/tableauxdisparus.fr\/index.php?rest_route=\/wp\/v2\/users\/1"}],"replies":[{"embeddable":true,"href":"https:\/\/tableauxdisparus.fr\/index.php?rest_route=%2Fwp%2Fv2%2Fcomments&post=70"}],"version-history":[{"count":28,"href":"https:\/\/tableauxdisparus.fr\/index.php?rest_route=\/wp\/v2\/pages\/70\/revisions"}],"predecessor-version":[{"id":1519,"href":"https:\/\/tableauxdisparus.fr\/index.php?rest_route=\/wp\/v2\/pages\/70\/revisions\/1519"}],"wp:attachment":[{"href":"https:\/\/tableauxdisparus.fr\/index.php?rest_route=%2Fwp%2Fv2%2Fmedia&parent=70"}],"curies":[{"name":"wp","href":"https:\/\/api.w.org\/{rel}","templated":true}]}}