{"id":73,"date":"2015-06-26T11:34:04","date_gmt":"2015-06-26T10:34:04","guid":{"rendered":"http:\/\/td.kanoe.fr\/?page_id=73"},"modified":"2015-09-04T16:52:31","modified_gmt":"2015-09-04T15:52:31","slug":"lemeute-1849-huile-sur-toile-91-x-70-cm","status":"publish","type":"page","link":"https:\/\/tableauxdisparus.fr\/?page_id=73","title":{"rendered":"Daumier, Honor\u00e9 (1808-1879)"},"content":{"rendered":"<h2 style=\"text-align: center;\"><strong><em>L&rsquo;\u00e9meute, <\/em>1849, huile sur toile, 91 x 70 cm<\/strong><\/h2>\n<figure id=\"attachment_171\" aria-describedby=\"caption-attachment-171\" style=\"width: 225px\" class=\"wp-caption alignleft\"><a href=\"https:\/\/i0.wp.com\/tableauxdisparus.fr\/wp-content\/uploads\/2015\/07\/020.jpg?ssl=1\"><img data-recalc-dims=\"1\" loading=\"lazy\" decoding=\"async\" class=\"wp-image-171 size-medium\" src=\"https:\/\/i0.wp.com\/tableauxdisparus.fr\/wp-content\/uploads\/2015\/07\/020.jpg?resize=225%2C300&#038;ssl=1\" alt=\"020\" width=\"225\" height=\"300\" srcset=\"https:\/\/i0.wp.com\/tableauxdisparus.fr\/wp-content\/uploads\/2015\/07\/020.jpg?resize=225%2C300&amp;ssl=1 225w, https:\/\/i0.wp.com\/tableauxdisparus.fr\/wp-content\/uploads\/2015\/07\/020.jpg?w=240&amp;ssl=1 240w\" sizes=\"auto, (max-width: 225px) 100vw, 225px\" \/><\/a><figcaption id=\"caption-attachment-171\" class=\"wp-caption-text\">Restitution du tableau disparu.<\/figcaption><\/figure>\n<figure id=\"attachment_210\" aria-describedby=\"caption-attachment-210\" style=\"width: 144px\" class=\"wp-caption alignleft\"><a href=\"https:\/\/i0.wp.com\/tableauxdisparus.fr\/wp-content\/uploads\/2015\/07\/P1040683.jpg?ssl=1\"><img data-recalc-dims=\"1\" loading=\"lazy\" decoding=\"async\" class=\"wp-image-210 \" src=\"https:\/\/i0.wp.com\/tableauxdisparus.fr\/wp-content\/uploads\/2015\/07\/P1040683.jpg?resize=144%2C192&#038;ssl=1\" alt=\"P1040683\" width=\"144\" height=\"192\" srcset=\"https:\/\/i0.wp.com\/tableauxdisparus.fr\/wp-content\/uploads\/2015\/07\/P1040683.jpg?resize=225%2C300&amp;ssl=1 225w, https:\/\/i0.wp.com\/tableauxdisparus.fr\/wp-content\/uploads\/2015\/07\/P1040683.jpg?w=240&amp;ssl=1 240w\" sizes=\"auto, (max-width: 144px) 100vw, 144px\" \/><\/a><figcaption id=\"caption-attachment-210\" class=\"wp-caption-text\">Document<\/figcaption><\/figure>\n<p style=\"text-align: justify;\">Nous voici \u00e0 moins d\u2019un an apr\u00e8s la R\u00e9volution de f\u00e9vrier 1848. <em>L\u2019\u00e9meute<\/em> repr\u00e9sente un meneur, bras tendu, entra\u00eenant la foule. C\u2019est un jeune id\u00e9aliste \u00e9chevel\u00e9, poitrine au vent, accompagn\u00e9 d\u2019une femme qui se fond en lui et d\u2019un ouvrier fanatis\u00e9. Ils forment une diagonale qui s\u2019oppose \u00e0 un riche bourgeois \u00e0 chapeau haut-de-forme. Le message est clair.<\/p>\n<p style=\"text-align: justify;\">D\u00e9j\u00e0 nanti d\u2019une solide r\u00e9putation de caricaturiste critique de la monarchie, Daumier commence vraiment \u00e0 peindre \u00e0 ce moment-l\u00e0, quand les journ\u00e9es de F\u00e9vrier portent ses amis au pouvoir. Mais le public accueille sa peinture avec r\u00e9serve et continue de voir en lui un amuseur\u00a0: \u00ab\u00a0la caricature g\u00e2te la main des artistes\u2026 Voil\u00e0 un homme d\u2019un immense talent, comme caricaturiste et qui a la main si faite qu\u2019il faut lui interdire la peinture\u00a0\u00bb, \u00e9crit Chenevi\u00e8res en 1850. Daumier h\u00e9site \u00e0 montrer son tableau qui ne sera expos\u00e9 qu\u2019en 1878.<\/p>\n<p>Ce tableau disparu faisait partie des tableaux de la collection Gestenberg Scharf d\u00e9truite \u00e0 Berlin pendant la Seconde Guerre mondiale. Il n\u2019en subsiste aujourd\u2019hui qu\u2019une photographie en noir et blanc.<\/p>\n<p style=\"text-align: justify;\">La peinture est r\u00e9alis\u00e9e en pleine p\u00e2te pour les blancs, en transparence pour ce qui est dans l\u2019obscurit\u00e9. On notera les contrastes noirs\/blancs, la t\u00eate d\u2019un ouvrier \u00e0 contre-jour se d\u00e9tachant sur le fond de chemise clair, la t\u00eate de la femme devant un ensemble de t\u00eates tendues, la silhouette du bourgeois, \u00e0 gauche, qui tente de r\u00e9sister \u00e0 cette foule d\u00e9ferlante. Le traitement technique fait corps avec l\u2019id\u00e9ologie qu\u2019elle vise \u00e0 exprimer. Il s\u2019agit de montrer combien Daumier craint l\u2019affrontement avec le public ou m\u00eame avec le simple amateur. Etat psychologique, mani\u00e8re de peindre et sujet figur\u00e9 font toujours corps. La restitution d\u2019une \u0153uvre n\u2019est pas copie contraignante ou imitation servile.<\/p>\n<p>&nbsp;<\/p>\n<figure id=\"attachment_209\" aria-describedby=\"caption-attachment-209\" style=\"width: 300px\" class=\"wp-caption aligncenter\"><a href=\"https:\/\/i0.wp.com\/tableauxdisparus.fr\/wp-content\/uploads\/2015\/07\/P1040682.jpg?ssl=1\"><img data-recalc-dims=\"1\" loading=\"lazy\" decoding=\"async\" class=\"wp-image-209 size-medium\" src=\"https:\/\/i0.wp.com\/tableauxdisparus.fr\/wp-content\/uploads\/2015\/07\/P1040682.jpg?resize=300%2C225&#038;ssl=1\" alt=\"P1040682\" width=\"300\" height=\"225\" srcset=\"https:\/\/i0.wp.com\/tableauxdisparus.fr\/wp-content\/uploads\/2015\/07\/P1040682.jpg?resize=300%2C225&amp;ssl=1 300w, https:\/\/i0.wp.com\/tableauxdisparus.fr\/wp-content\/uploads\/2015\/07\/P1040682.jpg?w=320&amp;ssl=1 320w\" sizes=\"auto, (max-width: 300px) 100vw, 300px\" \/><\/a><figcaption id=\"caption-attachment-209\" class=\"wp-caption-text\">B\u00e2timent abritant la collection Gerstenverg Scharf o\u00f9 fut conserv\u00e9 le tableau de Daumier avant sa destruction.<\/figcaption><\/figure>\n<p style=\"text-align: right;\">(c) Daniel Lagoutte<\/p>\n","protected":false},"excerpt":{"rendered":"<p>L&rsquo;\u00e9meute, 1849, huile sur toile, 91 x 70 cm Nous voici \u00e0 moins d\u2019un an apr\u00e8s la R\u00e9volution de f\u00e9vrier 1848. L\u2019\u00e9meute repr\u00e9sente un meneur, bras tendu, entra\u00eenant la foule. C\u2019est un jeune id\u00e9aliste \u00e9chevel\u00e9, poitrine au vent, accompagn\u00e9 d\u2019une femme qui se fond en lui et d\u2019un ouvrier fanatis\u00e9. Ils forment une diagonale qui &hellip; <a href=\"https:\/\/tableauxdisparus.fr\/?page_id=73\" class=\"more-link\">Continuer la lecture de <span class=\"screen-reader-text\">Daumier, Honor\u00e9 (1808-1879)<\/span><\/a><\/p>\n","protected":false},"author":1,"featured_media":0,"parent":0,"menu_order":0,"comment_status":"closed","ping_status":"closed","template":"","meta":{"footnotes":""},"class_list":["post-73","page","type-page","status-publish","hentry"],"jetpack_sharing_enabled":true,"_links":{"self":[{"href":"https:\/\/tableauxdisparus.fr\/index.php?rest_route=\/wp\/v2\/pages\/73","targetHints":{"allow":["GET"]}}],"collection":[{"href":"https:\/\/tableauxdisparus.fr\/index.php?rest_route=\/wp\/v2\/pages"}],"about":[{"href":"https:\/\/tableauxdisparus.fr\/index.php?rest_route=\/wp\/v2\/types\/page"}],"author":[{"embeddable":true,"href":"https:\/\/tableauxdisparus.fr\/index.php?rest_route=\/wp\/v2\/users\/1"}],"replies":[{"embeddable":true,"href":"https:\/\/tableauxdisparus.fr\/index.php?rest_route=%2Fwp%2Fv2%2Fcomments&post=73"}],"version-history":[{"count":28,"href":"https:\/\/tableauxdisparus.fr\/index.php?rest_route=\/wp\/v2\/pages\/73\/revisions"}],"predecessor-version":[{"id":780,"href":"https:\/\/tableauxdisparus.fr\/index.php?rest_route=\/wp\/v2\/pages\/73\/revisions\/780"}],"wp:attachment":[{"href":"https:\/\/tableauxdisparus.fr\/index.php?rest_route=%2Fwp%2Fv2%2Fmedia&parent=73"}],"curies":[{"name":"wp","href":"https:\/\/api.w.org\/{rel}","templated":true}]}}