{"id":76,"date":"2015-06-26T11:40:28","date_gmt":"2015-06-26T10:40:28","guid":{"rendered":"http:\/\/td.kanoe.fr\/?page_id=76"},"modified":"2015-09-15T11:14:44","modified_gmt":"2015-09-15T10:14:44","slug":"femme-assise-dans-un-bois-1902-huile-sur-toile-41-x-33-cm","status":"publish","type":"page","link":"https:\/\/tableauxdisparus.fr\/?page_id=76","title":{"rendered":"Gauguin, Paul (1848-1903)"},"content":{"rendered":"<h2><em>Femme assise dans un bois<\/em>, 1902, huile sur toile, 41 x 33 cm<\/h2>\n<p style=\"text-align: center;\">\u00a0\u00a0\u00a0\u00a0<a href=\"https:\/\/i0.wp.com\/tableauxdisparus.fr\/wp-content\/uploads\/2015\/09\/DSC02093.jpg?ssl=1\"><img data-recalc-dims=\"1\" loading=\"lazy\" decoding=\"async\" class=\"alignnone size-medium wp-image-740\" src=\"https:\/\/i0.wp.com\/tableauxdisparus.fr\/wp-content\/uploads\/2015\/09\/DSC02093.jpg?resize=300%2C237&#038;ssl=1\" alt=\"DSC02093\" width=\"300\" height=\"237\" srcset=\"https:\/\/i0.wp.com\/tableauxdisparus.fr\/wp-content\/uploads\/2015\/09\/DSC02093.jpg?resize=300%2C237&amp;ssl=1 300w, https:\/\/i0.wp.com\/tableauxdisparus.fr\/wp-content\/uploads\/2015\/09\/DSC02093.jpg?w=320&amp;ssl=1 320w\" sizes=\"auto, (max-width: 300px) 100vw, 300px\" \/><\/a><\/p>\n<p style=\"text-align: justify;\">Cette \u0153uvre faisant partie de l&rsquo;ancienne collection Thannhouser \u00e0 Lucerne est aujourd&rsquo;hui consid\u00e9r\u00e9e comme d\u00e9finitivement perdue, oubli\u00e9e.. Il n&rsquo;en subsiste qu&rsquo;une petite photographie en noir et blanc.<\/p>\n<p style=\"text-align: justify;\">Gauguin habite l&rsquo;archipel des Marquises. \u00ab\u00a0Je r\u00eave \u00e0 des harmonies violentes, \u00e9crivait-il en 1889 , dans les parfums naturels qui me grisent. D\u00e9lice relev\u00e9 de je ne sais quelle horreur sacr\u00e9e que je devine vers l&rsquo;imm\u00e9morial. Autrefois, odeur de joie que je respire dans le pr\u00e9sent. Figures animales d&rsquo;une rigidit\u00e9 statuaire : je ne sais quoi d&rsquo;ancien, d&rsquo;auguste, de religion dans le rythme de leur geste, dans leur immobilit\u00e9 rare. Dans des yeux qui r\u00eavent, la surface trouble d&rsquo;une \u00e9nigme insondable. Et voil\u00e0 la nuit &#8211; tout repose. Mes yeux se ferment pour voir sans comprendre le r\u00eave dans l&rsquo;espace infini qui fuit devant moi, et j&rsquo;ai la sensation de la marche dolente de mes esp\u00e9rances.\u00a0\u00bb<\/p>\n<p style=\"text-align: justify;\">Le rose alli\u00e9 au violet selon une ligne sinueuse donne au tableau toute sa force et sa gait\u00e9. Tout invite \u00e0 la m\u00e9ditation : la femme\u00a0accroupie, vue\u00a0de dos, double notre regard.\u00a0La forme de son corps est rappel\u00e9e\u00a0par celle du\u00a0tronc d&rsquo;arbre situ\u00e9 \u00e0 droite, dispos\u00e9 identiquement par rapport aux limites verticales du cadre, de hauteur et de ton identiques. La couleur doit \u00eatre subtilement dispos\u00e9e pour respecter cet \u00e9quilibre, expression d&rsquo;une s\u00e9r\u00e9nit\u00e9 qui se prolonge.<\/p>\n<figure id=\"attachment_204\" aria-describedby=\"caption-attachment-204\" style=\"width: 225px\" class=\"wp-caption alignnone\"><a href=\"https:\/\/i0.wp.com\/tableauxdisparus.fr\/wp-content\/uploads\/2015\/07\/P1040679.jpg?ssl=1\"><img data-recalc-dims=\"1\" loading=\"lazy\" decoding=\"async\" class=\"wp-image-204 size-medium\" src=\"https:\/\/i0.wp.com\/tableauxdisparus.fr\/wp-content\/uploads\/2015\/07\/P1040679.jpg?resize=225%2C300&#038;ssl=1\" alt=\"Justin Thannhouser \u00e0 l'ouverture de l'exposition Paul Gauguin \u00e0 la Galerie Thannhouser, Berlin, 1928.\" width=\"225\" height=\"300\" srcset=\"https:\/\/i0.wp.com\/tableauxdisparus.fr\/wp-content\/uploads\/2015\/07\/P1040679.jpg?resize=225%2C300&amp;ssl=1 225w, https:\/\/i0.wp.com\/tableauxdisparus.fr\/wp-content\/uploads\/2015\/07\/P1040679.jpg?w=240&amp;ssl=1 240w\" sizes=\"auto, (max-width: 225px) 100vw, 225px\" \/><\/a><figcaption id=\"caption-attachment-204\" class=\"wp-caption-text\">Justin Thannhouser, \u00e0 qui appartenait ce tableau, lors de l&rsquo;ouverture de l&rsquo;exposition Paul Gauguin dans sa Galerie \u00e0 Berlin, 1928.<\/figcaption><\/figure>\n<p style=\"text-align: right;\">(c) Daniel Lagoutte<\/p>\n","protected":false},"excerpt":{"rendered":"<p>Femme assise dans un bois, 1902, huile sur toile, 41 x 33 cm \u00a0\u00a0\u00a0\u00a0 Cette \u0153uvre faisant partie de l&rsquo;ancienne collection Thannhouser \u00e0 Lucerne est aujourd&rsquo;hui consid\u00e9r\u00e9e comme d\u00e9finitivement perdue, oubli\u00e9e.. Il n&rsquo;en subsiste qu&rsquo;une petite photographie en noir et blanc. Gauguin habite l&rsquo;archipel des Marquises. \u00ab\u00a0Je r\u00eave \u00e0 des harmonies violentes, \u00e9crivait-il en 1889 &hellip; <a href=\"https:\/\/tableauxdisparus.fr\/?page_id=76\" class=\"more-link\">Continuer la lecture de <span class=\"screen-reader-text\">Gauguin, Paul (1848-1903)<\/span><\/a><\/p>\n","protected":false},"author":1,"featured_media":0,"parent":0,"menu_order":0,"comment_status":"closed","ping_status":"closed","template":"","meta":{"footnotes":""},"class_list":["post-76","page","type-page","status-publish","hentry"],"jetpack_sharing_enabled":true,"_links":{"self":[{"href":"https:\/\/tableauxdisparus.fr\/index.php?rest_route=\/wp\/v2\/pages\/76","targetHints":{"allow":["GET"]}}],"collection":[{"href":"https:\/\/tableauxdisparus.fr\/index.php?rest_route=\/wp\/v2\/pages"}],"about":[{"href":"https:\/\/tableauxdisparus.fr\/index.php?rest_route=\/wp\/v2\/types\/page"}],"author":[{"embeddable":true,"href":"https:\/\/tableauxdisparus.fr\/index.php?rest_route=\/wp\/v2\/users\/1"}],"replies":[{"embeddable":true,"href":"https:\/\/tableauxdisparus.fr\/index.php?rest_route=%2Fwp%2Fv2%2Fcomments&post=76"}],"version-history":[{"count":26,"href":"https:\/\/tableauxdisparus.fr\/index.php?rest_route=\/wp\/v2\/pages\/76\/revisions"}],"predecessor-version":[{"id":826,"href":"https:\/\/tableauxdisparus.fr\/index.php?rest_route=\/wp\/v2\/pages\/76\/revisions\/826"}],"wp:attachment":[{"href":"https:\/\/tableauxdisparus.fr\/index.php?rest_route=%2Fwp%2Fv2%2Fmedia&parent=76"}],"curies":[{"name":"wp","href":"https:\/\/api.w.org\/{rel}","templated":true}]}}