{"id":781,"date":"2015-09-04T16:56:44","date_gmt":"2015-09-04T15:56:44","guid":{"rendered":"http:\/\/tableauxdisparus.fr\/?page_id=781"},"modified":"2016-05-30T11:12:25","modified_gmt":"2016-05-30T10:12:25","slug":"van-gogh-vincent-1853-1890-vase-avec-cinq-tournesols","status":"publish","type":"page","link":"https:\/\/tableauxdisparus.fr\/?page_id=781","title":{"rendered":"Van Gogh, Vincent (1853-1890)"},"content":{"rendered":"<h2><strong>\u00a0<\/strong><strong>Van Gogh, Vincent (1853-1890), <\/strong><strong><em>Vase avec iris sur fond rose<\/em><\/strong><strong>, mai 1890, huile sur toile, 91 x 73 cm<\/strong><\/h2>\n<p><a href=\"https:\/\/i0.wp.com\/tableauxdisparus.fr\/wp-content\/uploads\/2015\/09\/DSC02120.jpg?ssl=1\"><img data-recalc-dims=\"1\" loading=\"lazy\" decoding=\"async\" class=\"alignnone size-medium wp-image-771\" src=\"https:\/\/i0.wp.com\/tableauxdisparus.fr\/wp-content\/uploads\/2015\/09\/DSC02120.jpg?resize=300%2C242&#038;ssl=1\" alt=\"DSC02120\" width=\"300\" height=\"242\" srcset=\"https:\/\/i0.wp.com\/tableauxdisparus.fr\/wp-content\/uploads\/2015\/09\/DSC02120.jpg?resize=300%2C242&amp;ssl=1 300w, https:\/\/i0.wp.com\/tableauxdisparus.fr\/wp-content\/uploads\/2015\/09\/DSC02120.jpg?w=320&amp;ssl=1 320w\" sizes=\"auto, (max-width: 300px) 100vw, 300px\" \/><\/a><\/p>\n<p style=\"text-align: justify;\">\u00a0\u00a0\u00a0\u00a0\u00a0 Parfois un tableau qui n\u2019a pas vraiment \u00e9t\u00e9 d\u00e9truit, mais son \u00e9tat d\u2019origine a disparu, rendant m\u00e9connaissable la peinture telle qu\u2019elle a \u00e9t\u00e9 r\u00e9alis\u00e9e. C\u2019est le cas de ce <em>Vase avec iris<\/em> qui peut \u00eatre consid\u00e9r\u00e9 comme \u00e9tant un tableau disparu de Van Gogh. On sait que l\u2019artiste utilisait une grande quantit\u00e9 de couleur laque g\u00e9ranium. Or, manquant de stabilit\u00e9 \u00e0 l\u2019\u00e9poque, cette couleur se d\u00e9gradait rapidement, si bien que le rose du fond est devenu aujourd\u2019hui tout \u00e0 fait blanc.<\/p>\n<p style=\"text-align: justify;\">\u00a0\u00a0\u00a0\u00a0\u00a0\u00a0\u00a0\u00a0\u00a0\u00a0\u00a0 Le tableau d\u00e9grad\u00e9 est visible au Metropolitan Museum of Art de New York. \u00a0Il fallait ici restituer la couleur et r\u00e9tablir les accords color\u00e9s, pour mieux juger de l\u2019aspect voulu par Van Gogh. Nous y sommes aid\u00e9s par les d\u00e9clarations de l\u2019artiste lui-m\u00eame : \u00ab\u00a0Je suis en train de travailler sur (\u2026) deux toiles de grands bouquets d\u2019iris violets. Un bouquet est contre un fond rose, et ici j\u2019ai voulu un effet harmonieux et doux en raison d\u2019une combinaison de vert, rose et violet. Le second bouquet violet (obtenu par un m\u00e9lange de carmin et de bleu de Prusse) s\u2019oppose \u00e0 un fond jaune citron profond et autres tons jaunes, et l\u2019effet produit un terrible contraste entre les deux tableaux quand on les juxtapose.\u00a0\u00bb (12 mai 1890, lettre 633).<\/p>\n<p style=\"text-align: justify;\">\u00a0\u00a0\u00a0\u00a0\u00a0\u00a0\u00a0\u00a0\u00a0\u00a0\u00a0 Voici une belle le\u00e7on de peinture\u00a0: Les iris sur fond rose doivent communiquer un sentiment de \u00ab\u00a0douceur\u00a0\u00bb. Cette couleur devait donc se retrouver ailleurs dans le tableau afin d\u2019\u00e9tablir une harmonie. Ce type d\u2019harmonie est appel\u00e9e d\u2019accord secret. En effet, la laque g\u00e9ranium teinte le fond m\u00e9lang\u00e9e \u00e0 du blanc et entre \u00e9galement dans la fabrication du violet des fleurs par m\u00e9lange avec le bleu de Prusse. Des touches de vert cru (verts V\u00e9ron\u00e8se et \u00e9meraude), compl\u00e9mentaire du rose, font chanter ce rose en l\u2019exaltant. Rappelons que la fabrication de cette laque a \u00e9t\u00e9 interrompue pour \u00eatre r\u00e9cemment reprise en la rendant permanente. Aujourd\u2019hui peu utilis\u00e9e, elle reste difficile \u00e0 acqu\u00e9rir.<\/p>\n<p>&nbsp;<\/p>\n<p style=\"text-align: right;\">(c) Daniel Lagoutte<\/p>\n<p>&nbsp;<\/p>\n","protected":false},"excerpt":{"rendered":"<p>\u00a0Van Gogh, Vincent (1853-1890), Vase avec iris sur fond rose, mai 1890, huile sur toile, 91 x 73 cm \u00a0\u00a0\u00a0\u00a0\u00a0 Parfois un tableau qui n\u2019a pas vraiment \u00e9t\u00e9 d\u00e9truit, mais son \u00e9tat d\u2019origine a disparu, rendant m\u00e9connaissable la peinture telle qu\u2019elle a \u00e9t\u00e9 r\u00e9alis\u00e9e. C\u2019est le cas de ce Vase avec iris qui peut \u00eatre &hellip; <a href=\"https:\/\/tableauxdisparus.fr\/?page_id=781\" class=\"more-link\">Continuer la lecture de <span class=\"screen-reader-text\">Van Gogh, Vincent (1853-1890)<\/span><\/a><\/p>\n","protected":false},"author":2,"featured_media":0,"parent":0,"menu_order":0,"comment_status":"closed","ping_status":"closed","template":"","meta":{"footnotes":""},"class_list":["post-781","page","type-page","status-publish","hentry"],"jetpack_sharing_enabled":true,"_links":{"self":[{"href":"https:\/\/tableauxdisparus.fr\/index.php?rest_route=\/wp\/v2\/pages\/781","targetHints":{"allow":["GET"]}}],"collection":[{"href":"https:\/\/tableauxdisparus.fr\/index.php?rest_route=\/wp\/v2\/pages"}],"about":[{"href":"https:\/\/tableauxdisparus.fr\/index.php?rest_route=\/wp\/v2\/types\/page"}],"author":[{"embeddable":true,"href":"https:\/\/tableauxdisparus.fr\/index.php?rest_route=\/wp\/v2\/users\/2"}],"replies":[{"embeddable":true,"href":"https:\/\/tableauxdisparus.fr\/index.php?rest_route=%2Fwp%2Fv2%2Fcomments&post=781"}],"version-history":[{"count":9,"href":"https:\/\/tableauxdisparus.fr\/index.php?rest_route=\/wp\/v2\/pages\/781\/revisions"}],"predecessor-version":[{"id":1180,"href":"https:\/\/tableauxdisparus.fr\/index.php?rest_route=\/wp\/v2\/pages\/781\/revisions\/1180"}],"wp:attachment":[{"href":"https:\/\/tableauxdisparus.fr\/index.php?rest_route=%2Fwp%2Fv2%2Fmedia&parent=781"}],"curies":[{"name":"wp","href":"https:\/\/api.w.org\/{rel}","templated":true}]}}