{"id":806,"date":"2015-09-04T19:51:26","date_gmt":"2015-09-04T18:51:26","guid":{"rendered":"http:\/\/tableauxdisparus.fr\/?page_id=806"},"modified":"2015-09-30T17:28:30","modified_gmt":"2015-09-30T16:28:30","slug":"videos","status":"publish","type":"page","link":"https:\/\/tableauxdisparus.fr\/?page_id=806","title":{"rendered":"Vid\u00e9os"},"content":{"rendered":"<p><iframe loading=\"lazy\" width=\"560\" height=\"315\" src=\"https:\/\/www.youtube.com\/embed\/tIxSUZ7MzJw\" frameborder=\"0\" allowfullscreen><\/iframe><br \/>\nPr\u00e9sentation du projet \u00ab\u00a0Tableaux disparus\u00a0\u00bb par Daniel Lagoutte<\/p>\n<p><iframe loading=\"lazy\" width=\"560\" height=\"315\" src=\"https:\/\/www.youtube.com\/embed\/gdwBCZQUKq4\" frameborder=\"0\" allowfullscreen><\/iframe><br \/>\nLa galerie des tableaux disparus ou d\u00e9truits reconstitu\u00e9s \u00e0 ce jour<\/p>\n<p><iframe loading=\"lazy\" width=\"560\" height=\"315\" src=\"https:\/\/www.youtube.com\/embed\/JgISVWZi4Qs\" frameborder=\"0\" allowfullscreen><\/iframe><br \/>\nPr\u00e9sentation par Daniel Lagoutte d&rsquo;un tableau reconstitut\u00e9 de Friedrich<\/p>\n","protected":false},"excerpt":{"rendered":"<p>Pr\u00e9sentation du projet \u00ab\u00a0Tableaux disparus\u00a0\u00bb par Daniel Lagoutte La galerie des tableaux disparus ou d\u00e9truits reconstitu\u00e9s \u00e0 ce jour Pr\u00e9sentation par Daniel Lagoutte d&rsquo;un tableau reconstitut\u00e9 de Friedrich<\/p>\n","protected":false},"author":2,"featured_media":0,"parent":0,"menu_order":0,"comment_status":"closed","ping_status":"closed","template":"","meta":{"footnotes":""},"class_list":["post-806","page","type-page","status-publish","hentry"],"jetpack_sharing_enabled":true,"_links":{"self":[{"href":"https:\/\/tableauxdisparus.fr\/index.php?rest_route=\/wp\/v2\/pages\/806","targetHints":{"allow":["GET"]}}],"collection":[{"href":"https:\/\/tableauxdisparus.fr\/index.php?rest_route=\/wp\/v2\/pages"}],"about":[{"href":"https:\/\/tableauxdisparus.fr\/index.php?rest_route=\/wp\/v2\/types\/page"}],"author":[{"embeddable":true,"href":"https:\/\/tableauxdisparus.fr\/index.php?rest_route=\/wp\/v2\/users\/2"}],"replies":[{"embeddable":true,"href":"https:\/\/tableauxdisparus.fr\/index.php?rest_route=%2Fwp%2Fv2%2Fcomments&post=806"}],"version-history":[{"count":6,"href":"https:\/\/tableauxdisparus.fr\/index.php?rest_route=\/wp\/v2\/pages\/806\/revisions"}],"predecessor-version":[{"id":841,"href":"https:\/\/tableauxdisparus.fr\/index.php?rest_route=\/wp\/v2\/pages\/806\/revisions\/841"}],"wp:attachment":[{"href":"https:\/\/tableauxdisparus.fr\/index.php?rest_route=%2Fwp%2Fv2%2Fmedia&parent=806"}],"curies":[{"name":"wp","href":"https:\/\/api.w.org\/{rel}","templated":true}]}}