{"id":81,"date":"2015-06-26T13:44:53","date_gmt":"2015-06-26T12:44:53","guid":{"rendered":"http:\/\/tableauxdetruits.fr\/?page_id=81"},"modified":"2015-09-15T11:31:30","modified_gmt":"2015-09-15T10:31:30","slug":"la-chanteuse-du-cafe-concert-1879-huile-sur-toile-98-x-79-cm","status":"publish","type":"page","link":"https:\/\/tableauxdisparus.fr\/?page_id=81","title":{"rendered":"Manet, Edouard (1832-1883)"},"content":{"rendered":"<h2><em>La chanteuse du Caf\u00e9-Concert<\/em>, 1879, huile sur toile, 98 x 79 cm<\/h2>\n<p style=\"text-align: justify;\"><a href=\"https:\/\/i0.wp.com\/tableauxdisparus.fr\/wp-content\/uploads\/2015\/09\/DSC02119.jpg?ssl=1\"><img data-recalc-dims=\"1\" loading=\"lazy\" decoding=\"async\" class=\"alignnone size-medium wp-image-770\" src=\"https:\/\/i0.wp.com\/tableauxdisparus.fr\/wp-content\/uploads\/2015\/09\/DSC02119.jpg?resize=300%2C248&#038;ssl=1\" alt=\"DSC02119\" width=\"300\" height=\"248\" srcset=\"https:\/\/i0.wp.com\/tableauxdisparus.fr\/wp-content\/uploads\/2015\/09\/DSC02119.jpg?resize=300%2C248&amp;ssl=1 300w, https:\/\/i0.wp.com\/tableauxdisparus.fr\/wp-content\/uploads\/2015\/09\/DSC02119.jpg?w=320&amp;ssl=1 320w\" sizes=\"auto, (max-width: 300px) 100vw, 300px\" \/><\/a><\/p>\n<p style=\"text-align: justify;\">Nous sommes sans doute au caf\u00e9-concert \u00ab\u00a0Les Ambassadeurs\u00a0\u00bb, pr\u00e8s des Champs-Elys\u00e9es. Le tableau se per\u00e7oit tactilement, plut\u00f4t que visuellement. C&rsquo;est \u00ab\u00a0l&rsquo;\u00e9cole du coup de brosse\u00a0\u00bb, de l&rsquo;esquisse, les blancs ne sont pas plus emp\u00e2t\u00e9s que les noirs. L&rsquo;espace est \u00e0 deux dimensions : l&rsquo;\u0153il a focalis\u00e9 sur la chanteuse, tout le reste est flou, et ce sont les m\u00eames accents color\u00e9s en touches larges qui parcourent la surface de la toile. Comme une danse. Il a fallu r\u00e9alis\u00e9 ce tableau de mani\u00e8re spontan\u00e9e, en suivant le rythme d&rsquo;une musique de l&rsquo;\u00e9poque, en traitant le plus possible simultan\u00e9ment tous les endroits du champ pictural.<\/p>\n<p style=\"text-align: justify;\">La chanteuse est mise en \u00e9vidence, objet de s\u00e9duction vocale et visuelle, par son emplacement selon l&rsquo;axe vertical, tandis que l&rsquo;axe horizontal, en brun rouge, souligne le geste de sa main. Le reste, le d\u00e9cor, les spectateurs ne sont que vagues \u00e9vocations.<\/p>\n<p style=\"text-align: justify;\">On ne sait ce qu&rsquo;est devenu ce tableau myst\u00e9rieusement disparu depuis 1993.<\/p>\n<figure id=\"attachment_216\" aria-describedby=\"caption-attachment-216\" style=\"width: 459px\" class=\"wp-caption aligncenter\"><a href=\"https:\/\/i0.wp.com\/tableauxdisparus.fr\/wp-content\/uploads\/2015\/07\/P1040685.jpg?ssl=1\"><img data-recalc-dims=\"1\" loading=\"lazy\" decoding=\"async\" class=\"wp-image-216 \" src=\"https:\/\/i0.wp.com\/tableauxdisparus.fr\/wp-content\/uploads\/2015\/07\/P1040685.jpg?resize=459%2C344&#038;ssl=1\" alt=\"P1040685\" width=\"459\" height=\"344\" srcset=\"https:\/\/i0.wp.com\/tableauxdisparus.fr\/wp-content\/uploads\/2015\/07\/P1040685.jpg?resize=300%2C225&amp;ssl=1 300w, https:\/\/i0.wp.com\/tableauxdisparus.fr\/wp-content\/uploads\/2015\/07\/P1040685.jpg?w=320&amp;ssl=1 320w\" sizes=\"auto, (max-width: 459px) 100vw, 459px\" \/><\/a><figcaption id=\"caption-attachment-216\" class=\"wp-caption-text\">Le caf\u00e9-concert \u00ab\u00a0Les Ambassadeurs\u00a0\u00bb.<\/figcaption><\/figure>\n<p style=\"text-align: right;\">(c) Daniel Lagoutte<\/p>\n","protected":false},"excerpt":{"rendered":"<p>La chanteuse du Caf\u00e9-Concert, 1879, huile sur toile, 98 x 79 cm Nous sommes sans doute au caf\u00e9-concert \u00ab\u00a0Les Ambassadeurs\u00a0\u00bb, pr\u00e8s des Champs-Elys\u00e9es. Le tableau se per\u00e7oit tactilement, plut\u00f4t que visuellement. C&rsquo;est \u00ab\u00a0l&rsquo;\u00e9cole du coup de brosse\u00a0\u00bb, de l&rsquo;esquisse, les blancs ne sont pas plus emp\u00e2t\u00e9s que les noirs. L&rsquo;espace est \u00e0 deux dimensions : &hellip; <a href=\"https:\/\/tableauxdisparus.fr\/?page_id=81\" class=\"more-link\">Continuer la lecture de <span class=\"screen-reader-text\">Manet, Edouard (1832-1883)<\/span><\/a><\/p>\n","protected":false},"author":1,"featured_media":0,"parent":0,"menu_order":0,"comment_status":"closed","ping_status":"closed","template":"","meta":{"footnotes":""},"class_list":["post-81","page","type-page","status-publish","hentry"],"jetpack_sharing_enabled":true,"_links":{"self":[{"href":"https:\/\/tableauxdisparus.fr\/index.php?rest_route=\/wp\/v2\/pages\/81","targetHints":{"allow":["GET"]}}],"collection":[{"href":"https:\/\/tableauxdisparus.fr\/index.php?rest_route=\/wp\/v2\/pages"}],"about":[{"href":"https:\/\/tableauxdisparus.fr\/index.php?rest_route=\/wp\/v2\/types\/page"}],"author":[{"embeddable":true,"href":"https:\/\/tableauxdisparus.fr\/index.php?rest_route=\/wp\/v2\/users\/1"}],"replies":[{"embeddable":true,"href":"https:\/\/tableauxdisparus.fr\/index.php?rest_route=%2Fwp%2Fv2%2Fcomments&post=81"}],"version-history":[{"count":25,"href":"https:\/\/tableauxdisparus.fr\/index.php?rest_route=\/wp\/v2\/pages\/81\/revisions"}],"predecessor-version":[{"id":829,"href":"https:\/\/tableauxdisparus.fr\/index.php?rest_route=\/wp\/v2\/pages\/81\/revisions\/829"}],"wp:attachment":[{"href":"https:\/\/tableauxdisparus.fr\/index.php?rest_route=%2Fwp%2Fv2%2Fmedia&parent=81"}],"curies":[{"name":"wp","href":"https:\/\/api.w.org\/{rel}","templated":true}]}}