{"id":872,"date":"2015-10-04T16:09:15","date_gmt":"2015-10-04T15:09:15","guid":{"rendered":"http:\/\/tableauxdisparus.fr\/?page_id=872"},"modified":"2015-11-05T20:18:43","modified_gmt":"2015-11-05T19:18:43","slug":"the-calendars194-huile-sur-toile-86-4-x-104-1-cm","status":"publish","type":"page","link":"https:\/\/tableauxdisparus.fr\/?page_id=872","title":{"rendered":"Gorky, Arshile (1904-1948)"},"content":{"rendered":"<h2><em>The Calendars<\/em> (<em>Les Calendriers<\/em>), 1947, huile sur toile, 86.4 x 104,1 cm<\/h2>\n<h2><a href=\"https:\/\/i0.wp.com\/tableauxdisparus.fr\/wp-content\/uploads\/2015\/10\/Gorky-1.jpg?ssl=1\"><img data-recalc-dims=\"1\" loading=\"lazy\" decoding=\"async\" class=\"alignnone size-medium wp-image-846\" src=\"https:\/\/i0.wp.com\/tableauxdisparus.fr\/wp-content\/uploads\/2015\/10\/Gorky-1.jpg?resize=300%2C225&#038;ssl=1\" alt=\"Gorky (1)\" width=\"300\" height=\"225\" srcset=\"https:\/\/i0.wp.com\/tableauxdisparus.fr\/wp-content\/uploads\/2015\/10\/Gorky-1.jpg?resize=300%2C225&amp;ssl=1 300w, https:\/\/i0.wp.com\/tableauxdisparus.fr\/wp-content\/uploads\/2015\/10\/Gorky-1.jpg?w=320&amp;ssl=1 320w\" sizes=\"auto, (max-width: 300px) 100vw, 300px\" \/><\/a><\/h2>\n<p style=\"text-align: justify;\">Le peintre am\u00e9ricain, d\u2019origine arm\u00e9nienne, Arshile Gorgy, ne parvient que tardivement \u00e0 pleinement se r\u00e9aliser. En 1948, lors de l\u2019exposition de ce tableau intitul\u00e9 <em>The Calendars<\/em> (Les Calendriers), le grand critique d\u2019art Cl\u00e9ment Greenberg salue en lui le chef-d\u2019\u0153uvre de la peinture am\u00e9ricaine.<\/p>\n<p style=\"text-align: justify;\">\u00a0\u00a0\u00a0\u00a0\u00a0\u00a0\u00a0\u00a0\u00a0\u00a0\u00a0 Cette toile de Gorky traite les choses\u00a0\u00e0 la fa\u00e7on d\u2019un cryptogramme, imbriquant vie, souvenirs personnels et pr\u00e9occupations artistiques. Souvent, le spectateur se lasse de chercher \u00e0 d\u00e9couvrir la signification de ses \u0153uvres, seuls certains amateurs parviennent \u00e0 suivre le fil conducteur qui lie les \u00e9l\u00e9ments. Ici, nous sommes \u00e0 l\u2019int\u00e9rieur de la maison du peintre, la <em>Glass House<\/em>, dans son environnement familial.\u00a0Gorky est \u00e0 droite avec sa femme devant lui qui s\u2019occupe de leur b\u00e9b\u00e9, Natasha, dans son berceau. Au centre, un chien nous regarde. Derri\u00e8re, se trouve la seconde fille du couple, Maro, dans un fauteuil. Dans l\u2019axe, une chemin\u00e9e capte notre attention. Au-dessus, les deux calendriers qui donnent le titre au tableau repr\u00e9sentent une image \u00e9rotique \u00e0 gauche, un oisillon \u00e0 droite.<\/p>\n<p style=\"text-align: justify;\">\u00a0\u00a0\u00a0\u00a0\u00a0\u00a0\u00a0\u00a0\u00a0\u00a0\u00a0 Les derni\u00e8res ann\u00e9es de la vie de Gorky se passent de mani\u00e8re dramatique\u00a0: accident d\u2019automobile, incendie de son atelier, d\u00e9part de son \u00e9pouse. Epuis\u00e9, Gorky se pend un an apr\u00e8s que ce tableau ait \u00e9t\u00e9 r\u00e9alis\u00e9.<\/p>\n<p style=\"text-align: justify;\">\u00a0\u00a0\u00a0\u00a0\u00a0\u00a0\u00a0\u00a0\u00a0\u00a0\u00a0 Cette toile a \u00e9t\u00e9 achet\u00e9e et conserv\u00e9e dans l\u2019<em>Executive Mansion <\/em>\u00e0 Albany dans l\u2019\u00e9tat de New York, c\u2019est la r\u00e9sidence officielle du gouverneur de New York, l\u00e0 o\u00f9 plusieurs futurs pr\u00e9sidents ont habit\u00e9. En 1961, un incendie d\u00e9truit la riche demeure ainsi que l\u2019\u0153uvre de Gorky. Nelson A. Rockefeller et sa femme, Mary, ont \u00e9t\u00e9 sauv\u00e9s de justesse de l&rsquo;immeuble en feu.<\/p>\n<p style=\"text-align: justify;\">\u00a0\u00a0\u00a0\u00a0\u00a0\u00a0\u00a0\u00a0\u00a0\u00a0\u00a0 L\u2019ex\u00e9cution de cette reconstitution a demand\u00e9 une longue r\u00e9flexion. Il fallait retrouver l\u2019aspect spontan\u00e9 de l\u2019\u00e9criture plastique de l\u2019artiste, respecter le ton confidentiel du sujet en mettant toutes les couleurs en sourdine. La lumi\u00e8re doit baigner l\u2019int\u00e9rieur sans agresser les formes. Pour y parvenir, les couleurs de pr\u00e9paration, le bleu et le rose, jouent un r\u00f4le important. Chaque endroit de l\u2019espace pictural doit \u00eatre vivant, anim\u00e9 de touches vivement pos\u00e9es contenues dans de fins contours noirs. La technique de Gorky remet en cause tout ce que l\u2019on croyait conna\u00eetre de la tradition picturale. Un travail forcen\u00e9 de r\u00e9invention\u00a0! L\u2019\u0153uvre, ni abstraite, ni vraiment figurative, doit tenir le coup.<\/p>\n<figure id=\"attachment_880\" aria-describedby=\"caption-attachment-880\" style=\"width: 284px\" class=\"wp-caption alignnone\"><a href=\"https:\/\/i0.wp.com\/tableauxdisparus.fr\/wp-content\/uploads\/2015\/10\/920x9201.jpg?ssl=1\"><img data-recalc-dims=\"1\" loading=\"lazy\" decoding=\"async\" class=\"wp-image-880\" src=\"https:\/\/i0.wp.com\/tableauxdisparus.fr\/wp-content\/uploads\/2015\/10\/920x9201.jpg?resize=284%2C418&#038;ssl=1\" alt=\"920x920[1]\" width=\"284\" height=\"418\" srcset=\"https:\/\/i0.wp.com\/tableauxdisparus.fr\/wp-content\/uploads\/2015\/10\/920x9201.jpg?resize=204%2C300&amp;ssl=1 204w, https:\/\/i0.wp.com\/tableauxdisparus.fr\/wp-content\/uploads\/2015\/10\/920x9201.jpg?w=627&amp;ssl=1 627w\" sizes=\"auto, (max-width: 284px) 100vw, 284px\" \/><\/a><figcaption id=\"caption-attachment-880\" class=\"wp-caption-text\">La premi\u00e8re page du <em>Times Union<\/em> le matin apr\u00e8s l\u2019incendie.<\/figcaption><\/figure>\n<figure id=\"attachment_884\" aria-describedby=\"caption-attachment-884\" style=\"width: 323px\" class=\"wp-caption alignnone\"><a href=\"https:\/\/i0.wp.com\/tableauxdisparus.fr\/wp-content\/uploads\/2015\/10\/1024x10242.jpg?ssl=1\"><img data-recalc-dims=\"1\" loading=\"lazy\" decoding=\"async\" class=\"wp-image-884 \" src=\"https:\/\/i0.wp.com\/tableauxdisparus.fr\/wp-content\/uploads\/2015\/10\/1024x10242.jpg?resize=323%2C444&#038;ssl=1\" alt=\"1024x1024[2]\" width=\"323\" height=\"444\" srcset=\"https:\/\/i0.wp.com\/tableauxdisparus.fr\/wp-content\/uploads\/2015\/10\/1024x10242.jpg?resize=218%2C300&amp;ssl=1 218w, https:\/\/i0.wp.com\/tableauxdisparus.fr\/wp-content\/uploads\/2015\/10\/1024x10242.jpg?w=744&amp;ssl=1 744w\" sizes=\"auto, (max-width: 323px) 100vw, 323px\" \/><\/a><figcaption id=\"caption-attachment-884\" class=\"wp-caption-text\">Etat de l\u2019int\u00e9rieur de la R\u00e9sidence des gouverneurs dans l\u2019Etat de New York o\u00f9 le tableau intitul\u00e9 <em>The Calendars<\/em> fut d\u00e9truit dans l\u2019incendie de 1961.<\/figcaption><\/figure>\n<p style=\"text-align: right;\">\u00a0(c) Daniel Lagoutte<\/p>\n<p>&nbsp;<\/p>\n<p>&nbsp;<\/p>\n<p>&nbsp;<\/p>\n<p>&nbsp;<\/p>\n<p>&nbsp;<\/p>\n<p>&nbsp;<\/p>\n<p>&nbsp;<\/p>\n<p>&nbsp;<\/p>\n<p>&nbsp;<\/p>\n<p>&nbsp;<\/p>\n<p>&nbsp;<\/p>\n<p>&nbsp;<\/p>\n<p>&nbsp;<\/p>\n<p>&nbsp;<\/p>\n<p>&nbsp;<\/p>\n<p>&nbsp;<\/p>\n<p>&nbsp;<\/p>\n<p>&nbsp;<\/p>\n<p>&nbsp;<\/p>\n<p>&nbsp;<\/p>\n<p>&nbsp;<\/p>\n<p>&nbsp;<\/p>\n","protected":false},"excerpt":{"rendered":"<p>The Calendars (Les Calendriers), 1947, huile sur toile, 86.4 x 104,1 cm Le peintre am\u00e9ricain, d\u2019origine arm\u00e9nienne, Arshile Gorgy, ne parvient que tardivement \u00e0 pleinement se r\u00e9aliser. En 1948, lors de l\u2019exposition de ce tableau intitul\u00e9 The Calendars (Les Calendriers), le grand critique d\u2019art Cl\u00e9ment Greenberg salue en lui le chef-d\u2019\u0153uvre de la peinture am\u00e9ricaine. &hellip; <a href=\"https:\/\/tableauxdisparus.fr\/?page_id=872\" class=\"more-link\">Continuer la lecture de <span class=\"screen-reader-text\">Gorky, Arshile (1904-1948)<\/span><\/a><\/p>\n","protected":false},"author":2,"featured_media":0,"parent":0,"menu_order":0,"comment_status":"closed","ping_status":"closed","template":"","meta":{"footnotes":""},"class_list":["post-872","page","type-page","status-publish","hentry"],"jetpack_sharing_enabled":true,"_links":{"self":[{"href":"https:\/\/tableauxdisparus.fr\/index.php?rest_route=\/wp\/v2\/pages\/872","targetHints":{"allow":["GET"]}}],"collection":[{"href":"https:\/\/tableauxdisparus.fr\/index.php?rest_route=\/wp\/v2\/pages"}],"about":[{"href":"https:\/\/tableauxdisparus.fr\/index.php?rest_route=\/wp\/v2\/types\/page"}],"author":[{"embeddable":true,"href":"https:\/\/tableauxdisparus.fr\/index.php?rest_route=\/wp\/v2\/users\/2"}],"replies":[{"embeddable":true,"href":"https:\/\/tableauxdisparus.fr\/index.php?rest_route=%2Fwp%2Fv2%2Fcomments&post=872"}],"version-history":[{"count":10,"href":"https:\/\/tableauxdisparus.fr\/index.php?rest_route=\/wp\/v2\/pages\/872\/revisions"}],"predecessor-version":[{"id":988,"href":"https:\/\/tableauxdisparus.fr\/index.php?rest_route=\/wp\/v2\/pages\/872\/revisions\/988"}],"wp:attachment":[{"href":"https:\/\/tableauxdisparus.fr\/index.php?rest_route=%2Fwp%2Fv2%2Fmedia&parent=872"}],"curies":[{"name":"wp","href":"https:\/\/api.w.org\/{rel}","templated":true}]}}