{"id":916,"date":"2015-10-08T15:18:47","date_gmt":"2015-10-08T14:18:47","guid":{"rendered":"http:\/\/tableauxdisparus.fr\/?page_id=916"},"modified":"2015-10-08T16:10:54","modified_gmt":"2015-10-08T15:10:54","slug":"carus-karl","status":"publish","type":"page","link":"https:\/\/tableauxdisparus.fr\/?page_id=916","title":{"rendered":"Carus, Carl Gustav (1789 &#8211; 1869)"},"content":{"rendered":"<h2 style=\"text-align: justify;\"><em>Le Roi des Aulnes<\/em>, 1825, huile sur toile, 54 x 71 cm<\/h2>\n<figure id=\"attachment_911\" aria-describedby=\"caption-attachment-911\" style=\"width: 279px\" class=\"wp-caption alignnone\"><a href=\"https:\/\/i0.wp.com\/tableauxdisparus.fr\/wp-content\/uploads\/2015\/10\/P1040792-002.jpg?ssl=1\"><img data-recalc-dims=\"1\" loading=\"lazy\" decoding=\"async\" class=\"wp-image-911 \" src=\"https:\/\/i0.wp.com\/tableauxdisparus.fr\/wp-content\/uploads\/2015\/10\/P1040792-002.jpg?resize=279%2C372&#038;ssl=1\" alt=\"P1040792-002\" width=\"279\" height=\"372\" srcset=\"https:\/\/i0.wp.com\/tableauxdisparus.fr\/wp-content\/uploads\/2015\/10\/P1040792-002.jpg?resize=225%2C300&amp;ssl=1 225w, https:\/\/i0.wp.com\/tableauxdisparus.fr\/wp-content\/uploads\/2015\/10\/P1040792-002.jpg?w=240&amp;ssl=1 240w\" sizes=\"auto, (max-width: 279px) 100vw, 279px\" \/><\/a><figcaption id=\"caption-attachment-911\" class=\"wp-caption-text\">Le tableau d\u00e9truit de Carus ici restitu\u00e9.<\/figcaption><\/figure>\n<p style=\"text-align: justify;\">Ce tableau disparu a pour th\u00e8me un court po\u00e8me \u00e9crit par Goethe en 1782 intitul\u00e9 <em>Le Roi des Aulnes<\/em> et qui connut en son temps un grand succ\u00e8s. Goethe reprend une vieille tradition des peuples germaniques. Le roi des Aulnes r\u00e8gne sur un peuple mal\u00e9fique d&rsquo;esprits de la for\u00eat, les<em> Elfes, <\/em>qu\u2019une libert\u00e9 de traduction a transform\u00e9s en <em>Aulnes<\/em>. Les Elfes sont des divinit\u00e9s a\u00e9riennes \u00e9prises de danses nocturnes dans les pr\u00e9s, invitant les humains \u00e0 se joindre \u00e0 elles, mais en r\u00e9alit\u00e9 leur apportant la mort. Leur roi poursuit un p\u00e8re et son fils en voyage, convoitant l&rsquo;enfant. Tandis que le p\u00e8re s\u2019efforce de le calmer, l\u2019enfant ne fait que r\u00e9p\u00e9ter les paroles que lui susurre le roi des aulnes. La terreur s\u2019empare de lui\u00a0; menac\u00e9 de toutes parts, l\u2019enfant crie. Le p\u00e8re s\u2019\u00e9pouvante \u00e0 son tour et lorsqu\u2019il arrive au seuil de sa maison, il n\u2019a plus dans ses bras qu\u2019un enfant mort.<\/p>\n<p style=\"text-align: justify;\"><strong>\u00a0\u00a0\u00a0\u00a0\u00a0\u00a0\u00a0\u00a0 <\/strong>En 1931, fut organis\u00e9e \u00e0 Munich, dans le <em>Glaspalast<\/em>, une prestigieuse exposition consacr\u00e9e \u00e0 la peinture romantique allemande. Un incendie criminel d\u00e9truit compl\u00e8tement l\u2019immense verri\u00e8re. Plus de mille peintures et sculptures furent endommag\u00e9es, et plus de 110\u00a0\u0153uvres du d\u00e9but du XIX<sup>e<\/sup>\u00a0si\u00e8cle furent enti\u00e8rement d\u00e9truites, dont celle-ci avec d\u2019autres peintures de Carus, Friedrich, Schwind, Blechen et\u00a0 Runge. Seules 80 purent \u00eatre sauv\u00e9es parmi les d\u00e9combres.<\/p>\n<p style=\"text-align: justify;\">\u00a0\u00a0\u00a0\u00a0\u00a0\u00a0 Le tableau doit rendre cette impression d\u2019\u00e9pouvante qui a inspir\u00e9 tant d\u2019\u00e9crivains et compositeurs (notamment Schubert). En m\u00eame temps que la peinture, Carus excella en m\u00e9decine g\u00e9n\u00e9rale, anatomie, botanique, et g\u00e9ologie. Ainsi, le paysage est pour lui la traduction d\u2019un inconscient organique de la nature, l\u2019\u0153uvre de forces prom\u00e9th\u00e9ennes, le lieu de manifestation d\u2019esprits malins (les feux follets accompagnant les Elfes). Le ciel nocturne devra sembler peser lourdement sur la terre trait\u00e9e m\u00e9ticuleusement. Il nous faut rendre cette puissance. \u00ab\u00a0La nature, \u00e9crit Carus, en tant qu\u2019elle provoque sans interruption de nouveaux ph\u00e9nom\u00e8nes ou signes de sa vie int\u00e9rieure, est l\u2019organisme absolu ou macrocosme\u00a0\u00bb. Concernant la m\u00e9thode utilis\u00e9e ici, nous avons suivi les indications fournies par Goethe et appliqu\u00e9e par Carus\u00a0: la toile est pr\u00e9par\u00e9e en gris. Il s\u2019agit du principe des trois plans. On commence par l\u2019arri\u00e8re-plan, le ciel et les lointains, fond\u00e9 sur le bleu, puis le plan m\u00e9dian fond\u00e9 sur le vert. Le premier plan est travaill\u00e9 ensuite consciencieusement dans un ton plus brun. L\u2019aspect final est une surface brillante extr\u00eamement lisse.<\/p>\n<figure id=\"attachment_912\" aria-describedby=\"caption-attachment-912\" style=\"width: 374px\" class=\"wp-caption alignnone\"><a href=\"https:\/\/i0.wp.com\/tableauxdisparus.fr\/wp-content\/uploads\/2015\/10\/glaspalast-002.gif?ssl=1\"><img data-recalc-dims=\"1\" loading=\"lazy\" decoding=\"async\" class=\"wp-image-912 \" src=\"https:\/\/i0.wp.com\/tableauxdisparus.fr\/wp-content\/uploads\/2015\/10\/glaspalast-002.gif?resize=374%2C264&#038;ssl=1\" alt=\"glaspalast-002\" width=\"374\" height=\"264\" \/><\/a><figcaption id=\"caption-attachment-912\" class=\"wp-caption-text\">Le <em>Glaspalast<\/em> inaugur\u00e9 en 1854, incendi\u00e9 en 1931, o\u00f9 fut d\u00e9truit le tableau de Carus.<\/figcaption><\/figure>\n<p style=\"text-align: right;\">(c) Daniel Lagoutte<\/p>\n<p>&nbsp;<\/p>\n<p>&nbsp;<\/p>\n","protected":false},"excerpt":{"rendered":"<p>Le Roi des Aulnes, 1825, huile sur toile, 54 x 71 cm Ce tableau disparu a pour th\u00e8me un court po\u00e8me \u00e9crit par Goethe en 1782 intitul\u00e9 Le Roi des Aulnes et qui connut en son temps un grand succ\u00e8s. Goethe reprend une vieille tradition des peuples germaniques. Le roi des Aulnes r\u00e8gne sur un &hellip; <a href=\"https:\/\/tableauxdisparus.fr\/?page_id=916\" class=\"more-link\">Continuer la lecture de <span class=\"screen-reader-text\">Carus, Carl Gustav (1789 &#8211; 1869)<\/span><\/a><\/p>\n","protected":false},"author":2,"featured_media":0,"parent":0,"menu_order":0,"comment_status":"closed","ping_status":"closed","template":"","meta":{"footnotes":""},"class_list":["post-916","page","type-page","status-publish","hentry"],"jetpack_sharing_enabled":true,"_links":{"self":[{"href":"https:\/\/tableauxdisparus.fr\/index.php?rest_route=\/wp\/v2\/pages\/916","targetHints":{"allow":["GET"]}}],"collection":[{"href":"https:\/\/tableauxdisparus.fr\/index.php?rest_route=\/wp\/v2\/pages"}],"about":[{"href":"https:\/\/tableauxdisparus.fr\/index.php?rest_route=\/wp\/v2\/types\/page"}],"author":[{"embeddable":true,"href":"https:\/\/tableauxdisparus.fr\/index.php?rest_route=\/wp\/v2\/users\/2"}],"replies":[{"embeddable":true,"href":"https:\/\/tableauxdisparus.fr\/index.php?rest_route=%2Fwp%2Fv2%2Fcomments&post=916"}],"version-history":[{"count":5,"href":"https:\/\/tableauxdisparus.fr\/index.php?rest_route=\/wp\/v2\/pages\/916\/revisions"}],"predecessor-version":[{"id":924,"href":"https:\/\/tableauxdisparus.fr\/index.php?rest_route=\/wp\/v2\/pages\/916\/revisions\/924"}],"wp:attachment":[{"href":"https:\/\/tableauxdisparus.fr\/index.php?rest_route=%2Fwp%2Fv2%2Fmedia&parent=916"}],"curies":[{"name":"wp","href":"https:\/\/api.w.org\/{rel}","templated":true}]}}