{"id":948,"date":"2015-10-10T14:38:28","date_gmt":"2015-10-10T13:38:28","guid":{"rendered":"http:\/\/tableauxdisparus.fr\/?page_id=948"},"modified":"2015-10-11T15:20:56","modified_gmt":"2015-10-11T14:20:56","slug":"picasso-larlequin","status":"publish","type":"page","link":"https:\/\/tableauxdisparus.fr\/?page_id=948","title":{"rendered":"Picasso, Pablo (1881 &#8211; 1973)"},"content":{"rendered":"<h2><strong><em>T\u00eate d\u2019Arlequin<\/em><\/strong><strong>, 1971, e<\/strong><strong>ncre et plume d\u2019encre de Chine, pastel gras et craie, <\/strong><strong>24 x 33 cm<\/strong><\/h2>\n<figure id=\"attachment_723\" aria-describedby=\"caption-attachment-723\" style=\"width: 319px\" class=\"wp-caption alignnone\"><a href=\"https:\/\/i0.wp.com\/tableauxdisparus.fr\/wp-content\/uploads\/2015\/09\/DSC02110.jpg?ssl=1\"><img data-recalc-dims=\"1\" loading=\"lazy\" decoding=\"async\" class=\"wp-image-723\" src=\"https:\/\/i0.wp.com\/tableauxdisparus.fr\/wp-content\/uploads\/2015\/09\/DSC02110.jpg?resize=319%2C479&#038;ssl=1\" alt=\"DSC02110\" width=\"319\" height=\"479\" srcset=\"https:\/\/i0.wp.com\/tableauxdisparus.fr\/wp-content\/uploads\/2015\/09\/DSC02110.jpg?resize=200%2C300&amp;ssl=1 200w, https:\/\/i0.wp.com\/tableauxdisparus.fr\/wp-content\/uploads\/2015\/09\/DSC02110.jpg?w=213&amp;ssl=1 213w\" sizes=\"auto, (max-width: 319px) 100vw, 319px\" \/><\/a><figcaption id=\"caption-attachment-723\" class=\"wp-caption-text\">Restitution du tableau disparu.<\/figcaption><\/figure>\n<p style=\"text-align: justify;\">Ce visage d\u2019Arlequin, c\u2019est le double de Picasso m\u00e9lancolique qui incarne la solitude et la fragilit\u00e9. L\u2019artiste est alors \u00e2g\u00e9 de 90 ans. Cette \u0153uvre a \u00e9t\u00e9 vol\u00e9e au mus\u00e9e de <em>Kunsthal <\/em>de Rotterdam avec d\u2019autres en octobre 2012.<\/p>\n<p style=\"text-align: justify;\">\u00a0\u00a0\u00a0\u00a0\u00a0\u00a0\u00a0\u00a0\u00a0\u00a0\u00a0 Quatre jours apr\u00e8s une perquisition des enqu\u00eateurs roumains, le 13 f\u00e9vrier 2013, La m\u00e8re du voleur, Olga Dogaru a d\u00e9cid\u00e9 de br\u00fbler les tableaux dans \u00ab\u00a0l&rsquo;espoir qu&rsquo;il n&rsquo;y ait aucune preuve et que les suspects ne puissent pas \u00eatre condamn\u00e9s\u00a0\u00bb. \u00ab\u00a0J&rsquo;ai mis le colis dans lequel \u00e9tait les tableaux dans le po\u00eale, j&rsquo;ai mis quelques b\u00fbches, des pantoufles, des chaussons en caoutchouc et j&rsquo;ai attendu qu&rsquo;ils br\u00fblent compl\u00e8tement\u00a0\u00bb.<\/p>\n<p style=\"text-align: justify;\">\u00a0\u00a0\u00a0\u00a0\u00a0\u00a0\u00a0\u00a0\u00a0\u00a0\u00a0 Pour figurer ce personnage, on s\u2019est laiss\u00e9 investir par le plaisir du geste, par les trac\u00e9s qui jouent en se r\u00e9p\u00e9tant ou en s\u2019opposant.<\/p>\n<figure id=\"attachment_218\" aria-describedby=\"caption-attachment-218\" style=\"width: 300px\" class=\"wp-caption alignnone\"><a href=\"https:\/\/i0.wp.com\/tableauxdisparus.fr\/wp-content\/uploads\/2015\/07\/P1040676.jpg?ssl=1\"><img data-recalc-dims=\"1\" loading=\"lazy\" decoding=\"async\" class=\"wp-image-218 size-medium\" src=\"https:\/\/i0.wp.com\/tableauxdisparus.fr\/wp-content\/uploads\/2015\/07\/P1040676.jpg?resize=300%2C225&#038;ssl=1\" alt=\"P1040676\" width=\"300\" height=\"225\" srcset=\"https:\/\/i0.wp.com\/tableauxdisparus.fr\/wp-content\/uploads\/2015\/07\/P1040676.jpg?resize=300%2C225&amp;ssl=1 300w, https:\/\/i0.wp.com\/tableauxdisparus.fr\/wp-content\/uploads\/2015\/07\/P1040676.jpg?w=320&amp;ssl=1 320w\" sizes=\"auto, (max-width: 300px) 100vw, 300px\" \/><\/a><figcaption id=\"caption-attachment-218\" class=\"wp-caption-text\">La maison d&rsquo;Olga Doragu, \u00e0 Carcaliu (Roumanie), o\u00f9 ont br\u00fbl\u00e9 six \u00e0 sept toiles de ma\u00eetres vol\u00e9es par son fils.<\/figcaption><\/figure>\n<p style=\"text-align: right;\">(c) Daniel Lagoutte<\/p>\n<p style=\"text-align: justify;\">\n","protected":false},"excerpt":{"rendered":"<p>T\u00eate d\u2019Arlequin, 1971, encre et plume d\u2019encre de Chine, pastel gras et craie, 24 x 33 cm Ce visage d\u2019Arlequin, c\u2019est le double de Picasso m\u00e9lancolique qui incarne la solitude et la fragilit\u00e9. L\u2019artiste est alors \u00e2g\u00e9 de 90 ans. Cette \u0153uvre a \u00e9t\u00e9 vol\u00e9e au mus\u00e9e de Kunsthal de Rotterdam avec d\u2019autres en octobre &hellip; <a href=\"https:\/\/tableauxdisparus.fr\/?page_id=948\" class=\"more-link\">Continuer la lecture de <span class=\"screen-reader-text\">Picasso, Pablo (1881 &#8211; 1973)<\/span><\/a><\/p>\n","protected":false},"author":2,"featured_media":0,"parent":0,"menu_order":0,"comment_status":"closed","ping_status":"closed","template":"","meta":{"footnotes":""},"class_list":["post-948","page","type-page","status-publish","hentry"],"jetpack_sharing_enabled":true,"_links":{"self":[{"href":"https:\/\/tableauxdisparus.fr\/index.php?rest_route=\/wp\/v2\/pages\/948","targetHints":{"allow":["GET"]}}],"collection":[{"href":"https:\/\/tableauxdisparus.fr\/index.php?rest_route=\/wp\/v2\/pages"}],"about":[{"href":"https:\/\/tableauxdisparus.fr\/index.php?rest_route=\/wp\/v2\/types\/page"}],"author":[{"embeddable":true,"href":"https:\/\/tableauxdisparus.fr\/index.php?rest_route=\/wp\/v2\/users\/2"}],"replies":[{"embeddable":true,"href":"https:\/\/tableauxdisparus.fr\/index.php?rest_route=%2Fwp%2Fv2%2Fcomments&post=948"}],"version-history":[{"count":4,"href":"https:\/\/tableauxdisparus.fr\/index.php?rest_route=\/wp\/v2\/pages\/948\/revisions"}],"predecessor-version":[{"id":957,"href":"https:\/\/tableauxdisparus.fr\/index.php?rest_route=\/wp\/v2\/pages\/948\/revisions\/957"}],"wp:attachment":[{"href":"https:\/\/tableauxdisparus.fr\/index.php?rest_route=%2Fwp%2Fv2%2Fmedia&parent=948"}],"curies":[{"name":"wp","href":"https:\/\/api.w.org\/{rel}","templated":true}]}}