{"id":95,"date":"2015-06-26T15:19:53","date_gmt":"2015-06-26T14:19:53","guid":{"rendered":"http:\/\/tableauxdetruits.fr\/?page_id=95"},"modified":"2016-12-12T13:49:45","modified_gmt":"2016-12-12T12:49:45","slug":"la-tour-de-chevaux-bleus-1913-huile-sur-toile-194-x-130-cm","status":"publish","type":"page","link":"https:\/\/tableauxdisparus.fr\/?page_id=95","title":{"rendered":"Marc, Franz (1880-1916)"},"content":{"rendered":"<hr \/>\n<h2><em>La Tour des chevaux bleus<\/em>, 1913, huile sur toile, 194 x 130 cm<\/h2>\n<figure id=\"attachment_175\" aria-describedby=\"caption-attachment-175\" style=\"width: 225px\" class=\"wp-caption alignnone\"><a href=\"https:\/\/i0.wp.com\/tableauxdisparus.fr\/wp-content\/uploads\/2015\/07\/P1040486.jpg?ssl=1\"><img data-recalc-dims=\"1\" loading=\"lazy\" decoding=\"async\" class=\"wp-image-175 size-medium\" src=\"https:\/\/i0.wp.com\/tableauxdisparus.fr\/wp-content\/uploads\/2015\/07\/P1040486.jpg?resize=225%2C300&#038;ssl=1\" alt=\"P1040486\" width=\"225\" height=\"300\" srcset=\"https:\/\/i0.wp.com\/tableauxdisparus.fr\/wp-content\/uploads\/2015\/07\/P1040486.jpg?resize=225%2C300&amp;ssl=1 225w, https:\/\/i0.wp.com\/tableauxdisparus.fr\/wp-content\/uploads\/2015\/07\/P1040486.jpg?w=240&amp;ssl=1 240w\" sizes=\"auto, (max-width: 225px) 100vw, 225px\" \/><\/a><figcaption id=\"caption-attachment-175\" class=\"wp-caption-text\">Restitution du tableau disparu de Franz Marc.<\/figcaption><\/figure>\n<figure id=\"attachment_219\" aria-describedby=\"caption-attachment-219\" style=\"width: 225px\" class=\"wp-caption alignnone\"><a href=\"https:\/\/i0.wp.com\/tableauxdisparus.fr\/wp-content\/uploads\/2015\/07\/P1040411.jpg?ssl=1\"><img data-recalc-dims=\"1\" loading=\"lazy\" decoding=\"async\" class=\"wp-image-219 size-medium\" src=\"https:\/\/i0.wp.com\/tableauxdisparus.fr\/wp-content\/uploads\/2015\/07\/P1040411.jpg?resize=225%2C300&#038;ssl=1\" alt=\"P1040411\" width=\"225\" height=\"300\" srcset=\"https:\/\/i0.wp.com\/tableauxdisparus.fr\/wp-content\/uploads\/2015\/07\/P1040411.jpg?resize=225%2C300&amp;ssl=1 225w, https:\/\/i0.wp.com\/tableauxdisparus.fr\/wp-content\/uploads\/2015\/07\/P1040411.jpg?w=240&amp;ssl=1 240w\" sizes=\"auto, (max-width: 225px) 100vw, 225px\" \/><\/a><figcaption id=\"caption-attachment-219\" class=\"wp-caption-text\">Travail en cours de r\u00e9alisation.<\/figcaption><\/figure>\n<p><em>La Tour des chevaux bleus<\/em> est l&rsquo;\u0153uvre la plus c\u00e9l\u00e8bre de Franz Marc. Mais le tableau a disparu, connu uniquement par des reproductions de taille modeste. Seuls des rapports de t\u00e9moins oculaires peuvent nous rappeler aujourd&rsquo;hui encore ce que fut le rayonnement du tableau : \u00ab\u00a0une toile de 2 m\u00e8tres de haut et de 1,30 m\u00e8tre de large nous tient sous son charme&#8230; Comme une vision, un groupe de quatre chevaux flamboie devant nous&#8230; Le corps puissant du premier animal ne mesure gu\u00e8re moins que la grandeur nature. Le cheval semble se pousser vers l&rsquo;avant depuis les profondeurs et ralentir juste devant l&rsquo;observateur&#8230;\u00a0\u00bb<\/p>\n<p style=\"text-align: justify;\">Son dernier d\u00e9tenteur a \u00e9t\u00e9 Hermann Goering qui avait r\u00e9cup\u00e9r\u00e9\u00a0le tableau\u00a0en 1937 apr\u00e8s son retrait de l&rsquo;exposition d&rsquo;art d\u00e9g\u00e9n\u00e9r\u00e9 organis\u00e9e par les nazis. Sa villa fut dynamit\u00e9e le 28 avril 1945 par une \u00e9quipe de d\u00e9molition de la Luftwaffe. On pense que la peinture fut d\u00e9truite \u00e0 ce moment-l\u00e0.<\/p>\n<p style=\"text-align: justify;\">Les dimensions de la toile entra\u00eenent un travail gestuel, \u00e0 un\u00a0 corps \u00e0 corps avec l&rsquo;espace pictural : grands rythmes, vastes aplats color\u00e9s, r\u00e9p\u00e9tition d&rsquo;accents color\u00e9s. Par cette autorit\u00e9 du coup de brosse, il s&rsquo;agit de montrer notre pouvoir d&rsquo;homme face \u00e0 l&rsquo;animal que nous dominons en arr\u00eatant son mouvement. Cette masse de chevaux cosmiques se dresse devant nous. En nous identifiant \u00e0 l&rsquo;artiste, l&rsquo;implication du peintre capable de ma\u00eetriser sa crainte doit \u00e0 son tour intens\u00e9ment appara\u00eetre.<\/p>\n<figure id=\"attachment_248\" aria-describedby=\"caption-attachment-248\" style=\"width: 300px\" class=\"wp-caption alignnone\"><a href=\"https:\/\/i0.wp.com\/tableauxdisparus.fr\/wp-content\/uploads\/2015\/07\/P1040686.jpg?ssl=1\"><img data-recalc-dims=\"1\" loading=\"lazy\" decoding=\"async\" class=\"wp-image-248 size-medium\" src=\"https:\/\/i0.wp.com\/tableauxdisparus.fr\/wp-content\/uploads\/2015\/07\/P1040686.jpg?resize=300%2C225&#038;ssl=1\" alt=\"P1040686\" width=\"300\" height=\"225\" srcset=\"https:\/\/i0.wp.com\/tableauxdisparus.fr\/wp-content\/uploads\/2015\/07\/P1040686.jpg?resize=300%2C225&amp;ssl=1 300w, https:\/\/i0.wp.com\/tableauxdisparus.fr\/wp-content\/uploads\/2015\/07\/P1040686.jpg?w=320&amp;ssl=1 320w\" sizes=\"auto, (max-width: 300px) 100vw, 300px\" \/><\/a><figcaption id=\"caption-attachment-248\" class=\"wp-caption-text\">La villa de Goering appel\u00e9e <em>Carinhall<\/em> o\u00f9 fut conserv\u00e9 le tableau disparu.<\/figcaption><\/figure>\n<p>&nbsp;<\/p>\n<p style=\"text-align: right;\">\u00a0(c) Daniel Lagoutte<\/p>\n","protected":false},"excerpt":{"rendered":"<p>La Tour des chevaux bleus, 1913, huile sur toile, 194 x 130 cm La Tour des chevaux bleus est l&rsquo;\u0153uvre la plus c\u00e9l\u00e8bre de Franz Marc. Mais le tableau a disparu, connu uniquement par des reproductions de taille modeste. Seuls des rapports de t\u00e9moins oculaires peuvent nous rappeler aujourd&rsquo;hui encore ce que fut le rayonnement &hellip; <a href=\"https:\/\/tableauxdisparus.fr\/?page_id=95\" class=\"more-link\">Continuer la lecture de <span class=\"screen-reader-text\">Marc, Franz (1880-1916)<\/span><\/a><\/p>\n","protected":false},"author":2,"featured_media":0,"parent":0,"menu_order":0,"comment_status":"closed","ping_status":"closed","template":"","meta":{"footnotes":""},"class_list":["post-95","page","type-page","status-publish","hentry"],"jetpack_sharing_enabled":true,"_links":{"self":[{"href":"https:\/\/tableauxdisparus.fr\/index.php?rest_route=\/wp\/v2\/pages\/95","targetHints":{"allow":["GET"]}}],"collection":[{"href":"https:\/\/tableauxdisparus.fr\/index.php?rest_route=\/wp\/v2\/pages"}],"about":[{"href":"https:\/\/tableauxdisparus.fr\/index.php?rest_route=\/wp\/v2\/types\/page"}],"author":[{"embeddable":true,"href":"https:\/\/tableauxdisparus.fr\/index.php?rest_route=\/wp\/v2\/users\/2"}],"replies":[{"embeddable":true,"href":"https:\/\/tableauxdisparus.fr\/index.php?rest_route=%2Fwp%2Fv2%2Fcomments&post=95"}],"version-history":[{"count":21,"href":"https:\/\/tableauxdisparus.fr\/index.php?rest_route=\/wp\/v2\/pages\/95\/revisions"}],"predecessor-version":[{"id":1514,"href":"https:\/\/tableauxdisparus.fr\/index.php?rest_route=\/wp\/v2\/pages\/95\/revisions\/1514"}],"wp:attachment":[{"href":"https:\/\/tableauxdisparus.fr\/index.php?rest_route=%2Fwp%2Fv2%2Fmedia&parent=95"}],"curies":[{"name":"wp","href":"https:\/\/api.w.org\/{rel}","templated":true}]}}