{"id":971,"date":"2015-11-02T19:09:46","date_gmt":"2015-11-02T18:09:46","guid":{"rendered":"http:\/\/tableauxdisparus.fr\/?page_id=971"},"modified":"2015-11-05T20:19:36","modified_gmt":"2015-11-05T19:19:36","slug":"magritte-1898-1967","status":"publish","type":"page","link":"https:\/\/tableauxdisparus.fr\/?page_id=971","title":{"rendered":"Magritte, Ren\u00e9 (1898-1967)"},"content":{"rendered":"<h2><em>Le Barbare<\/em>, 1927, huile sur toile, 30 x 40 cm<\/h2>\n<figure id=\"attachment_985\" aria-describedby=\"caption-attachment-985\" style=\"width: 244px\" class=\"wp-caption alignnone\"><a href=\"https:\/\/i0.wp.com\/tableauxdisparus.fr\/wp-content\/uploads\/2015\/11\/P10408901.jpg?ssl=1\"><img data-recalc-dims=\"1\" loading=\"lazy\" decoding=\"async\" class=\"wp-image-985 size-medium\" src=\"https:\/\/i0.wp.com\/tableauxdisparus.fr\/wp-content\/uploads\/2015\/11\/P10408901.jpg?resize=244%2C300&#038;ssl=1\" alt=\"P1040890\" width=\"244\" height=\"300\" srcset=\"https:\/\/i0.wp.com\/tableauxdisparus.fr\/wp-content\/uploads\/2015\/11\/P10408901.jpg?resize=244%2C300&amp;ssl=1 244w, https:\/\/i0.wp.com\/tableauxdisparus.fr\/wp-content\/uploads\/2015\/11\/P10408901.jpg?w=260&amp;ssl=1 260w\" sizes=\"auto, (max-width: 244px) 100vw, 244px\" \/><\/a><figcaption id=\"caption-attachment-985\" class=\"wp-caption-text\">Le tableau de Magritte restitu\u00e9.<\/figcaption><\/figure>\n<p>&nbsp;<\/p>\n<figure id=\"attachment_982\" aria-describedby=\"caption-attachment-982\" style=\"width: 194px\" class=\"wp-caption alignnone\"><a href=\"https:\/\/i0.wp.com\/tableauxdisparus.fr\/wp-content\/uploads\/2015\/11\/Fantomas19111.jpg?ssl=1\"><img data-recalc-dims=\"1\" loading=\"lazy\" decoding=\"async\" class=\"wp-image-982 size-medium\" src=\"https:\/\/i0.wp.com\/tableauxdisparus.fr\/wp-content\/uploads\/2015\/11\/Fantomas19111.jpg?resize=194%2C300&#038;ssl=1\" alt=\"Fantomas1911[1]\" width=\"194\" height=\"300\" srcset=\"https:\/\/i0.wp.com\/tableauxdisparus.fr\/wp-content\/uploads\/2015\/11\/Fantomas19111.jpg?resize=194%2C300&amp;ssl=1 194w, https:\/\/i0.wp.com\/tableauxdisparus.fr\/wp-content\/uploads\/2015\/11\/Fantomas19111.jpg?w=207&amp;ssl=1 207w\" sizes=\"auto, (max-width: 194px) 100vw, 194px\" \/><\/a><figcaption id=\"caption-attachment-982\" class=\"wp-caption-text\">L&rsquo;illustration de Gino Starace.<\/figcaption><\/figure>\n<p style=\"text-align: justify;\">L\u2019image de ce tableau se r\u00e9f\u00e8re \u00e0 celle de <em>Fant\u00f4mas<\/em>, roman feuilleton \u00e0 succ\u00e8s populaire de Marcel Allain et Pierre Souvestre, publi\u00e9 entre 1911 et 1913 chez Fayard. Magritte reproduit int\u00e9gralement la partie sup\u00e9rieure de l\u2019illustration de Gino Starace, dans laquelle Fant\u00f4mas r\u00e8gne sur Paris, qu&rsquo;il enjambe\u00a0un couteau \u00e0 la main. Ici, la silhouette transparente de Fant\u00f4mas traverse un mur en brique. Ainsi pouvait-il commettre ses m\u00e9faits. Cette mani\u00e8re de m\u00ealer deux mati\u00e8res, un mur et un\u00a0 personnage,\u00a0entrait dans le projet surr\u00e9aliste de m\u00e9tamorphose d\u2019une chose en une autre, la fiction se m\u00ealant au r\u00e9el. Magritte poursuit ce jeu de rencontre inopin\u00e9e\u00a0; \u00e0 la repr\u00e9sentation d\u2019un personnage malveillant, il donne un intitul\u00e9 qui en est un commentaire\u00a0: le barbare.<\/p>\n<p style=\"text-align: justify;\">\u00a0\u00a0\u00a0\u00a0\u00a0\u00a0\u00a0\u00a0\u00a0\u00a0\u00a0 Le tableau a \u00e9t\u00e9 d\u00e9truit\u00a0lors d&rsquo;un des premiers bombardements allemands sur Londres en 1940.<\/p>\n<p style=\"text-align: justify;\">\u00a0\u00a0\u00a0\u00a0\u00a0\u00a0\u00a0\u00a0\u00a0\u00a0\u00a0\u00a0\u00a0\u00a0\u00a0 Il n\u2019y a pas \u00e0 chercher de qualit\u00e9 picturale \u00e0 cette peinture qui ne vise pas un effet esth\u00e9tique particulier. Magritte a bouscul\u00e9 nos mani\u00e8res de voir par l\u2019impact d\u2019\u0153uvres comme celle-ci qui fonctionne sur le registre de la rh\u00e9torique et non sur celui de la plasticit\u00e9 (\u00e0 ce niveau, on peut reconna\u00eetre que l\u2019illustration de Starace avait davantage de qualit\u00e9s esth\u00e9tiques).<\/p>\n<figure id=\"attachment_979\" aria-describedby=\"caption-attachment-979\" style=\"width: 300px\" class=\"wp-caption alignnone\"><a href=\"https:\/\/i0.wp.com\/tableauxdisparus.fr\/wp-content\/uploads\/2015\/11\/stpaulblitz1.jpg?ssl=1\"><img data-recalc-dims=\"1\" loading=\"lazy\" decoding=\"async\" class=\"wp-image-979 size-medium\" src=\"https:\/\/i0.wp.com\/tableauxdisparus.fr\/wp-content\/uploads\/2015\/11\/stpaulblitz1.jpg?resize=300%2C225&#038;ssl=1\" alt=\"stpaulblitz[1]\" width=\"300\" height=\"225\" srcset=\"https:\/\/i0.wp.com\/tableauxdisparus.fr\/wp-content\/uploads\/2015\/11\/stpaulblitz1.jpg?resize=300%2C225&amp;ssl=1 300w, https:\/\/i0.wp.com\/tableauxdisparus.fr\/wp-content\/uploads\/2015\/11\/stpaulblitz1.jpg?w=320&amp;ssl=1 320w\" sizes=\"auto, (max-width: 300px) 100vw, 300px\" \/><\/a><figcaption id=\"caption-attachment-979\" class=\"wp-caption-text\">Le tableau est d\u00e9truit pendant le Blitz \u00e0 Londres en 1940.<\/figcaption><\/figure>\n<p style=\"text-align: right;\">\u00a0(c) Daniel Lagoutte<\/p>\n<p>&nbsp;<\/p>\n","protected":false},"excerpt":{"rendered":"<p>Le Barbare, 1927, huile sur toile, 30 x 40 cm &nbsp; L\u2019image de ce tableau se r\u00e9f\u00e8re \u00e0 celle de Fant\u00f4mas, roman feuilleton \u00e0 succ\u00e8s populaire de Marcel Allain et Pierre Souvestre, publi\u00e9 entre 1911 et 1913 chez Fayard. Magritte reproduit int\u00e9gralement la partie sup\u00e9rieure de l\u2019illustration de Gino Starace, dans laquelle Fant\u00f4mas r\u00e8gne sur &hellip; <a href=\"https:\/\/tableauxdisparus.fr\/?page_id=971\" class=\"more-link\">Continuer la lecture de <span class=\"screen-reader-text\">Magritte, Ren\u00e9 (1898-1967)<\/span><\/a><\/p>\n","protected":false},"author":2,"featured_media":0,"parent":0,"menu_order":0,"comment_status":"closed","ping_status":"closed","template":"","meta":{"footnotes":""},"class_list":["post-971","page","type-page","status-publish","hentry"],"jetpack_sharing_enabled":true,"_links":{"self":[{"href":"https:\/\/tableauxdisparus.fr\/index.php?rest_route=\/wp\/v2\/pages\/971","targetHints":{"allow":["GET"]}}],"collection":[{"href":"https:\/\/tableauxdisparus.fr\/index.php?rest_route=\/wp\/v2\/pages"}],"about":[{"href":"https:\/\/tableauxdisparus.fr\/index.php?rest_route=\/wp\/v2\/types\/page"}],"author":[{"embeddable":true,"href":"https:\/\/tableauxdisparus.fr\/index.php?rest_route=\/wp\/v2\/users\/2"}],"replies":[{"embeddable":true,"href":"https:\/\/tableauxdisparus.fr\/index.php?rest_route=%2Fwp%2Fv2%2Fcomments&post=971"}],"version-history":[{"count":10,"href":"https:\/\/tableauxdisparus.fr\/index.php?rest_route=\/wp\/v2\/pages\/971\/revisions"}],"predecessor-version":[{"id":989,"href":"https:\/\/tableauxdisparus.fr\/index.php?rest_route=\/wp\/v2\/pages\/971\/revisions\/989"}],"wp:attachment":[{"href":"https:\/\/tableauxdisparus.fr\/index.php?rest_route=%2Fwp%2Fv2%2Fmedia&parent=971"}],"curies":[{"name":"wp","href":"https:\/\/api.w.org\/{rel}","templated":true}]}}