{"id":98,"date":"2015-06-26T15:23:31","date_gmt":"2015-06-26T14:23:31","guid":{"rendered":"http:\/\/tableauxdetruits.fr\/?page_id=98"},"modified":"2017-04-29T18:24:34","modified_gmt":"2017-04-29T17:24:34","slug":"liseuse-en-blanc-et-jaune-1919-huile-sur-toile-27-x-35-cm","status":"publish","type":"page","link":"https:\/\/tableauxdisparus.fr\/?page_id=98","title":{"rendered":"MATISSE, Henri (1869-1954)"},"content":{"rendered":"<h2><em>Liseuse en blanc et jaune<\/em>, 1919, huile sur toile, 27 x 35 cm<\/h2>\n<figure id=\"attachment_176\" aria-describedby=\"caption-attachment-176\" style=\"width: 225px\" class=\"wp-caption alignnone\"><a href=\"https:\/\/i0.wp.com\/tableauxdisparus.fr\/wp-content\/uploads\/2015\/07\/026.jpg?ssl=1\"><img data-recalc-dims=\"1\" loading=\"lazy\" decoding=\"async\" class=\"wp-image-176 size-medium\" src=\"https:\/\/i0.wp.com\/tableauxdisparus.fr\/wp-content\/uploads\/2015\/07\/026.jpg?resize=225%2C300&#038;ssl=1\" alt=\"026\" width=\"225\" height=\"300\" srcset=\"https:\/\/i0.wp.com\/tableauxdisparus.fr\/wp-content\/uploads\/2015\/07\/026.jpg?resize=225%2C300&amp;ssl=1 225w, https:\/\/i0.wp.com\/tableauxdisparus.fr\/wp-content\/uploads\/2015\/07\/026.jpg?w=240&amp;ssl=1 240w\" sizes=\"auto, (max-width: 225px) 100vw, 225px\" \/><\/a><figcaption id=\"caption-attachment-176\" class=\"wp-caption-text\">Restitution du tableau disparu.<\/figcaption><\/figure>\n<figure id=\"attachment_213\" aria-describedby=\"caption-attachment-213\" style=\"width: 300px\" class=\"wp-caption alignright\"><a href=\"https:\/\/i0.wp.com\/tableauxdisparus.fr\/wp-content\/uploads\/2015\/07\/P1040673.jpg?ssl=1\"><img data-recalc-dims=\"1\" loading=\"lazy\" decoding=\"async\" class=\"wp-image-213 size-medium\" src=\"https:\/\/i0.wp.com\/tableauxdisparus.fr\/wp-content\/uploads\/2015\/07\/P1040673.jpg?resize=300%2C225&#038;ssl=1\" alt=\"P1040673\" width=\"300\" height=\"225\" srcset=\"https:\/\/i0.wp.com\/tableauxdisparus.fr\/wp-content\/uploads\/2015\/07\/P1040673.jpg?resize=300%2C225&amp;ssl=1 300w, https:\/\/i0.wp.com\/tableauxdisparus.fr\/wp-content\/uploads\/2015\/07\/P1040673.jpg?w=320&amp;ssl=1 320w\" sizes=\"auto, (max-width: 300px) 100vw, 300px\" \/><\/a><figcaption id=\"caption-attachment-213\" class=\"wp-caption-text\">Le tableau expos\u00e9.<\/figcaption><\/figure>\n<p>&nbsp;<\/p>\n<p>&nbsp;<\/p>\n<p>&nbsp;<\/p>\n<p>&nbsp;<\/p>\n<p>&nbsp;<\/p>\n<p>&nbsp;<\/p>\n<figure id=\"attachment_214\" aria-describedby=\"caption-attachment-214\" style=\"width: 300px\" class=\"wp-caption alignnone\"><a href=\"https:\/\/i0.wp.com\/tableauxdisparus.fr\/wp-content\/uploads\/2015\/07\/P1040674.jpg?ssl=1\"><img data-recalc-dims=\"1\" loading=\"lazy\" decoding=\"async\" class=\"wp-image-214 size-medium\" src=\"https:\/\/i0.wp.com\/tableauxdisparus.fr\/wp-content\/uploads\/2015\/07\/P1040674.jpg?resize=300%2C225&#038;ssl=1\" alt=\"P1040674\" width=\"300\" height=\"225\" srcset=\"https:\/\/i0.wp.com\/tableauxdisparus.fr\/wp-content\/uploads\/2015\/07\/P1040674.jpg?resize=300%2C225&amp;ssl=1 300w, https:\/\/i0.wp.com\/tableauxdisparus.fr\/wp-content\/uploads\/2015\/07\/P1040674.jpg?w=320&amp;ssl=1 320w\" sizes=\"auto, (max-width: 300px) 100vw, 300px\" \/><\/a><figcaption id=\"caption-attachment-214\" class=\"wp-caption-text\">Le tableau a \u00e9t\u00e9 vol\u00e9 au mus\u00e9e de Kunsthal de Rotterdam en octobre 2012.<\/figcaption><\/figure>\n<p style=\"text-align: justify;\">Ce tableau d\u00e9truit fait partie des sept peintures vol\u00e9es au\u00a0mus\u00e9e Kunsthal de Rotterdam en octobre 2012 et qui ont \u00e9t\u00e9 br\u00fbl\u00e9es en Roumanie, dans un po\u00eale, par la m\u00e8re du voleur. La police a retrouv\u00e9 \u00ab\u00a0<em>des restes de tableaux, un ou plusieurs, avec des traces de peinture bleue, jaune et rouge et des clous.\u00a0\u00bb<\/em>.<\/p>\n<p style=\"text-align: justify;\">Il subsistait une image en couleur de cette peinture disparue. Il fallait en retrouver l\u2019\u00e9clat propre \u00e0 Matisse. Pour cela se r\u00e9f\u00e9rer aux remarques \u00e9mises par l\u2019artiste lui-m\u00eame en 1908 et tenter d\u2019appliquer ses recommandations\u00a0: \u00ab\u00a0<em>Construisez avec des rapports de couleurs, proches et \u00e9loign\u00e9es \u2013 \u00e9quivalents aux rapports que vous voyez sur le mod\u00e8le. Il s\u2019agit de repr\u00e9senter le mod\u00e8le, ou tout autre sujet, et non de le copier\u2026 J\u2019ai toujours cherch\u00e9 \u00e0 copier le mod\u00e8le\u00a0; des consid\u00e9rations tr\u00e8s importantes m\u2019en ont souvent emp\u00each\u00e9. Pour mes \u00e9tudes, je choisissais une couleur de fond (ici le rouge et le vert) et un coloris g\u00e9n\u00e9ral pour le mod\u00e8le\u00a0(ici le bleu et le blanc) ; lesquels \u00e9taient \u00e9videmment temp\u00e9r\u00e9s pour les besoins de l\u2019ambiance, de l\u2019harmonie du fond et du mod\u00e8le, et de l\u2019unit\u00e9 de qualit\u00e9 sculpturale du mod\u00e8le.<\/em>\u00a0\u00bb<\/p>\n<p style=\"text-align: justify;\">\u00ab\u00a0<em>Peignez sur la toile blanche<\/em>\u2026\u00a0\u00bb \u00ab\u00a0<em>Souvent, on pose deux couleurs l\u2019une \u00e0 c\u00f4t\u00e9 de l\u2019autre. Elles ne s\u2019accordent pas comme on voudrait. C\u2019est en mettant une troisi\u00e8me que l\u2019on arrive au bel effet, au \u00ab\u00a0coup de clairon\u00a0\u00bb, comme disait Van Gogh \u00e0 Emile Bernard. Je prends sur ma palette des couleurs non m\u00e9lang\u00e9es et ce sont des nuances vierges que je pose sur ma toile.<\/em>\u00a0\u00bb<\/p>\n<p style=\"text-align: justify;\">Ici, le fond est rouge (rideau) et vert (le tapis). La liseuse en blanc et bleu. Pour \u00e9tablir l\u2019unit\u00e9, le jaune sera utilis\u00e9 pour le corsage et le tapis. Tout cela est tr\u00e8s peu modul\u00e9. Le noir du miroir r\u00e9pond au noir de la chevelure pour introduire un d\u00e9s\u00e9quilibre dans ce qui serait sinon trop \u00e9gal.<\/p>\n<p>&nbsp;<\/p>\n<figure id=\"attachment_215\" aria-describedby=\"caption-attachment-215\" style=\"width: 300px\" class=\"wp-caption alignnone\"><a href=\"https:\/\/i0.wp.com\/tableauxdetruits.fr\/wp-content\/uploads\/2015\/07\/P1040675.jpg\"><img data-recalc-dims=\"1\" loading=\"lazy\" decoding=\"async\" class=\"wp-image-215 size-medium\" src=\"https:\/\/i0.wp.com\/tableauxdisparus.fr\/wp-content\/uploads\/2015\/07\/P1040675.jpg?resize=300%2C225&#038;ssl=1\" alt=\"P1040675\" width=\"300\" height=\"225\" srcset=\"https:\/\/i0.wp.com\/tableauxdisparus.fr\/wp-content\/uploads\/2015\/07\/P1040675.jpg?resize=300%2C225&amp;ssl=1 300w, https:\/\/i0.wp.com\/tableauxdisparus.fr\/wp-content\/uploads\/2015\/07\/P1040675.jpg?w=320&amp;ssl=1 320w\" sizes=\"auto, (max-width: 300px) 100vw, 300px\" \/><\/a><figcaption id=\"caption-attachment-215\" class=\"wp-caption-text\">Le four o\u00f9 les tableaux vol\u00e9s ont \u00e9t\u00e9 br\u00fbl\u00e9s.<\/figcaption><\/figure>\n<p style=\"text-align: right;\">(c) Daniel Lagoutte<\/p>\n","protected":false},"excerpt":{"rendered":"<p>Liseuse en blanc et jaune, 1919, huile sur toile, 27 x 35 cm &nbsp; &nbsp; &nbsp; &nbsp; &nbsp; &nbsp; Ce tableau d\u00e9truit fait partie des sept peintures vol\u00e9es au\u00a0mus\u00e9e Kunsthal de Rotterdam en octobre 2012 et qui ont \u00e9t\u00e9 br\u00fbl\u00e9es en Roumanie, dans un po\u00eale, par la m\u00e8re du voleur. La police a retrouv\u00e9 \u00ab\u00a0des &hellip; <a href=\"https:\/\/tableauxdisparus.fr\/?page_id=98\" class=\"more-link\">Continuer la lecture de <span class=\"screen-reader-text\">MATISSE, Henri (1869-1954)<\/span><\/a><\/p>\n","protected":false},"author":2,"featured_media":0,"parent":0,"menu_order":0,"comment_status":"closed","ping_status":"closed","template":"","meta":{"footnotes":""},"class_list":["post-98","page","type-page","status-publish","hentry"],"jetpack_sharing_enabled":true,"_links":{"self":[{"href":"https:\/\/tableauxdisparus.fr\/index.php?rest_route=\/wp\/v2\/pages\/98","targetHints":{"allow":["GET"]}}],"collection":[{"href":"https:\/\/tableauxdisparus.fr\/index.php?rest_route=\/wp\/v2\/pages"}],"about":[{"href":"https:\/\/tableauxdisparus.fr\/index.php?rest_route=\/wp\/v2\/types\/page"}],"author":[{"embeddable":true,"href":"https:\/\/tableauxdisparus.fr\/index.php?rest_route=\/wp\/v2\/users\/2"}],"replies":[{"embeddable":true,"href":"https:\/\/tableauxdisparus.fr\/index.php?rest_route=%2Fwp%2Fv2%2Fcomments&post=98"}],"version-history":[{"count":27,"href":"https:\/\/tableauxdisparus.fr\/index.php?rest_route=\/wp\/v2\/pages\/98\/revisions"}],"predecessor-version":[{"id":1794,"href":"https:\/\/tableauxdisparus.fr\/index.php?rest_route=\/wp\/v2\/pages\/98\/revisions\/1794"}],"wp:attachment":[{"href":"https:\/\/tableauxdisparus.fr\/index.php?rest_route=%2Fwp%2Fv2%2Fmedia&parent=98"}],"curies":[{"name":"wp","href":"https:\/\/api.w.org\/{rel}","templated":true}]}}